{"id":153,"date":"2024-01-19T15:32:20","date_gmt":"2024-01-19T15:32:20","guid":{"rendered":"https:\/\/redvin.com.br\/red\/?page_id=153"},"modified":"2025-07-01T18:25:52","modified_gmt":"2025-07-01T18:25:52","slug":"salamanca-do-jarau","status":"publish","type":"page","link":"https:\/\/redvin.com.br\/red\/pt\/salamanca-do-jarau\/","title":{"rendered":"Salamanca do Jarau"},"content":{"rendered":"\t\t<div data-elementor-type=\"wp-page\" data-elementor-id=\"153\" class=\"elementor elementor-153\" data-elementor-post-type=\"page\">\n\t\t\t\t<div class=\"elementor-element elementor-element-b3b55ca e-flex e-con-boxed e-con e-parent\" data-id=\"b3b55ca\" data-element_type=\"container\">\n\t\t\t\t\t<div class=\"e-con-inner\">\n\t\t\t\t\t<\/div>\n\t\t\t\t<\/div>\n\t\t<div class=\"elementor-element elementor-element-0c47a20 e-con-full e-flex e-con e-parent\" data-id=\"0c47a20\" data-element_type=\"container\">\n\t\t<div class=\"elementor-element elementor-element-9f8f90b e-con-full e-flex e-con e-child\" data-id=\"9f8f90b\" data-element_type=\"container\">\n\t\t\t\t<div class=\"elementor-element elementor-element-04ef973 elementor-widget elementor-widget-image\" data-id=\"04ef973\" data-element_type=\"widget\" data-widget_type=\"image.default\">\n\t\t\t\t<div class=\"elementor-widget-container\">\n\t\t\t\t\t\t\t\t\t\t\t\t\t\t\t<img fetchpriority=\"high\" decoding=\"async\" width=\"384\" height=\"661\" src=\"https:\/\/redvin.com.br\/red\/wp-content\/uploads\/2024\/01\/Design-sem-nome23.png\" class=\"attachment-2048x2048 size-2048x2048 wp-image-31\" alt=\"\" srcset=\"https:\/\/redvin.com.br\/red\/wp-content\/uploads\/2024\/01\/Design-sem-nome23.png 384w, https:\/\/redvin.com.br\/red\/wp-content\/uploads\/2024\/01\/Design-sem-nome23-174x300.png 174w\" sizes=\"(max-width: 384px) 100vw, 384px\" \/>\t\t\t\t\t\t\t\t\t\t\t\t\t\t\t<\/div>\n\t\t\t\t<\/div>\n\t\t\t\t<\/div>\n\t\t<div class=\"elementor-element elementor-element-95350e7 e-con-full e-flex e-con e-child\" data-id=\"95350e7\" data-element_type=\"container\">\n\t\t\t\t<div class=\"elementor-element elementor-element-5c66a25 elementor-widget elementor-widget-text-editor\" data-id=\"5c66a25\" data-element_type=\"widget\" data-widget_type=\"text-editor.default\">\n\t\t\t\t<div class=\"elementor-widget-container\">\n\t\t\t\t\t\t\t\t\t<div><h2><strong>Salamanca do Jarau<\/strong><\/h2><p>Este Cabernet Sauvignon vem de um vinhedo \u00fanico (Single Vineyard).<\/p><p>A fermenta\u00e7\u00e3o ocorreu de forma espont\u00e2nea, isto \u00e9, sem adi\u00e7\u00e3o de leveduras selecionadas, logo maturou em barricas de carvalho franc\u00eas de segundo e terceiro uso.<\/p><p><em><strong>Somente 3.110 garrafas foram elaboradas.<\/strong> <\/em><\/p><p>Este vinho \u00e9 produzido somente nas melhores safras (2012-2013-2014-2016-2018-2020 hist\u00f3rica).<\/p><p>Vinho \u00edcone da Vin\u00edcola, elaborado com m\u00ednima interven\u00e7\u00e3o e sob o conceito de terroir extremo, aten\u00e7\u00e3o a todos os detalhes que valorizam a uva e a regi\u00e3o.<\/p><p>Celebra o folclore regional contando a lenda que inspira o r\u00f3tulo que foi imortalizado pelo artista pl\u00e1stico Gelson Radaelli.<\/p><p><strong>Variedade<\/strong>: 100% Cabernet Sauvignon de nossas melhores parcelas.<\/p><p><strong>Safra:<\/strong> 2022\u00a0<\/p><p><strong>Gradua\u00e7\u00e3o Alco\u00f3lica:<\/strong> 13,8%<\/p><p><strong>Volume:<\/strong> 750ml<\/p><\/div>\t\t\t\t\t\t\t\t<\/div>\n\t\t\t\t<\/div>\n\t\t\t\t<\/div>\n\t\t\t\t<\/div>\n\t\t<div class=\"elementor-element elementor-element-c456e08 e-flex e-con-boxed e-con e-parent\" data-id=\"c456e08\" data-element_type=\"container\">\n\t\t\t\t\t<div class=\"e-con-inner\">\n\t\t\t\t<div class=\"elementor-element elementor-element-92fa1a2 elementor-widget elementor-widget-heading\" data-id=\"92fa1a2\" data-element_type=\"widget\" data-widget_type=\"heading.default\">\n\t\t\t\t<div class=\"elementor-widget-container\">\n\t\t\t\t\t<h2 class=\"elementor-heading-title elementor-size-default\">Harmoniza com:<\/h2>\t\t\t\t<\/div>\n\t\t\t\t<\/div>\n\t\t<div class=\"elementor-element elementor-element-285861c e-flex e-con-boxed e-con e-child\" data-id=\"285861c\" data-element_type=\"container\">\n\t\t\t\t\t<div class=\"e-con-inner\">\n\t\t<div class=\"elementor-element elementor-element-60d39c7 e-con-full e-flex e-con e-child\" data-id=\"60d39c7\" data-element_type=\"container\">\n\t\t\t\t<div class=\"elementor-element elementor-element-a07a976 elementor-widget elementor-widget-image\" data-id=\"a07a976\" data-element_type=\"widget\" data-widget_type=\"image.default\">\n\t\t\t\t<div class=\"elementor-widget-container\">\n\t\t\t\t\t\t\t\t\t\t\t\t\t\t\t<img decoding=\"async\" width=\"250\" height=\"250\" src=\"https:\/\/redvin.com.br\/red\/wp-content\/uploads\/2024\/01\/3.png\" class=\"attachment-large size-large wp-image-156\" alt=\"\" srcset=\"https:\/\/redvin.com.br\/red\/wp-content\/uploads\/2024\/01\/3.png 250w, https:\/\/redvin.com.br\/red\/wp-content\/uploads\/2024\/01\/3-150x150.png 150w, https:\/\/redvin.com.br\/red\/wp-content\/uploads\/2024\/01\/3-12x12.png 12w\" sizes=\"(max-width: 250px) 100vw, 250px\" \/>\t\t\t\t\t\t\t\t\t\t\t\t\t\t\t<\/div>\n\t\t\t\t<\/div>\n\t\t\t\t<div class=\"elementor-element elementor-element-9ee5828 elementor-widget elementor-widget-heading\" data-id=\"9ee5828\" data-element_type=\"widget\" data-widget_type=\"heading.default\">\n\t\t\t\t<div class=\"elementor-widget-container\">\n\t\t\t\t\t<h2 class=\"elementor-heading-title elementor-size-default\">Massas com Funghi<\/h2>\t\t\t\t<\/div>\n\t\t\t\t<\/div>\n\t\t\t\t<\/div>\n\t\t<div class=\"elementor-element elementor-element-116e166 e-con-full e-flex e-con e-child\" data-id=\"116e166\" data-element_type=\"container\">\n\t\t\t\t<div class=\"elementor-element elementor-element-fad8a9e elementor-widget elementor-widget-image\" data-id=\"fad8a9e\" data-element_type=\"widget\" data-widget_type=\"image.default\">\n\t\t\t\t<div class=\"elementor-widget-container\">\n\t\t\t\t\t\t\t\t\t\t\t\t\t\t\t<img decoding=\"async\" width=\"250\" height=\"250\" src=\"https:\/\/redvin.com.br\/red\/wp-content\/uploads\/2024\/01\/4.png\" class=\"attachment-large size-large wp-image-157\" alt=\"\" srcset=\"https:\/\/redvin.com.br\/red\/wp-content\/uploads\/2024\/01\/4.png 250w, https:\/\/redvin.com.br\/red\/wp-content\/uploads\/2024\/01\/4-150x150.png 150w, https:\/\/redvin.com.br\/red\/wp-content\/uploads\/2024\/01\/4-12x12.png 12w\" sizes=\"(max-width: 250px) 100vw, 250px\" \/>\t\t\t\t\t\t\t\t\t\t\t\t\t\t\t<\/div>\n\t\t\t\t<\/div>\n\t\t\t\t<div class=\"elementor-element elementor-element-d4b6644 elementor-widget elementor-widget-heading\" data-id=\"d4b6644\" data-element_type=\"widget\" data-widget_type=\"heading.default\">\n\t\t\t\t<div class=\"elementor-widget-container\">\n\t\t\t\t\t<h2 class=\"elementor-heading-title elementor-size-default\">Carnes Vermelhas<\/h2>\t\t\t\t<\/div>\n\t\t\t\t<\/div>\n\t\t\t\t<\/div>\n\t\t<div class=\"elementor-element elementor-element-d420342 e-con-full e-flex e-con e-child\" data-id=\"d420342\" data-element_type=\"container\">\n\t\t\t\t<div class=\"elementor-element elementor-element-8aed6ca elementor-widget elementor-widget-image\" data-id=\"8aed6ca\" data-element_type=\"widget\" data-widget_type=\"image.default\">\n\t\t\t\t<div class=\"elementor-widget-container\">\n\t\t\t\t\t\t\t\t\t\t\t\t\t\t\t<img loading=\"lazy\" decoding=\"async\" width=\"250\" height=\"250\" src=\"https:\/\/redvin.com.br\/red\/wp-content\/uploads\/2024\/01\/1.png\" class=\"attachment-large size-large wp-image-154\" alt=\"\" srcset=\"https:\/\/redvin.com.br\/red\/wp-content\/uploads\/2024\/01\/1.png 250w, https:\/\/redvin.com.br\/red\/wp-content\/uploads\/2024\/01\/1-150x150.png 150w, https:\/\/redvin.com.br\/red\/wp-content\/uploads\/2024\/01\/1-12x12.png 12w\" sizes=\"(max-width: 250px) 100vw, 250px\" \/>\t\t\t\t\t\t\t\t\t\t\t\t\t\t\t<\/div>\n\t\t\t\t<\/div>\n\t\t\t\t<div class=\"elementor-element elementor-element-8b255cc elementor-widget elementor-widget-heading\" data-id=\"8b255cc\" data-element_type=\"widget\" data-widget_type=\"heading.default\">\n\t\t\t\t<div class=\"elementor-widget-container\">\n\t\t\t\t\t<h2 class=\"elementor-heading-title elementor-size-default\">Risotos com Molhos Fortes<\/h2>\t\t\t\t<\/div>\n\t\t\t\t<\/div>\n\t\t\t\t<\/div>\n\t\t<div class=\"elementor-element elementor-element-56c1c7c e-con-full e-flex e-con e-child\" data-id=\"56c1c7c\" data-element_type=\"container\">\n\t\t\t\t<div class=\"elementor-element elementor-element-e187c3b elementor-widget elementor-widget-image\" data-id=\"e187c3b\" data-element_type=\"widget\" data-widget_type=\"image.default\">\n\t\t\t\t<div class=\"elementor-widget-container\">\n\t\t\t\t\t\t\t\t\t\t\t\t\t\t\t<img loading=\"lazy\" decoding=\"async\" width=\"250\" height=\"250\" src=\"https:\/\/redvin.com.br\/red\/wp-content\/uploads\/2024\/01\/2.png\" class=\"attachment-large size-large wp-image-155\" alt=\"\" srcset=\"https:\/\/redvin.com.br\/red\/wp-content\/uploads\/2024\/01\/2.png 250w, https:\/\/redvin.com.br\/red\/wp-content\/uploads\/2024\/01\/2-150x150.png 150w, https:\/\/redvin.com.br\/red\/wp-content\/uploads\/2024\/01\/2-12x12.png 12w\" sizes=\"(max-width: 250px) 100vw, 250px\" \/>\t\t\t\t\t\t\t\t\t\t\t\t\t\t\t<\/div>\n\t\t\t\t<\/div>\n\t\t\t\t<div class=\"elementor-element elementor-element-ac673b6 elementor-widget elementor-widget-heading\" data-id=\"ac673b6\" data-element_type=\"widget\" data-widget_type=\"heading.default\">\n\t\t\t\t<div class=\"elementor-widget-container\">\n\t\t\t\t\t<h2 class=\"elementor-heading-title elementor-size-default\">Carne Vermelha Grelhada<\/h2>\t\t\t\t<\/div>\n\t\t\t\t<\/div>\n\t\t\t\t<\/div>\n\t\t\t\t\t<\/div>\n\t\t\t\t<\/div>\n\t\t\t\t\t<\/div>\n\t\t\t\t<\/div>\n\t\t<div class=\"elementor-element elementor-element-d0d24ed e-flex e-con-boxed e-con e-parent\" data-id=\"d0d24ed\" data-element_type=\"container\">\n\t\t\t\t\t<div class=\"e-con-inner\">\n\t\t\t\t<div class=\"elementor-element elementor-element-ba1bd5e elementor-align-center elementor-widget elementor-widget-button\" data-id=\"ba1bd5e\" data-element_type=\"widget\" data-widget_type=\"button.default\">\n\t\t\t\t<div class=\"elementor-widget-container\">\n\t\t\t\t\t\t\t\t\t<div class=\"elementor-button-wrapper\">\n\t\t\t\t\t<a class=\"elementor-button elementor-button-link elementor-size-sm\" href=\"http:\/\/redvin.com.br\/fichas\/Salamanca.pdf\" target=\"_blank\">\n\t\t\t\t\t\t<span class=\"elementor-button-content-wrapper\">\n\t\t\t\t\t\t\t\t\t<span class=\"elementor-button-text\">Baixe a Ficha T\u00e9cnica completa aqui<\/span>\n\t\t\t\t\t<\/span>\n\t\t\t\t\t<\/a>\n\t\t\t\t<\/div>\n\t\t\t\t\t\t\t\t<\/div>\n\t\t\t\t<\/div>\n\t\t\t\t\t<\/div>\n\t\t\t\t<\/div>\n\t\t\t\t<\/div>\n\t\t","protected":false},"excerpt":{"rendered":"<p>Este Cabernet Sauvignon vem de um vinhedo \u00fanico (Single Vineyard).<\/p>\n<p>A fermenta\u00e7\u00e3o ocorreu de forma espont\u00e2nea, isto \u00e9, sem adi\u00e7\u00e3o de leveduras selecionadas, logo maturou em barricas de carvalho franc\u00eas de segundo e terceiro uso.<\/p>\n","protected":false},"author":1,"featured_media":31,"parent":0,"menu_order":0,"comment_status":"closed","ping_status":"closed","template":"","meta":{"footnotes":""},"class_list":["post-153","page","type-page","status-publish","has-post-thumbnail","hentry"],"_links":{"self":[{"href":"https:\/\/redvin.com.br\/red\/pt\/wp-json\/wp\/v2\/pages\/153","targetHints":{"allow":["GET"]}}],"collection":[{"href":"https:\/\/redvin.com.br\/red\/pt\/wp-json\/wp\/v2\/pages"}],"about":[{"href":"https:\/\/redvin.com.br\/red\/pt\/wp-json\/wp\/v2\/types\/page"}],"author":[{"embeddable":true,"href":"https:\/\/redvin.com.br\/red\/pt\/wp-json\/wp\/v2\/users\/1"}],"replies":[{"embeddable":true,"href":"https:\/\/redvin.com.br\/red\/pt\/wp-json\/wp\/v2\/comments?post=153"}],"version-history":[{"count":18,"href":"https:\/\/redvin.com.br\/red\/pt\/wp-json\/wp\/v2\/pages\/153\/revisions"}],"predecessor-version":[{"id":712,"href":"https:\/\/redvin.com.br\/red\/pt\/wp-json\/wp\/v2\/pages\/153\/revisions\/712"}],"wp:featuredmedia":[{"embeddable":true,"href":"https:\/\/redvin.com.br\/red\/pt\/wp-json\/wp\/v2\/media\/31"}],"wp:attachment":[{"href":"https:\/\/redvin.com.br\/red\/pt\/wp-json\/wp\/v2\/media?parent=153"}],"curies":[{"name":"wp","href":"https:\/\/api.w.org\/{rel}","templated":true}]}}