{"id":175,"date":"2024-01-25T14:51:49","date_gmt":"2024-01-25T14:51:49","guid":{"rendered":"https:\/\/redvin.com.br\/red\/?page_id=175"},"modified":"2025-07-01T18:34:26","modified_gmt":"2025-07-01T18:34:26","slug":"vinho-marie-gabi-rose","status":"publish","type":"page","link":"https:\/\/redvin.com.br\/red\/pt\/vinho-marie-gabi-rose\/","title":{"rendered":"Marie Gabi Ros\u00e9 | Vinho Ros\u00e9 Routhier &#038; Darricarr\u00e8re"},"content":{"rendered":"\t\t<div data-elementor-type=\"wp-page\" data-elementor-id=\"175\" class=\"elementor elementor-175\" data-elementor-post-type=\"page\">\n\t\t\t\t<div class=\"elementor-element elementor-element-a66a7bd e-flex e-con-boxed e-con e-parent\" data-id=\"a66a7bd\" data-element_type=\"container\">\n\t\t\t\t\t<div class=\"e-con-inner\">\n\t\t\t\t\t<\/div>\n\t\t\t\t<\/div>\n\t\t<div class=\"elementor-element elementor-element-9f06f26 e-con-full e-flex e-con e-parent\" data-id=\"9f06f26\" data-element_type=\"container\">\n\t\t<div class=\"elementor-element elementor-element-082f6dd e-con-full e-flex e-con e-child\" data-id=\"082f6dd\" data-element_type=\"container\">\n\t\t\t\t<div class=\"elementor-element elementor-element-384877b elementor-widget elementor-widget-image\" data-id=\"384877b\" data-element_type=\"widget\" data-widget_type=\"image.default\">\n\t\t\t\t<div class=\"elementor-widget-container\">\n\t\t\t\t\t\t\t\t\t\t\t\t\t\t\t<img fetchpriority=\"high\" decoding=\"async\" width=\"384\" height=\"661\" src=\"https:\/\/redvin.com.br\/red\/wp-content\/uploads\/2024\/01\/Design-sem-nome25.png\" class=\"attachment-full size-full wp-image-82\" alt=\"\" srcset=\"https:\/\/redvin.com.br\/red\/wp-content\/uploads\/2024\/01\/Design-sem-nome25.png 384w, https:\/\/redvin.com.br\/red\/wp-content\/uploads\/2024\/01\/Design-sem-nome25-174x300.png 174w\" sizes=\"(max-width: 384px) 100vw, 384px\" \/>\t\t\t\t\t\t\t\t\t\t\t\t\t\t\t<\/div>\n\t\t\t\t<\/div>\n\t\t\t\t<\/div>\n\t\t<div class=\"elementor-element elementor-element-16bb43d e-con-full e-flex e-con e-child\" data-id=\"16bb43d\" data-element_type=\"container\">\n\t\t\t\t<div class=\"elementor-element elementor-element-fd6247f elementor-widget elementor-widget-text-editor\" data-id=\"fd6247f\" data-element_type=\"widget\" data-widget_type=\"text-editor.default\">\n\t\t\t\t<div class=\"elementor-widget-container\">\n\t\t\t\t\t\t\t\t\t<div><h2><strong>Marie Gabi Ros\u00e9<br \/><\/strong><\/h2><p>Descubra a eleg\u00e2ncia em ta\u00e7a nesta safra 2025 do nosso vinho Marie Gabi ros\u00e9, uma verdadeira obra-prima que encanta os sentidos. Com notas frescas de frutas vermelhas como morango e um leve toque floral, cada gole \u00e9 uma celebra\u00e7\u00e3o do ver\u00e3o. Sua cor delicada e brilhante reflete a sofistica\u00e7\u00e3o, enquanto a acidez equilibrada proporciona uma experi\u00eancia refrescante. Perfeito para acompanhar pratos leves ou para brindar momentos especiais, este ros\u00e9 \u00e9 a escolha ideal para quem aprecia qualidade e sabor. Cheers!<\/p><p><span class=\"OYPEnA text-decoration-none text-strikethrough-none\"><strong>Criado para <\/strong><\/span><strong><span class=\"OYPEnA text-decoration-none text-strikethrough-none\">homenagear as mulheres<\/span><span class=\"OYPEnA text-decoration-none text-strikethrough-none\"> que fazem parte, direta ou indiretamente, da equipe e do dia a dia da\u00a0 vin\u00edcola ReD.<\/span><\/strong><\/p><\/div><p><strong>Safra:<\/strong> 2025<\/p><div>\u00a0<\/div><div><p class=\"cvGsUA direction-ltr align-start para-style-body\"><strong><span class=\"OYPEnA text-decoration-none text-strikethrough-none\">Caracter\u00edsticas Organol\u00e9pticas:<\/span><\/strong><\/p><p class=\"cvGsUA direction-ltr align-start para-style-body\"><strong><span class=\"OYPEnA text-decoration-none text-strikethrough-none\">Visual: <\/span><\/strong><span class=\"OYPEnA text-decoration-none text-strikethrough-none\">Vinho de cor rosa salm\u00e3o, l\u00edmpido e brilhante, tonalidade que varia entre o rosa e o laranja segundo a safra.<\/span><\/p><p class=\"cvGsUA direction-ltr align-start para-style-body\"><strong><span class=\"OYPEnA text-decoration-none text-strikethrough-none\">Aromas:<\/span><\/strong><span class=\"OYPEnA text-decoration-none text-strikethrough-none\"> Apresenta aromas frutados de morangos, flores vermelhas e retrogosto de mel e damasco.<\/span><\/p><p class=\"cvGsUA direction-ltr align-start para-style-body\"><strong><span class=\"OYPEnA text-decoration-none text-strikethrough-none\">Paladar:<\/span><\/strong><span class=\"OYPEnA text-decoration-none text-strikethrough-none\"> Vinho ros\u00e9 de corpo m\u00e9dio, gastron\u00f4mico e complexo. Acidez m\u00e9dia e vibrante, retrogosto persistente.<\/span><\/p><p class=\"cvGsUA direction-ltr align-start para-style-body\">\u00a0<\/p><\/div><p>\u00a0<\/p>\t\t\t\t\t\t\t\t<\/div>\n\t\t\t\t<\/div>\n\t\t\t\t<\/div>\n\t\t\t\t<\/div>\n\t\t<div class=\"elementor-element elementor-element-f513852 e-flex e-con-boxed e-con e-parent\" data-id=\"f513852\" data-element_type=\"container\">\n\t\t\t\t\t<div class=\"e-con-inner\">\n\t\t\t\t<div class=\"elementor-element elementor-element-7aed89c elementor-widget elementor-widget-heading\" data-id=\"7aed89c\" data-element_type=\"widget\" data-widget_type=\"heading.default\">\n\t\t\t\t<div class=\"elementor-widget-container\">\n\t\t\t\t\t<h2 class=\"elementor-heading-title elementor-size-default\">Harmoniza com:<\/h2>\t\t\t\t<\/div>\n\t\t\t\t<\/div>\n\t\t<div class=\"elementor-element elementor-element-da1711b e-flex e-con-boxed e-con e-child\" data-id=\"da1711b\" data-element_type=\"container\">\n\t\t\t\t\t<div class=\"e-con-inner\">\n\t\t<div class=\"elementor-element elementor-element-bf5a40d e-con-full e-flex e-con e-child\" data-id=\"bf5a40d\" data-element_type=\"container\">\n\t\t\t\t<div class=\"elementor-element elementor-element-8c3a2a1 elementor-widget elementor-widget-image\" data-id=\"8c3a2a1\" data-element_type=\"widget\" data-widget_type=\"image.default\">\n\t\t\t\t<div class=\"elementor-widget-container\">\n\t\t\t\t\t\t\t\t\t\t\t\t\t\t\t<img decoding=\"async\" width=\"250\" height=\"250\" src=\"https:\/\/redvin.com.br\/red\/wp-content\/uploads\/2024\/01\/5.png\" class=\"attachment-large size-large wp-image-177\" alt=\"\" srcset=\"https:\/\/redvin.com.br\/red\/wp-content\/uploads\/2024\/01\/5.png 250w, https:\/\/redvin.com.br\/red\/wp-content\/uploads\/2024\/01\/5-150x150.png 150w, https:\/\/redvin.com.br\/red\/wp-content\/uploads\/2024\/01\/5-12x12.png 12w\" sizes=\"(max-width: 250px) 100vw, 250px\" \/>\t\t\t\t\t\t\t\t\t\t\t\t\t\t\t<\/div>\n\t\t\t\t<\/div>\n\t\t\t\t<div class=\"elementor-element elementor-element-658c5c0 elementor-widget elementor-widget-heading\" data-id=\"658c5c0\" data-element_type=\"widget\" data-widget_type=\"heading.default\">\n\t\t\t\t<div class=\"elementor-widget-container\">\n\t\t\t\t\t<h2 class=\"elementor-heading-title elementor-size-default\">Saladas<\/h2>\t\t\t\t<\/div>\n\t\t\t\t<\/div>\n\t\t\t\t<\/div>\n\t\t<div class=\"elementor-element elementor-element-e999b9a e-con-full e-flex e-con e-child\" data-id=\"e999b9a\" data-element_type=\"container\">\n\t\t\t\t<div class=\"elementor-element elementor-element-875f6f5 elementor-widget elementor-widget-image\" data-id=\"875f6f5\" data-element_type=\"widget\" data-widget_type=\"image.default\">\n\t\t\t\t<div class=\"elementor-widget-container\">\n\t\t\t\t\t\t\t\t\t\t\t\t\t\t\t<img decoding=\"async\" width=\"250\" height=\"250\" src=\"https:\/\/redvin.com.br\/red\/wp-content\/uploads\/2024\/01\/6.png\" class=\"attachment-large size-large wp-image-178\" alt=\"\" srcset=\"https:\/\/redvin.com.br\/red\/wp-content\/uploads\/2024\/01\/6.png 250w, https:\/\/redvin.com.br\/red\/wp-content\/uploads\/2024\/01\/6-150x150.png 150w, https:\/\/redvin.com.br\/red\/wp-content\/uploads\/2024\/01\/6-12x12.png 12w\" sizes=\"(max-width: 250px) 100vw, 250px\" \/>\t\t\t\t\t\t\t\t\t\t\t\t\t\t\t<\/div>\n\t\t\t\t<\/div>\n\t\t\t\t<div class=\"elementor-element elementor-element-b67979e elementor-widget elementor-widget-heading\" data-id=\"b67979e\" data-element_type=\"widget\" data-widget_type=\"heading.default\">\n\t\t\t\t<div class=\"elementor-widget-container\">\n\t\t\t\t\t<h2 class=\"elementor-heading-title elementor-size-default\">Massas Leves<\/h2>\t\t\t\t<\/div>\n\t\t\t\t<\/div>\n\t\t\t\t<\/div>\n\t\t<div class=\"elementor-element elementor-element-0369544 e-con-full e-flex e-con e-child\" data-id=\"0369544\" data-element_type=\"container\">\n\t\t\t\t<div class=\"elementor-element elementor-element-51e61a8 elementor-widget elementor-widget-image\" data-id=\"51e61a8\" data-element_type=\"widget\" data-widget_type=\"image.default\">\n\t\t\t\t<div class=\"elementor-widget-container\">\n\t\t\t\t\t\t\t\t\t\t\t\t\t\t\t<img loading=\"lazy\" decoding=\"async\" width=\"250\" height=\"250\" src=\"https:\/\/redvin.com.br\/red\/wp-content\/uploads\/2024\/01\/7.png\" class=\"attachment-large size-large wp-image-179\" alt=\"\" srcset=\"https:\/\/redvin.com.br\/red\/wp-content\/uploads\/2024\/01\/7.png 250w, https:\/\/redvin.com.br\/red\/wp-content\/uploads\/2024\/01\/7-150x150.png 150w, https:\/\/redvin.com.br\/red\/wp-content\/uploads\/2024\/01\/7-12x12.png 12w\" sizes=\"(max-width: 250px) 100vw, 250px\" \/>\t\t\t\t\t\t\t\t\t\t\t\t\t\t\t<\/div>\n\t\t\t\t<\/div>\n\t\t\t\t<div class=\"elementor-element elementor-element-282f364 elementor-widget elementor-widget-heading\" data-id=\"282f364\" data-element_type=\"widget\" data-widget_type=\"heading.default\">\n\t\t\t\t<div class=\"elementor-widget-container\">\n\t\t\t\t\t<h2 class=\"elementor-heading-title elementor-size-default\">Sushi<\/h2>\t\t\t\t<\/div>\n\t\t\t\t<\/div>\n\t\t\t\t<\/div>\n\t\t<div class=\"elementor-element elementor-element-2449bbe e-con-full e-flex e-con e-child\" data-id=\"2449bbe\" data-element_type=\"container\">\n\t\t\t\t<div class=\"elementor-element elementor-element-140daeb elementor-widget elementor-widget-image\" data-id=\"140daeb\" data-element_type=\"widget\" data-widget_type=\"image.default\">\n\t\t\t\t<div class=\"elementor-widget-container\">\n\t\t\t\t\t\t\t\t\t\t\t\t\t\t\t<img loading=\"lazy\" decoding=\"async\" width=\"250\" height=\"250\" src=\"https:\/\/redvin.com.br\/red\/wp-content\/uploads\/2024\/01\/8.png\" class=\"attachment-large size-large wp-image-180\" alt=\"\" srcset=\"https:\/\/redvin.com.br\/red\/wp-content\/uploads\/2024\/01\/8.png 250w, https:\/\/redvin.com.br\/red\/wp-content\/uploads\/2024\/01\/8-150x150.png 150w, https:\/\/redvin.com.br\/red\/wp-content\/uploads\/2024\/01\/8-12x12.png 12w\" sizes=\"(max-width: 250px) 100vw, 250px\" \/>\t\t\t\t\t\t\t\t\t\t\t\t\t\t\t<\/div>\n\t\t\t\t<\/div>\n\t\t\t\t<div class=\"elementor-element elementor-element-e0d2104 elementor-widget elementor-widget-heading\" data-id=\"e0d2104\" data-element_type=\"widget\" data-widget_type=\"heading.default\">\n\t\t\t\t<div class=\"elementor-widget-container\">\n\t\t\t\t\t<h2 class=\"elementor-heading-title elementor-size-default\">Peixe Assado<\/h2>\t\t\t\t<\/div>\n\t\t\t\t<\/div>\n\t\t\t\t<\/div>\n\t\t\t\t\t<\/div>\n\t\t\t\t<\/div>\n\t\t\t\t<div class=\"elementor-element elementor-element-68c0b7a elementor-align-center elementor-widget elementor-widget-button\" data-id=\"68c0b7a\" data-element_type=\"widget\" data-widget_type=\"button.default\">\n\t\t\t\t<div class=\"elementor-widget-container\">\n\t\t\t\t\t\t\t\t\t<div class=\"elementor-button-wrapper\">\n\t\t\t\t\t<a class=\"elementor-button elementor-button-link elementor-size-sm\" href=\"https:\/\/redvin.com.br\/fichas\/Marie-Gabi-Rose-2025.pdf\" target=\"_blank\">\n\t\t\t\t\t\t<span class=\"elementor-button-content-wrapper\">\n\t\t\t\t\t\t\t\t\t<span class=\"elementor-button-text\">Baixe a Ficha T\u00e9cnica completa aqui<\/span>\n\t\t\t\t\t<\/span>\n\t\t\t\t\t<\/a>\n\t\t\t\t<\/div>\n\t\t\t\t\t\t\t\t<\/div>\n\t\t\t\t<\/div>\n\t\t\t\t\t<\/div>\n\t\t\t\t<\/div>\n\t\t\t\t<\/div>\n\t\t","protected":false},"excerpt":{"rendered":"<p>Vinho rosado encantador, reconhecido nacionalmente e que foi elaborado com uvas Cabernet Sauvignon. Criado para homenagear as mulheres que fazem parte, direta ou indiretamente, da equipe e do dia a dia da pequena vin\u00edcola ReD.<\/p>\n","protected":false},"author":1,"featured_media":82,"parent":0,"menu_order":0,"comment_status":"closed","ping_status":"closed","template":"","meta":{"footnotes":""},"class_list":["post-175","page","type-page","status-publish","has-post-thumbnail","hentry"],"_links":{"self":[{"href":"https:\/\/redvin.com.br\/red\/pt\/wp-json\/wp\/v2\/pages\/175","targetHints":{"allow":["GET"]}}],"collection":[{"href":"https:\/\/redvin.com.br\/red\/pt\/wp-json\/wp\/v2\/pages"}],"about":[{"href":"https:\/\/redvin.com.br\/red\/pt\/wp-json\/wp\/v2\/types\/page"}],"author":[{"embeddable":true,"href":"https:\/\/redvin.com.br\/red\/pt\/wp-json\/wp\/v2\/users\/1"}],"replies":[{"embeddable":true,"href":"https:\/\/redvin.com.br\/red\/pt\/wp-json\/wp\/v2\/comments?post=175"}],"version-history":[{"count":31,"href":"https:\/\/redvin.com.br\/red\/pt\/wp-json\/wp\/v2\/pages\/175\/revisions"}],"predecessor-version":[{"id":715,"href":"https:\/\/redvin.com.br\/red\/pt\/wp-json\/wp\/v2\/pages\/175\/revisions\/715"}],"wp:featuredmedia":[{"embeddable":true,"href":"https:\/\/redvin.com.br\/red\/pt\/wp-json\/wp\/v2\/media\/82"}],"wp:attachment":[{"href":"https:\/\/redvin.com.br\/red\/pt\/wp-json\/wp\/v2\/media?parent=175"}],"curies":[{"name":"wp","href":"https:\/\/api.w.org\/{rel}","templated":true}]}}