{"id":2,"date":"2024-01-05T21:11:39","date_gmt":"2024-01-05T21:11:39","guid":{"rendered":"https:\/\/redvin.com.br\/red\/?page_id=2"},"modified":"2024-11-12T20:51:19","modified_gmt":"2024-11-12T20:51:19","slug":"sample-page","status":"publish","type":"page","link":"https:\/\/redvin.com.br\/red\/pt\/","title":{"rendered":"Prov\u00edncia de S\u00e3o Pedro"},"content":{"rendered":"\t\t<div data-elementor-type=\"wp-page\" data-elementor-id=\"2\" class=\"elementor elementor-2\" data-elementor-post-type=\"page\">\n\t\t\t\t<div class=\"elementor-element elementor-element-7d11e45f e-flex e-con-boxed e-con e-parent\" data-id=\"7d11e45f\" data-element_type=\"container\">\n\t\t\t\t\t<div class=\"e-con-inner\">\n\t\t\t\t<div class=\"elementor-element elementor-element-db394fc elementor-widget elementor-widget-heading\" data-id=\"db394fc\" data-element_type=\"widget\" data-widget_type=\"heading.default\">\n\t\t\t\t<div class=\"elementor-widget-container\">\n\t\t\t\t\t<h2 class=\"elementor-heading-title elementor-size-default\">Nossa Hist\u00f3ria<\/h2>\t\t\t\t<\/div>\n\t\t\t\t<\/div>\n\t\t\t\t<div class=\"elementor-element elementor-element-301e20b6 elementor-widget elementor-widget-text-editor\" data-id=\"301e20b6\" data-element_type=\"widget\" data-widget_type=\"text-editor.default\">\n\t\t\t\t<div class=\"elementor-widget-container\">\n\t\t\t\t\t\t\t\t\t<div class=\"sc_promo_text\">\n<div class=\"sc_promo_text_inner sc_align_center\">\n<div class=\"sc_promo_content sc_item_content\">\n<div class=\"wpb_text_column wpb_content_element \">\n<div class=\"wpb_wrapper\">\n<p class=\"cvGsUA direction-ltr align-justify para-style-body\"><strong><em><span class=\"OYPEnA text-decoration-none text-strikethrough-none\">A pequena e moderna Vin\u00edcola Routhier &amp; Darricarr\u00e8re combina a tradi\u00e7\u00e3o familiar no cultivo das videiras do velho mundo, com a irrever\u00eancia do novo mundo.<\/span><\/em><\/strong><\/p>\n<p class=\"cvGsUA direction-ltr align-justify para-style-body\"><span class=\"OYPEnA text-decoration-none text-strikethrough-none\"><strong>A cria\u00e7\u00e3o do Vinhedo Routhier &amp; Darricarr\u00e8re<\/strong>, em Ros\u00e1rio do Sul, Regi\u00e3o da Campanha Ga\u00facha \u00e9 a continuidade do trabalho desta fam\u00edlia de origem francesa, que se dedica h\u00e1 dez gera\u00e7\u00f5es ao cultivo de uvas e a produ\u00e7\u00e3o de vinhos. <\/span><span class=\"OYPEnA text-decoration-none text-strikethrough-none\">Este projeto no Brasil, foi iniciado em 2002, pelos irm\u00e3os <\/span><span class=\"OYPEnA text-decoration-none text-strikethrough-none\">Pierre e Jean Daniel Darricarr\u00e8re <\/span><span class=\"OYPEnA text-decoration-none text-strikethrough-none\">, franceses, criados no Uruguai, vieram para o Brasil na d\u00e9cada de 70 para estudar. Juntamente com o projeto de planta\u00e7\u00e3o de frutas c\u00edtricas, plantaram 6 hectares de videiras de Cabernet Sauvignon e Chardonnay junto ao seu <\/span><span class=\"OYPEnA text-decoration-none text-strikethrough-none\">s\u00f3cio canadense Michel Routhier.<\/span><\/p>\n<\/div>\n<\/div>\n<\/div>\n<\/div>\n<\/div>\t\t\t\t\t\t\t\t<\/div>\n\t\t\t\t<\/div>\n\t\t\t\t<div class=\"elementor-element elementor-element-d9340b7 elementor-align-center elementor-widget elementor-widget-button\" data-id=\"d9340b7\" data-element_type=\"widget\" data-widget_type=\"button.default\">\n\t\t\t\t<div class=\"elementor-widget-container\">\n\t\t\t\t\t\t\t\t\t<div class=\"elementor-button-wrapper\">\n\t\t\t\t\t<a class=\"elementor-button elementor-button-link elementor-size-sm\" href=\"https:\/\/redvin.com.br\/red\/sobre-nos\/\">\n\t\t\t\t\t\t<span class=\"elementor-button-content-wrapper\">\n\t\t\t\t\t\t<span class=\"elementor-button-icon\">\n\t\t\t\t<svg aria-hidden=\"true\" class=\"e-font-icon-svg e-fas-wine-glass-alt\" viewBox=\"0 0 288 512\" xmlns=\"http:\/\/www.w3.org\/2000\/svg\"><path d=\"M216 464h-40V346.81c68.47-15.89 118.05-79.91 111.4-154.16l-15.95-178.1C270.71 6.31 263.9 0 255.74 0H32.26c-8.15 0-14.97 6.31-15.7 14.55L.6 192.66C-6.05 266.91 43.53 330.93 112 346.82V464H72c-22.09 0-40 17.91-40 40 0 4.42 3.58 8 8 8h208c4.42 0 8-3.58 8-8 0-22.09-17.91-40-40-40zM61.75 48h164.5l7.17 80H54.58l7.17-80z\"><\/path><\/svg>\t\t\t<\/span>\n\t\t\t\t\t\t\t\t\t<span class=\"elementor-button-text\">Saiba mais<\/span>\n\t\t\t\t\t<\/span>\n\t\t\t\t\t<\/a>\n\t\t\t\t<\/div>\n\t\t\t\t\t\t\t\t<\/div>\n\t\t\t\t<\/div>\n\t\t\t\t\t<\/div>\n\t\t\t\t<\/div>\n\t\t<div class=\"elementor-element elementor-element-bb11ca9 e-flex e-con-boxed e-con e-parent\" data-id=\"bb11ca9\" data-element_type=\"container\">\n\t\t\t\t\t<div class=\"e-con-inner\">\n\t\t\t\t<div class=\"elementor-element elementor-element-cd8c562 elementor-widget elementor-widget-spacer\" data-id=\"cd8c562\" data-element_type=\"widget\" data-widget_type=\"spacer.default\">\n\t\t\t\t<div class=\"elementor-widget-container\">\n\t\t\t\t\t\t\t<div class=\"elementor-spacer\">\n\t\t\t<div class=\"elementor-spacer-inner\"><\/div>\n\t\t<\/div>\n\t\t\t\t\t\t<\/div>\n\t\t\t\t<\/div>\n\t\t\t\t\t<\/div>\n\t\t\t\t<\/div>\n\t\t<div class=\"elementor-element elementor-element-7ed8a87 e-con-full e-flex e-con e-parent\" data-id=\"7ed8a87\" data-element_type=\"container\" data-settings=\"{&quot;background_background&quot;:&quot;classic&quot;}\">\n\t\t<div class=\"elementor-element elementor-element-52536e2 e-con-full e-flex e-con e-child\" data-id=\"52536e2\" data-element_type=\"container\">\n\t\t\t\t<div class=\"elementor-element elementor-element-0fb6044 elementor-widget elementor-widget-heading\" data-id=\"0fb6044\" data-element_type=\"widget\" data-widget_type=\"heading.default\">\n\t\t\t\t<div class=\"elementor-widget-container\">\n\t\t\t\t\t<h2 class=\"elementor-heading-title elementor-size-default\">Agenda de Eventos<\/h2>\t\t\t\t<\/div>\n\t\t\t\t<\/div>\n\t\t\t\t<\/div>\n\t\t\t\t<\/div>\n\t\t<div class=\"elementor-element elementor-element-ec30e56 e-grid e-con-boxed e-con e-parent\" data-id=\"ec30e56\" data-element_type=\"container\">\n\t\t\t\t\t<div class=\"e-con-inner\">\n\t\t\t\t<div class=\"elementor-element elementor-element-c41efb4 elementor-grid-2 elementor-grid-tablet-2 elementor-grid-mobile-1 elementor-posts--thumbnail-top elementor-card-shadow-yes elementor-posts__hover-gradient elementor-widget elementor-widget-posts\" data-id=\"c41efb4\" data-element_type=\"widget\" data-settings=\"{&quot;cards_columns&quot;:&quot;2&quot;,&quot;pagination_type&quot;:&quot;prev_next&quot;,&quot;cards_columns_tablet&quot;:&quot;2&quot;,&quot;cards_columns_mobile&quot;:&quot;1&quot;,&quot;cards_row_gap&quot;:{&quot;unit&quot;:&quot;px&quot;,&quot;size&quot;:35,&quot;sizes&quot;:[]},&quot;cards_row_gap_tablet&quot;:{&quot;unit&quot;:&quot;px&quot;,&quot;size&quot;:&quot;&quot;,&quot;sizes&quot;:[]},&quot;cards_row_gap_mobile&quot;:{&quot;unit&quot;:&quot;px&quot;,&quot;size&quot;:&quot;&quot;,&quot;sizes&quot;:[]}}\" data-widget_type=\"posts.cards\">\n\t\t\t\t<div class=\"elementor-widget-container\">\n\t\t\t\t\t\t\t<div class=\"elementor-posts-container elementor-posts elementor-posts--skin-cards elementor-grid\">\n\t\t\t\t<article class=\"elementor-post elementor-grid-item post-617 post type-post status-publish format-standard has-post-thumbnail hentry category-eventos\">\n\t\t\t<div class=\"elementor-post__card\">\n\t\t\t\t<a class=\"elementor-post__thumbnail__link\" href=\"https:\/\/redvin.com.br\/red\/pt\/eventos\/evento-rf-vision-restaurante-giratorio-de-gramado\/\" tabindex=\"-1\" ><div class=\"elementor-post__thumbnail\"><img fetchpriority=\"high\" decoding=\"async\" width=\"2016\" height=\"1512\" src=\"https:\/\/redvin.com.br\/red\/wp-content\/uploads\/2024\/11\/Banner.-Rf-Vision-Hotel.jpg\" class=\"attachment-full size-full wp-image-620\" alt=\"Banner. Rf Vision Hotel\" srcset=\"https:\/\/redvin.com.br\/red\/wp-content\/uploads\/2024\/11\/Banner.-Rf-Vision-Hotel.jpg 2016w, https:\/\/redvin.com.br\/red\/wp-content\/uploads\/2024\/11\/Banner.-Rf-Vision-Hotel-300x225.jpg 300w, https:\/\/redvin.com.br\/red\/wp-content\/uploads\/2024\/11\/Banner.-Rf-Vision-Hotel-1024x768.jpg 1024w, https:\/\/redvin.com.br\/red\/wp-content\/uploads\/2024\/11\/Banner.-Rf-Vision-Hotel-768x576.jpg 768w, https:\/\/redvin.com.br\/red\/wp-content\/uploads\/2024\/11\/Banner.-Rf-Vision-Hotel-1536x1152.jpg 1536w, https:\/\/redvin.com.br\/red\/wp-content\/uploads\/2024\/11\/Banner.-Rf-Vision-Hotel-16x12.jpg 16w\" sizes=\"(max-width: 2016px) 100vw, 2016px\" \/><\/div><\/a>\n\t\t\t\t<div class=\"elementor-post__text\">\n\t\t\t\t<h3 class=\"elementor-post__title\">\n\t\t\t<a href=\"https:\/\/redvin.com.br\/red\/pt\/eventos\/evento-rf-vision-restaurante-giratorio-de-gramado\/\" >\n\t\t\t\tEvento RF Vision | Restaurante Girat\u00f3rio de Gramado 15\/11\t\t\t<\/a>\n\t\t<\/h3>\n\t\t\t\t\t<div class=\"elementor-post__read-more-wrapper\">\n\t\t\n\t\t<a class=\"elementor-post__read-more\" href=\"https:\/\/redvin.com.br\/red\/pt\/eventos\/evento-rf-vision-restaurante-giratorio-de-gramado\/\" aria-label=\"Read more about Evento RF Vision | Restaurante Girat\u00f3rio de Gramado 15\/11\" tabindex=\"-1\" >\n\t\t\tParticipe\t\t<\/a>\n\n\t\t\t\t\t<\/div>\n\t\t\t\t<\/div>\n\t\t\t\t\t<\/div>\n\t\t<\/article>\n\t\t\t\t<article class=\"elementor-post elementor-grid-item post-600 post type-post status-publish format-standard has-post-thumbnail hentry category-eventos\">\n\t\t\t<div class=\"elementor-post__card\">\n\t\t\t\t<a class=\"elementor-post__thumbnail__link\" href=\"https:\/\/redvin.com.br\/red\/pt\/eventos\/hotel-cercano-red\/\" tabindex=\"-1\" ><div class=\"elementor-post__thumbnail\"><img decoding=\"async\" width=\"905\" height=\"681\" src=\"https:\/\/redvin.com.br\/red\/wp-content\/uploads\/2024\/11\/HotelCercanoFachadaGramadoRSSerraGauchacomerdormirviajar.com04.png\" class=\"attachment-full size-full wp-image-610\" alt=\"Hotel+cercano+fachada+gramado+rs+serra+gaucha+comerdormirviajar.com+04\" srcset=\"https:\/\/redvin.com.br\/red\/wp-content\/uploads\/2024\/11\/HotelCercanoFachadaGramadoRSSerraGauchacomerdormirviajar.com04.png 905w, https:\/\/redvin.com.br\/red\/wp-content\/uploads\/2024\/11\/HotelCercanoFachadaGramadoRSSerraGauchacomerdormirviajar.com04-300x226.png 300w, https:\/\/redvin.com.br\/red\/wp-content\/uploads\/2024\/11\/HotelCercanoFachadaGramadoRSSerraGauchacomerdormirviajar.com04-768x578.png 768w, https:\/\/redvin.com.br\/red\/wp-content\/uploads\/2024\/11\/HotelCercanoFachadaGramadoRSSerraGauchacomerdormirviajar.com04-16x12.png 16w\" sizes=\"(max-width: 905px) 100vw, 905px\" \/><\/div><\/a>\n\t\t\t\t<div class=\"elementor-post__text\">\n\t\t\t\t<h3 class=\"elementor-post__title\">\n\t\t\t<a href=\"https:\/\/redvin.com.br\/red\/pt\/eventos\/hotel-cercano-red\/\" >\n\t\t\t\tEvento Hotel Cercano &amp; ReD | 16\/11\t\t\t<\/a>\n\t\t<\/h3>\n\t\t\t\t\t<div class=\"elementor-post__read-more-wrapper\">\n\t\t\n\t\t<a class=\"elementor-post__read-more\" href=\"https:\/\/redvin.com.br\/red\/pt\/eventos\/hotel-cercano-red\/\" aria-label=\"Read more about Evento Hotel Cercano &amp; ReD | 16\/11\" tabindex=\"-1\" >\n\t\t\tParticipe\t\t<\/a>\n\n\t\t\t\t\t<\/div>\n\t\t\t\t<\/div>\n\t\t\t\t\t<\/div>\n\t\t<\/article>\n\t\t\t\t<\/div>\n\t\t\n\t\t\t\t<div class=\"e-load-more-anchor\" data-page=\"1\" data-max-page=\"3\" data-next-page=\"https:\/\/redvin.com.br\/red\/pt\/?e-page-c41efb4=2\"><\/div>\n\t\t\t\t<nav class=\"elementor-pagination\" aria-label=\"Pagination\">\n\t\t\t<span class=\"page-numbers prev\">Voltar<\/span>\n<a class=\"page-numbers next\" href=\"https:\/\/redvin.com.br\/red\/pt\/?e-page-c41efb4=2\">Pr\u00f3ximo<\/a>\t\t<\/nav>\n\t\t\t\t\t\t<\/div>\n\t\t\t\t<\/div>\n\t\t\t\t\t<\/div>\n\t\t\t\t<\/div>\n\t\t\t\t<\/div>\n\t\t","protected":false},"excerpt":{"rendered":"<p>Nossa Hist\u00f3ria A pequena e moderna Vin\u00edcola Routhier &amp; Darricarr\u00e8re combina a tradi\u00e7\u00e3o familiar no cultivo das videiras do velho mundo, com a irrever\u00eancia do novo mundo. A cria\u00e7\u00e3o do<\/p>\n","protected":false},"author":1,"featured_media":0,"parent":0,"menu_order":0,"comment_status":"closed","ping_status":"open","template":"","meta":{"footnotes":""},"class_list":["post-2","page","type-page","status-publish","hentry"],"_links":{"self":[{"href":"https:\/\/redvin.com.br\/red\/pt\/wp-json\/wp\/v2\/pages\/2","targetHints":{"allow":["GET"]}}],"collection":[{"href":"https:\/\/redvin.com.br\/red\/pt\/wp-json\/wp\/v2\/pages"}],"about":[{"href":"https:\/\/redvin.com.br\/red\/pt\/wp-json\/wp\/v2\/types\/page"}],"author":[{"embeddable":true,"href":"https:\/\/redvin.com.br\/red\/pt\/wp-json\/wp\/v2\/users\/1"}],"replies":[{"embeddable":true,"href":"https:\/\/redvin.com.br\/red\/pt\/wp-json\/wp\/v2\/comments?post=2"}],"version-history":[{"count":67,"href":"https:\/\/redvin.com.br\/red\/pt\/wp-json\/wp\/v2\/pages\/2\/revisions"}],"predecessor-version":[{"id":616,"href":"https:\/\/redvin.com.br\/red\/pt\/wp-json\/wp\/v2\/pages\/2\/revisions\/616"}],"wp:attachment":[{"href":"https:\/\/redvin.com.br\/red\/pt\/wp-json\/wp\/v2\/media?parent=2"}],"curies":[{"name":"wp","href":"https:\/\/api.w.org\/{rel}","templated":true}]}}