{"id":200,"date":"2024-01-29T21:00:10","date_gmt":"2024-01-29T21:00:10","guid":{"rendered":"https:\/\/redvin.com.br\/red\/?page_id=200"},"modified":"2024-02-23T15:31:55","modified_gmt":"2024-02-23T15:31:55","slug":"provincia-de-sao-pedro-chardonnay","status":"publish","type":"page","link":"https:\/\/redvin.com.br\/red\/pt\/provincia-de-sao-pedro-chardonnay\/","title":{"rendered":"Prov\u00edncia de S\u00e3o Pedro Chardonnay"},"content":{"rendered":"\t\t<div data-elementor-type=\"wp-page\" data-elementor-id=\"200\" class=\"elementor elementor-200\" data-elementor-post-type=\"page\">\n\t\t\t\t<div class=\"elementor-element elementor-element-5e9b568 e-flex e-con-boxed e-con e-parent\" data-id=\"5e9b568\" data-element_type=\"container\">\n\t\t\t\t\t<div class=\"e-con-inner\">\n\t\t\t\t\t<\/div>\n\t\t\t\t<\/div>\n\t\t<div class=\"elementor-element elementor-element-0c98319 e-con-full e-flex e-con e-parent\" data-id=\"0c98319\" data-element_type=\"container\">\n\t\t<div class=\"elementor-element elementor-element-d3c8cfd e-con-full e-flex e-con e-child\" data-id=\"d3c8cfd\" data-element_type=\"container\">\n\t\t\t\t<div class=\"elementor-element elementor-element-8dc2b5f elementor-widget elementor-widget-image\" data-id=\"8dc2b5f\" data-element_type=\"widget\" data-widget_type=\"image.default\">\n\t\t\t\t<div class=\"elementor-widget-container\">\n\t\t\t\t\t\t\t\t\t\t\t\t\t\t\t<img fetchpriority=\"high\" decoding=\"async\" width=\"384\" height=\"661\" src=\"https:\/\/redvin.com.br\/red\/wp-content\/uploads\/2024\/01\/Provincia-de-Sao-Pedro-Chardonnay.png\" class=\"attachment-2048x2048 size-2048x2048 wp-image-194\" alt=\"\" srcset=\"https:\/\/redvin.com.br\/red\/wp-content\/uploads\/2024\/01\/Provincia-de-Sao-Pedro-Chardonnay.png 384w, https:\/\/redvin.com.br\/red\/wp-content\/uploads\/2024\/01\/Provincia-de-Sao-Pedro-Chardonnay-174x300.png 174w, https:\/\/redvin.com.br\/red\/wp-content\/uploads\/2024\/01\/Provincia-de-Sao-Pedro-Chardonnay-7x12.png 7w\" sizes=\"(max-width: 384px) 100vw, 384px\" \/>\t\t\t\t\t\t\t\t\t\t\t\t\t\t\t<\/div>\n\t\t\t\t<\/div>\n\t\t\t\t<\/div>\n\t\t<div class=\"elementor-element elementor-element-cdc35ba e-con-full e-flex e-con e-child\" data-id=\"cdc35ba\" data-element_type=\"container\">\n\t\t\t\t<div class=\"elementor-element elementor-element-6413a99 elementor-widget elementor-widget-text-editor\" data-id=\"6413a99\" data-element_type=\"widget\" data-widget_type=\"text-editor.default\">\n\t\t\t\t<div class=\"elementor-widget-container\">\n\t\t\t\t\t\t\t\t\t<div><h2><strong><span class=\"OYPEnA text-decoration-none text-strikethrough-none\">Prov\u00edncia de S\u00e3o Pedro Chardonnay<\/span><\/strong><\/h2><p><span class=\"OYPEnA text-decoration-none text-strikethrough-none\">Um branco que carrega o nome de Prov\u00edncia de S\u00e3o Pedro que foi elaborado <\/span><span class=\"OYPEnA text-decoration-none text-strikethrough-none\">100% com uvas Chardonnay pr\u00f3prias da Campanha Ga\u00facha<\/span><span class=\"OYPEnA text-decoration-none text-strikethrough-none\"> e que estagiou por sete meses em barricas de carvalho com tosta especial para vinhos brancos.<\/span><\/p><p><strong>Variedade<\/strong>: <span class=\"OYPEnA text-decoration-none text-strikethrough-none\">100% Chardonnay das nossas melhores parcelas<\/span><\/p><p><strong>Safra:<\/strong> 2021<\/p><p><strong>Gradua\u00e7\u00e3o Alco\u00f3lica:<\/strong> 13%<\/p><p><strong>Volume:<\/strong> 750ml<\/p><\/div>\t\t\t\t\t\t\t\t<\/div>\n\t\t\t\t<\/div>\n\t\t\t\t<\/div>\n\t\t\t\t<\/div>\n\t\t<div class=\"elementor-element elementor-element-2ba64cf e-flex e-con-boxed e-con e-parent\" data-id=\"2ba64cf\" data-element_type=\"container\">\n\t\t\t\t\t<div class=\"e-con-inner\">\n\t\t\t\t<div class=\"elementor-element elementor-element-9c2dad8 elementor-widget elementor-widget-heading\" data-id=\"9c2dad8\" data-element_type=\"widget\" data-widget_type=\"heading.default\">\n\t\t\t\t<div class=\"elementor-widget-container\">\n\t\t\t\t\t<h2 class=\"elementor-heading-title elementor-size-default\">Harmoniza com:<\/h2>\t\t\t\t<\/div>\n\t\t\t\t<\/div>\n\t\t<div class=\"elementor-element elementor-element-ee0a01b e-flex e-con-boxed e-con e-child\" data-id=\"ee0a01b\" data-element_type=\"container\">\n\t\t\t\t\t<div class=\"e-con-inner\">\n\t\t<div class=\"elementor-element elementor-element-954e6b2 e-con-full e-flex e-con e-child\" data-id=\"954e6b2\" data-element_type=\"container\">\n\t\t\t\t<div class=\"elementor-element elementor-element-7e952fb elementor-widget elementor-widget-image\" data-id=\"7e952fb\" data-element_type=\"widget\" data-widget_type=\"image.default\">\n\t\t\t\t<div class=\"elementor-widget-container\">\n\t\t\t\t\t\t\t\t\t\t\t\t\t\t\t<img decoding=\"async\" width=\"250\" height=\"250\" src=\"https:\/\/redvin.com.br\/red\/wp-content\/uploads\/2024\/01\/Salmao.png\" class=\"attachment-large size-large wp-image-201\" alt=\"\" srcset=\"https:\/\/redvin.com.br\/red\/wp-content\/uploads\/2024\/01\/Salmao.png 250w, https:\/\/redvin.com.br\/red\/wp-content\/uploads\/2024\/01\/Salmao-150x150.png 150w, https:\/\/redvin.com.br\/red\/wp-content\/uploads\/2024\/01\/Salmao-12x12.png 12w\" sizes=\"(max-width: 250px) 100vw, 250px\" \/>\t\t\t\t\t\t\t\t\t\t\t\t\t\t\t<\/div>\n\t\t\t\t<\/div>\n\t\t\t\t<div class=\"elementor-element elementor-element-4ca6bb0 elementor-widget elementor-widget-heading\" data-id=\"4ca6bb0\" data-element_type=\"widget\" data-widget_type=\"heading.default\">\n\t\t\t\t<div class=\"elementor-widget-container\">\n\t\t\t\t\t<h2 class=\"elementor-heading-title elementor-size-default\">Massas com Funghi<\/h2>\t\t\t\t<\/div>\n\t\t\t\t<\/div>\n\t\t\t\t<\/div>\n\t\t<div class=\"elementor-element elementor-element-f83f463 e-con-full e-flex e-con e-child\" data-id=\"f83f463\" data-element_type=\"container\">\n\t\t\t\t<div class=\"elementor-element elementor-element-352a743 elementor-widget elementor-widget-image\" data-id=\"352a743\" data-element_type=\"widget\" data-widget_type=\"image.default\">\n\t\t\t\t<div class=\"elementor-widget-container\">\n\t\t\t\t\t\t\t\t\t\t\t\t\t\t\t<img decoding=\"async\" width=\"250\" height=\"250\" src=\"https:\/\/redvin.com.br\/red\/wp-content\/uploads\/2024\/01\/Design-sem-nome5.png\" class=\"attachment-large size-large wp-image-202\" alt=\"\" srcset=\"https:\/\/redvin.com.br\/red\/wp-content\/uploads\/2024\/01\/Design-sem-nome5.png 250w, https:\/\/redvin.com.br\/red\/wp-content\/uploads\/2024\/01\/Design-sem-nome5-150x150.png 150w, https:\/\/redvin.com.br\/red\/wp-content\/uploads\/2024\/01\/Design-sem-nome5-12x12.png 12w\" sizes=\"(max-width: 250px) 100vw, 250px\" \/>\t\t\t\t\t\t\t\t\t\t\t\t\t\t\t<\/div>\n\t\t\t\t<\/div>\n\t\t\t\t<div class=\"elementor-element elementor-element-58195fb elementor-widget elementor-widget-heading\" data-id=\"58195fb\" data-element_type=\"widget\" data-widget_type=\"heading.default\">\n\t\t\t\t<div class=\"elementor-widget-container\">\n\t\t\t\t\t<h2 class=\"elementor-heading-title elementor-size-default\">Frutos do mar<\/h2>\t\t\t\t<\/div>\n\t\t\t\t<\/div>\n\t\t\t\t<\/div>\n\t\t<div class=\"elementor-element elementor-element-48993b3 e-con-full e-flex e-con e-child\" data-id=\"48993b3\" data-element_type=\"container\">\n\t\t\t\t<div class=\"elementor-element elementor-element-d54361c elementor-widget elementor-widget-image\" data-id=\"d54361c\" data-element_type=\"widget\" data-widget_type=\"image.default\">\n\t\t\t\t<div class=\"elementor-widget-container\">\n\t\t\t\t\t\t\t\t\t\t\t\t\t\t\t<img loading=\"lazy\" decoding=\"async\" width=\"250\" height=\"250\" src=\"https:\/\/redvin.com.br\/red\/wp-content\/uploads\/2024\/01\/Design-sem-nome6.png\" class=\"attachment-large size-large wp-image-203\" alt=\"\" srcset=\"https:\/\/redvin.com.br\/red\/wp-content\/uploads\/2024\/01\/Design-sem-nome6.png 250w, https:\/\/redvin.com.br\/red\/wp-content\/uploads\/2024\/01\/Design-sem-nome6-150x150.png 150w, https:\/\/redvin.com.br\/red\/wp-content\/uploads\/2024\/01\/Design-sem-nome6-12x12.png 12w\" sizes=\"(max-width: 250px) 100vw, 250px\" \/>\t\t\t\t\t\t\t\t\t\t\t\t\t\t\t<\/div>\n\t\t\t\t<\/div>\n\t\t\t\t<div class=\"elementor-element elementor-element-15e8f9a elementor-widget elementor-widget-heading\" data-id=\"15e8f9a\" data-element_type=\"widget\" data-widget_type=\"heading.default\">\n\t\t\t\t<div class=\"elementor-widget-container\">\n\t\t\t\t\t<h2 class=\"elementor-heading-title elementor-size-default\">Massas com molho branco<\/h2>\t\t\t\t<\/div>\n\t\t\t\t<\/div>\n\t\t\t\t<\/div>\n\t\t<div class=\"elementor-element elementor-element-9b24a31 e-con-full e-flex e-con e-child\" data-id=\"9b24a31\" data-element_type=\"container\">\n\t\t\t\t<div class=\"elementor-element elementor-element-bfef3d6 elementor-widget elementor-widget-image\" data-id=\"bfef3d6\" data-element_type=\"widget\" data-widget_type=\"image.default\">\n\t\t\t\t<div class=\"elementor-widget-container\">\n\t\t\t\t\t\t\t\t\t\t\t\t\t\t\t<img loading=\"lazy\" decoding=\"async\" width=\"250\" height=\"250\" src=\"https:\/\/redvin.com.br\/red\/wp-content\/uploads\/2024\/02\/Galeto.png\" class=\"attachment-large size-large wp-image-262\" alt=\"\" srcset=\"https:\/\/redvin.com.br\/red\/wp-content\/uploads\/2024\/02\/Galeto.png 250w, https:\/\/redvin.com.br\/red\/wp-content\/uploads\/2024\/02\/Galeto-150x150.png 150w, https:\/\/redvin.com.br\/red\/wp-content\/uploads\/2024\/02\/Galeto-12x12.png 12w\" sizes=\"(max-width: 250px) 100vw, 250px\" \/>\t\t\t\t\t\t\t\t\t\t\t\t\t\t\t<\/div>\n\t\t\t\t<\/div>\n\t\t\t\t<div class=\"elementor-element elementor-element-9fe2769 elementor-widget elementor-widget-heading\" data-id=\"9fe2769\" data-element_type=\"widget\" data-widget_type=\"heading.default\">\n\t\t\t\t<div class=\"elementor-widget-container\">\n\t\t\t\t\t<h2 class=\"elementor-heading-title elementor-size-default\">Galetos<\/h2>\t\t\t\t<\/div>\n\t\t\t\t<\/div>\n\t\t\t\t<\/div>\n\t\t\t\t\t<\/div>\n\t\t\t\t<\/div>\n\t\t\t\t\t<\/div>\n\t\t\t\t<\/div>\n\t\t<div class=\"elementor-element elementor-element-2a6e0c8 e-flex e-con-boxed e-con e-parent\" data-id=\"2a6e0c8\" data-element_type=\"container\">\n\t\t\t\t\t<div class=\"e-con-inner\">\n\t\t\t\t<div class=\"elementor-element elementor-element-09fc213 elementor-align-center elementor-widget elementor-widget-button\" data-id=\"09fc213\" data-element_type=\"widget\" data-widget_type=\"button.default\">\n\t\t\t\t<div class=\"elementor-widget-container\">\n\t\t\t\t\t\t\t\t\t<div class=\"elementor-button-wrapper\">\n\t\t\t\t\t<a class=\"elementor-button elementor-button-link elementor-size-sm\" href=\"http:\/\/redvin.com.br\/fichas\/Prov\u00edncia%20de%20S\u00e3o%20Pedro%20Chardonnay.pdf\" target=\"_blank\">\n\t\t\t\t\t\t<span class=\"elementor-button-content-wrapper\">\n\t\t\t\t\t\t\t\t\t<span class=\"elementor-button-text\">Baixe a Ficha T\u00e9cnica completa aqui<\/span>\n\t\t\t\t\t<\/span>\n\t\t\t\t\t<\/a>\n\t\t\t\t<\/div>\n\t\t\t\t\t\t\t\t<\/div>\n\t\t\t\t<\/div>\n\t\t\t\t\t<\/div>\n\t\t\t\t<\/div>\n\t\t<div class=\"elementor-element elementor-element-fb0c304 e-flex e-con-boxed e-con e-parent\" data-id=\"fb0c304\" data-element_type=\"container\">\n\t\t\t\t\t<div class=\"e-con-inner\">\n\t\t\t\t\t<\/div>\n\t\t\t\t<\/div>\n\t\t\t\t<\/div>\n\t\t","protected":false},"excerpt":{"rendered":"<p>Um branco que carrega o nome de Prov\u00edncia de S\u00e3o Pedro que foi elaborado 100% com uvas Chardonnay pr\u00f3prias da Campanha Ga\u00facha e que estagiou por sete meses em barricas de carvalho com tosta especial para vinhos brancos.<\/p>\n","protected":false},"author":1,"featured_media":194,"parent":0,"menu_order":0,"comment_status":"closed","ping_status":"closed","template":"","meta":{"footnotes":""},"class_list":["post-200","page","type-page","status-publish","has-post-thumbnail","hentry"],"_links":{"self":[{"href":"https:\/\/redvin.com.br\/red\/pt\/wp-json\/wp\/v2\/pages\/200","targetHints":{"allow":["GET"]}}],"collection":[{"href":"https:\/\/redvin.com.br\/red\/pt\/wp-json\/wp\/v2\/pages"}],"about":[{"href":"https:\/\/redvin.com.br\/red\/pt\/wp-json\/wp\/v2\/types\/page"}],"author":[{"embeddable":true,"href":"https:\/\/redvin.com.br\/red\/pt\/wp-json\/wp\/v2\/users\/1"}],"replies":[{"embeddable":true,"href":"https:\/\/redvin.com.br\/red\/pt\/wp-json\/wp\/v2\/comments?post=200"}],"version-history":[{"count":9,"href":"https:\/\/redvin.com.br\/red\/pt\/wp-json\/wp\/v2\/pages\/200\/revisions"}],"predecessor-version":[{"id":384,"href":"https:\/\/redvin.com.br\/red\/pt\/wp-json\/wp\/v2\/pages\/200\/revisions\/384"}],"wp:featuredmedia":[{"embeddable":true,"href":"https:\/\/redvin.com.br\/red\/pt\/wp-json\/wp\/v2\/media\/194"}],"wp:attachment":[{"href":"https:\/\/redvin.com.br\/red\/pt\/wp-json\/wp\/v2\/media?parent=200"}],"curies":[{"name":"wp","href":"https:\/\/api.w.org\/{rel}","templated":true}]}}