{"id":250,"date":"2024-02-02T18:53:32","date_gmt":"2024-02-02T18:53:32","guid":{"rendered":"https:\/\/redvin.com.br\/red\/?page_id=250"},"modified":"2024-02-02T20:31:50","modified_gmt":"2024-02-02T20:31:50","slug":"marie-gabi-petit-manseng","status":"publish","type":"page","link":"https:\/\/redvin.com.br\/red\/pt\/marie-gabi-petit-manseng\/","title":{"rendered":"Marie Gabi Petit Manseng"},"content":{"rendered":"\t\t<div data-elementor-type=\"wp-page\" data-elementor-id=\"250\" class=\"elementor elementor-250\" data-elementor-post-type=\"page\">\n\t\t\t\t<div class=\"elementor-element elementor-element-1046b21 e-con-full e-flex e-con e-parent\" data-id=\"1046b21\" data-element_type=\"container\">\n\t\t<div class=\"elementor-element elementor-element-5512416 e-con-full e-flex e-con e-child\" data-id=\"5512416\" data-element_type=\"container\">\n\t\t\t\t<div class=\"elementor-element elementor-element-d762f01 elementor-widget elementor-widget-image\" data-id=\"d762f01\" data-element_type=\"widget\" data-widget_type=\"image.default\">\n\t\t\t\t<div class=\"elementor-widget-container\">\n\t\t\t\t\t\t\t\t\t\t\t\t\t\t\t<img fetchpriority=\"high\" decoding=\"async\" width=\"384\" height=\"661\" src=\"https:\/\/redvin.com.br\/red\/wp-content\/uploads\/2024\/01\/Design-sem-nome26.png\" class=\"attachment-full size-full wp-image-92\" alt=\"\" srcset=\"https:\/\/redvin.com.br\/red\/wp-content\/uploads\/2024\/01\/Design-sem-nome26.png 384w, https:\/\/redvin.com.br\/red\/wp-content\/uploads\/2024\/01\/Design-sem-nome26-174x300.png 174w\" sizes=\"(max-width: 384px) 100vw, 384px\" \/>\t\t\t\t\t\t\t\t\t\t\t\t\t\t\t<\/div>\n\t\t\t\t<\/div>\n\t\t\t\t<\/div>\n\t\t<div class=\"elementor-element elementor-element-aa237cd e-con-full e-flex e-con e-child\" data-id=\"aa237cd\" data-element_type=\"container\">\n\t\t\t\t<div class=\"elementor-element elementor-element-a8909be elementor-widget elementor-widget-text-editor\" data-id=\"a8909be\" data-element_type=\"widget\" data-widget_type=\"text-editor.default\">\n\t\t\t\t<div class=\"elementor-widget-container\">\n\t\t\t\t\t\t\t\t\t<div><h2><strong>Marie Gabi Petit Manseng<br \/><\/strong><\/h2><p class=\"cvGsUA direction-ltr align-justify para-style-body\"><span class=\"OYPEnA text-decoration-none text-strikethrough-none\">O vinho branco Marie Gabi Petit Manseng \u00e9 elaborado com <\/span><span class=\"OYPEnA text-decoration-none text-strikethrough-none\">uvas brancas da casta petit manseng.<\/span><span class=\"OYPEnA text-decoration-none text-strikethrough-none\"> Esta casta \u00e9 original do sul da Fran\u00e7a, da regi\u00e3o do Bearn, regi\u00e3o de onde \u00e9 original da fam\u00edlia Darricarr\u00e8re. Este \u00e9 o primeiro vinho varietal da casta no Brasil.<\/span><\/p><p><strong>Variedade<\/strong>: <span class=\"OYPEnA text-decoration-none text-strikethrough-none\">100% Petit Manseng<br \/><\/span><\/p><p><strong>Safra:<\/strong> 2022<\/p><p><strong>Gradua\u00e7\u00e3o Alco\u00f3lica:<\/strong> 14%<\/p><p><strong>Volume:<\/strong> 750ml<\/p><\/div>\t\t\t\t\t\t\t\t<\/div>\n\t\t\t\t<\/div>\n\t\t\t\t<\/div>\n\t\t\t\t<\/div>\n\t\t<div class=\"elementor-element elementor-element-949c4df e-flex e-con-boxed e-con e-parent\" data-id=\"949c4df\" data-element_type=\"container\">\n\t\t\t\t\t<div class=\"e-con-inner\">\n\t\t\t\t<div class=\"elementor-element elementor-element-2c84cf0 elementor-widget elementor-widget-heading\" data-id=\"2c84cf0\" data-element_type=\"widget\" data-widget_type=\"heading.default\">\n\t\t\t\t<div class=\"elementor-widget-container\">\n\t\t\t\t\t<h2 class=\"elementor-heading-title elementor-size-default\">Harmoniza com:<\/h2>\t\t\t\t<\/div>\n\t\t\t\t<\/div>\n\t\t<div class=\"elementor-element elementor-element-986d776 e-flex e-con-boxed e-con e-child\" data-id=\"986d776\" data-element_type=\"container\">\n\t\t\t\t\t<div class=\"e-con-inner\">\n\t\t<div class=\"elementor-element elementor-element-f52ef64 e-con-full e-flex e-con e-child\" data-id=\"f52ef64\" data-element_type=\"container\">\n\t\t\t\t<div class=\"elementor-element elementor-element-91e1ab9 elementor-widget elementor-widget-image\" data-id=\"91e1ab9\" data-element_type=\"widget\" data-widget_type=\"image.default\">\n\t\t\t\t<div class=\"elementor-widget-container\">\n\t\t\t\t\t\t\t\t\t\t\t\t\t\t\t<img decoding=\"async\" width=\"250\" height=\"250\" src=\"https:\/\/redvin.com.br\/red\/wp-content\/uploads\/2024\/02\/Design-sem-nome10.png\" class=\"attachment-large size-large wp-image-253\" alt=\"\" srcset=\"https:\/\/redvin.com.br\/red\/wp-content\/uploads\/2024\/02\/Design-sem-nome10.png 250w, https:\/\/redvin.com.br\/red\/wp-content\/uploads\/2024\/02\/Design-sem-nome10-150x150.png 150w, https:\/\/redvin.com.br\/red\/wp-content\/uploads\/2024\/02\/Design-sem-nome10-12x12.png 12w\" sizes=\"(max-width: 250px) 100vw, 250px\" \/>\t\t\t\t\t\t\t\t\t\t\t\t\t\t\t<\/div>\n\t\t\t\t<\/div>\n\t\t\t\t<div class=\"elementor-element elementor-element-38caf31 elementor-widget elementor-widget-heading\" data-id=\"38caf31\" data-element_type=\"widget\" data-widget_type=\"heading.default\">\n\t\t\t\t<div class=\"elementor-widget-container\">\n\t\t\t\t\t<h2 class=\"elementor-heading-title elementor-size-default\">Cogumelos frescos<\/h2>\t\t\t\t<\/div>\n\t\t\t\t<\/div>\n\t\t\t\t<\/div>\n\t\t<div class=\"elementor-element elementor-element-6d4a82c e-con-full e-flex e-con e-child\" data-id=\"6d4a82c\" data-element_type=\"container\">\n\t\t\t\t<div class=\"elementor-element elementor-element-c4eaffa elementor-widget elementor-widget-image\" data-id=\"c4eaffa\" data-element_type=\"widget\" data-widget_type=\"image.default\">\n\t\t\t\t<div class=\"elementor-widget-container\">\n\t\t\t\t\t\t\t\t\t\t\t\t\t\t\t<img decoding=\"async\" width=\"250\" height=\"250\" src=\"https:\/\/redvin.com.br\/red\/wp-content\/uploads\/2024\/01\/6.png\" class=\"attachment-large size-large wp-image-178\" alt=\"\" srcset=\"https:\/\/redvin.com.br\/red\/wp-content\/uploads\/2024\/01\/6.png 250w, https:\/\/redvin.com.br\/red\/wp-content\/uploads\/2024\/01\/6-150x150.png 150w, https:\/\/redvin.com.br\/red\/wp-content\/uploads\/2024\/01\/6-12x12.png 12w\" sizes=\"(max-width: 250px) 100vw, 250px\" \/>\t\t\t\t\t\t\t\t\t\t\t\t\t\t\t<\/div>\n\t\t\t\t<\/div>\n\t\t\t\t<div class=\"elementor-element elementor-element-e0ee02f elementor-widget elementor-widget-heading\" data-id=\"e0ee02f\" data-element_type=\"widget\" data-widget_type=\"heading.default\">\n\t\t\t\t<div class=\"elementor-widget-container\">\n\t\t\t\t\t<h2 class=\"elementor-heading-title elementor-size-default\">Massas com<br> molhos<\/h2>\t\t\t\t<\/div>\n\t\t\t\t<\/div>\n\t\t\t\t<\/div>\n\t\t<div class=\"elementor-element elementor-element-09843d4 e-con-full e-flex e-con e-child\" data-id=\"09843d4\" data-element_type=\"container\">\n\t\t\t\t<div class=\"elementor-element elementor-element-9a9496d elementor-widget elementor-widget-image\" data-id=\"9a9496d\" data-element_type=\"widget\" data-widget_type=\"image.default\">\n\t\t\t\t<div class=\"elementor-widget-container\">\n\t\t\t\t\t\t\t\t\t\t\t\t\t\t\t<img loading=\"lazy\" decoding=\"async\" width=\"250\" height=\"250\" src=\"https:\/\/redvin.com.br\/red\/wp-content\/uploads\/2024\/02\/Design-sem-nome11.png\" class=\"attachment-large size-large wp-image-254\" alt=\"\" srcset=\"https:\/\/redvin.com.br\/red\/wp-content\/uploads\/2024\/02\/Design-sem-nome11.png 250w, https:\/\/redvin.com.br\/red\/wp-content\/uploads\/2024\/02\/Design-sem-nome11-150x150.png 150w, https:\/\/redvin.com.br\/red\/wp-content\/uploads\/2024\/02\/Design-sem-nome11-12x12.png 12w\" sizes=\"(max-width: 250px) 100vw, 250px\" \/>\t\t\t\t\t\t\t\t\t\t\t\t\t\t\t<\/div>\n\t\t\t\t<\/div>\n\t\t\t\t<div class=\"elementor-element elementor-element-31f10d0 elementor-widget elementor-widget-heading\" data-id=\"31f10d0\" data-element_type=\"widget\" data-widget_type=\"heading.default\">\n\t\t\t\t<div class=\"elementor-widget-container\">\n\t\t\t\t\t<h2 class=\"elementor-heading-title elementor-size-default\">Legumes refogados<\/h2>\t\t\t\t<\/div>\n\t\t\t\t<\/div>\n\t\t\t\t<\/div>\n\t\t<div class=\"elementor-element elementor-element-c4cb46e e-con-full e-flex e-con e-child\" data-id=\"c4cb46e\" data-element_type=\"container\">\n\t\t\t\t<div class=\"elementor-element elementor-element-1b636c8 elementor-widget elementor-widget-image\" data-id=\"1b636c8\" data-element_type=\"widget\" data-widget_type=\"image.default\">\n\t\t\t\t<div class=\"elementor-widget-container\">\n\t\t\t\t\t\t\t\t\t\t\t\t\t\t\t<img loading=\"lazy\" decoding=\"async\" width=\"250\" height=\"250\" src=\"https:\/\/redvin.com.br\/red\/wp-content\/uploads\/2024\/01\/8.png\" class=\"attachment-large size-large wp-image-180\" alt=\"\" srcset=\"https:\/\/redvin.com.br\/red\/wp-content\/uploads\/2024\/01\/8.png 250w, https:\/\/redvin.com.br\/red\/wp-content\/uploads\/2024\/01\/8-150x150.png 150w, https:\/\/redvin.com.br\/red\/wp-content\/uploads\/2024\/01\/8-12x12.png 12w\" sizes=\"(max-width: 250px) 100vw, 250px\" \/>\t\t\t\t\t\t\t\t\t\t\t\t\t\t\t<\/div>\n\t\t\t\t<\/div>\n\t\t\t\t<div class=\"elementor-element elementor-element-cca5592 elementor-widget elementor-widget-heading\" data-id=\"cca5592\" data-element_type=\"widget\" data-widget_type=\"heading.default\">\n\t\t\t\t<div class=\"elementor-widget-container\">\n\t\t\t\t\t<h2 class=\"elementor-heading-title elementor-size-default\">Peixes<\/h2>\t\t\t\t<\/div>\n\t\t\t\t<\/div>\n\t\t\t\t<\/div>\n\t\t\t\t\t<\/div>\n\t\t\t\t<\/div>\n\t\t\t\t<div class=\"elementor-element elementor-element-fa98f69 elementor-align-center elementor-widget elementor-widget-button\" data-id=\"fa98f69\" data-element_type=\"widget\" data-widget_type=\"button.default\">\n\t\t\t\t<div class=\"elementor-widget-container\">\n\t\t\t\t\t\t\t\t\t<div class=\"elementor-button-wrapper\">\n\t\t\t\t\t<a class=\"elementor-button elementor-button-link elementor-size-sm\" href=\"http:\/\/redvin.com.br\/fichas\/Marie%20Gabi%20Petit%20Manseng.pdf\">\n\t\t\t\t\t\t<span class=\"elementor-button-content-wrapper\">\n\t\t\t\t\t\t\t\t\t<span class=\"elementor-button-text\">Baixe a Ficha T\u00e9cnica completa aqui<\/span>\n\t\t\t\t\t<\/span>\n\t\t\t\t\t<\/a>\n\t\t\t\t<\/div>\n\t\t\t\t\t\t\t\t<\/div>\n\t\t\t\t<\/div>\n\t\t\t\t\t<\/div>\n\t\t\t\t<\/div>\n\t\t\t\t<\/div>\n\t\t","protected":false},"excerpt":{"rendered":"<p>Marie Gabi Petit Manseng O vinho branco Marie Gabi Petit Manseng \u00e9 elaborado com uvas brancas da casta petit manseng. Esta casta \u00e9 original do sul da Fran\u00e7a, da regi\u00e3o do Bearn, regi\u00e3o de onde \u00e9 original da fam\u00edlia Darricarr\u00e8re. Este \u00e9 o primeiro vinho varietal da casta no Brasil. Variedade: 100% Petit Manseng Safra: [&hellip;]<\/p>\n","protected":false},"author":1,"featured_media":0,"parent":0,"menu_order":0,"comment_status":"closed","ping_status":"closed","template":"","meta":{"footnotes":""},"class_list":["post-250","page","type-page","status-publish","hentry"],"_links":{"self":[{"href":"https:\/\/redvin.com.br\/red\/pt\/wp-json\/wp\/v2\/pages\/250","targetHints":{"allow":["GET"]}}],"collection":[{"href":"https:\/\/redvin.com.br\/red\/pt\/wp-json\/wp\/v2\/pages"}],"about":[{"href":"https:\/\/redvin.com.br\/red\/pt\/wp-json\/wp\/v2\/types\/page"}],"author":[{"embeddable":true,"href":"https:\/\/redvin.com.br\/red\/pt\/wp-json\/wp\/v2\/users\/1"}],"replies":[{"embeddable":true,"href":"https:\/\/redvin.com.br\/red\/pt\/wp-json\/wp\/v2\/comments?post=250"}],"version-history":[{"count":4,"href":"https:\/\/redvin.com.br\/red\/pt\/wp-json\/wp\/v2\/pages\/250\/revisions"}],"predecessor-version":[{"id":257,"href":"https:\/\/redvin.com.br\/red\/pt\/wp-json\/wp\/v2\/pages\/250\/revisions\/257"}],"wp:attachment":[{"href":"https:\/\/redvin.com.br\/red\/pt\/wp-json\/wp\/v2\/media?parent=250"}],"curies":[{"name":"wp","href":"https:\/\/api.w.org\/{rel}","templated":true}]}}