{"id":258,"date":"2024-02-02T20:45:53","date_gmt":"2024-02-02T20:45:53","guid":{"rendered":"https:\/\/redvin.com.br\/red\/?page_id=258"},"modified":"2024-06-15T17:27:31","modified_gmt":"2024-06-15T17:27:31","slug":"vinho-tinto-red","status":"publish","type":"page","link":"https:\/\/redvin.com.br\/red\/pt\/vinho-tinto-red\/","title":{"rendered":"Vinho Tinto ReD"},"content":{"rendered":"\t\t<div data-elementor-type=\"wp-page\" data-elementor-id=\"258\" class=\"elementor elementor-258\" data-elementor-post-type=\"page\">\n\t\t\t\t<div class=\"elementor-element elementor-element-4ea78ab e-con-full e-flex e-con e-parent\" data-id=\"4ea78ab\" data-element_type=\"container\">\n\t\t<div class=\"elementor-element elementor-element-14cc4fa e-con-full e-flex e-con e-child\" data-id=\"14cc4fa\" data-element_type=\"container\">\n\t\t\t\t<div class=\"elementor-element elementor-element-660487c elementor-widget elementor-widget-image\" data-id=\"660487c\" data-element_type=\"widget\" data-widget_type=\"image.default\">\n\t\t\t\t<div class=\"elementor-widget-container\">\n\t\t\t\t\t\t\t\t\t\t\t\t\t\t\t<img fetchpriority=\"high\" decoding=\"async\" width=\"384\" height=\"661\" src=\"https:\/\/redvin.com.br\/red\/wp-content\/uploads\/2024\/01\/Vinho-da-Kombi.png\" class=\"attachment-2048x2048 size-2048x2048 wp-image-196\" alt=\"\" srcset=\"https:\/\/redvin.com.br\/red\/wp-content\/uploads\/2024\/01\/Vinho-da-Kombi.png 384w, https:\/\/redvin.com.br\/red\/wp-content\/uploads\/2024\/01\/Vinho-da-Kombi-174x300.png 174w, https:\/\/redvin.com.br\/red\/wp-content\/uploads\/2024\/01\/Vinho-da-Kombi-7x12.png 7w\" sizes=\"(max-width: 384px) 100vw, 384px\" \/>\t\t\t\t\t\t\t\t\t\t\t\t\t\t\t<\/div>\n\t\t\t\t<\/div>\n\t\t\t\t<\/div>\n\t\t<div class=\"elementor-element elementor-element-471bde3 e-con-full e-flex e-con e-child\" data-id=\"471bde3\" data-element_type=\"container\">\n\t\t\t\t<div class=\"elementor-element elementor-element-ff4b0d7 elementor-widget elementor-widget-text-editor\" data-id=\"ff4b0d7\" data-element_type=\"widget\" data-widget_type=\"text-editor.default\">\n\t\t\t\t<div class=\"elementor-widget-container\">\n\t\t\t\t\t\t\t\t\t<div><h2><strong><span class=\"OYPEnA text-decoration-none text-strikethrough-none\">Vinho Tinto ReD<br \/><\/span><\/strong><\/h2><p><span class=\"OYPEnA text-decoration-none text-strikethrough-none\">Nosso vinho mais famoso, agora de r\u00f3tulo novo, <\/span><span class=\"OYPEnA text-decoration-none text-strikethrough-none\">criado especialmente para comemorar a safra hist\u00f3rica de 2020<\/span><span class=\"OYPEnA text-decoration-none text-strikethrough-none\"> e que homenageia os 10 anos de safras deste vinho da Kombi. Nele, a Cabernet Sauvignon est\u00e1 absoluta, compondo 100% deste belo vinho de safra excepcional, frutas vermelhas maduras, toques de madeira bem equilibrada.<\/span><\/p><p><strong>Variedade<\/strong>: <span class=\"OYPEnA text-decoration-none text-strikethrough-none\">100% Cabernet Sauvignon<br \/><\/span><\/p><p><strong>Safra:<\/strong> 2022<\/p><p><strong>Gradua\u00e7\u00e3o Alco\u00f3lica:<\/strong> 13,3%<\/p><p><strong>Volume:<\/strong> 750ml<\/p><\/div>\t\t\t\t\t\t\t\t<\/div>\n\t\t\t\t<\/div>\n\t\t\t\t<\/div>\n\t\t\t\t<\/div>\n\t\t<div class=\"elementor-element elementor-element-daec8fc e-flex e-con-boxed e-con e-parent\" data-id=\"daec8fc\" data-element_type=\"container\">\n\t\t\t\t\t<div class=\"e-con-inner\">\n\t\t\t\t<div class=\"elementor-element elementor-element-4b57e9d elementor-widget elementor-widget-heading\" data-id=\"4b57e9d\" data-element_type=\"widget\" data-widget_type=\"heading.default\">\n\t\t\t\t<div class=\"elementor-widget-container\">\n\t\t\t\t\t<h2 class=\"elementor-heading-title elementor-size-default\">Harmoniza com:<\/h2>\t\t\t\t<\/div>\n\t\t\t\t<\/div>\n\t\t<div class=\"elementor-element elementor-element-18bad5e e-flex e-con-boxed e-con e-child\" data-id=\"18bad5e\" data-element_type=\"container\">\n\t\t\t\t\t<div class=\"e-con-inner\">\n\t\t<div class=\"elementor-element elementor-element-bbc452d e-con-full e-flex e-con e-child\" data-id=\"bbc452d\" data-element_type=\"container\">\n\t\t\t\t<div class=\"elementor-element elementor-element-ab7be8a elementor-widget elementor-widget-image\" data-id=\"ab7be8a\" data-element_type=\"widget\" data-widget_type=\"image.default\">\n\t\t\t\t<div class=\"elementor-widget-container\">\n\t\t\t\t\t\t\t\t\t\t\t\t\t\t\t<img decoding=\"async\" width=\"250\" height=\"250\" src=\"https:\/\/redvin.com.br\/red\/wp-content\/uploads\/2024\/02\/Risoto-de-Funghi.png\" class=\"attachment-large size-large wp-image-260\" alt=\"\" srcset=\"https:\/\/redvin.com.br\/red\/wp-content\/uploads\/2024\/02\/Risoto-de-Funghi.png 250w, https:\/\/redvin.com.br\/red\/wp-content\/uploads\/2024\/02\/Risoto-de-Funghi-150x150.png 150w, https:\/\/redvin.com.br\/red\/wp-content\/uploads\/2024\/02\/Risoto-de-Funghi-12x12.png 12w\" sizes=\"(max-width: 250px) 100vw, 250px\" \/>\t\t\t\t\t\t\t\t\t\t\t\t\t\t\t<\/div>\n\t\t\t\t<\/div>\n\t\t\t\t<div class=\"elementor-element elementor-element-215c032 elementor-widget elementor-widget-heading\" data-id=\"215c032\" data-element_type=\"widget\" data-widget_type=\"heading.default\">\n\t\t\t\t<div class=\"elementor-widget-container\">\n\t\t\t\t\t<h2 class=\"elementor-heading-title elementor-size-default\">Risoto de Funghi<\/h2>\t\t\t\t<\/div>\n\t\t\t\t<\/div>\n\t\t\t\t<\/div>\n\t\t<div class=\"elementor-element elementor-element-9d8a7b8 e-con-full e-flex e-con e-child\" data-id=\"9d8a7b8\" data-element_type=\"container\">\n\t\t\t\t<div class=\"elementor-element elementor-element-f365ab7 elementor-widget elementor-widget-image\" data-id=\"f365ab7\" data-element_type=\"widget\" data-widget_type=\"image.default\">\n\t\t\t\t<div class=\"elementor-widget-container\">\n\t\t\t\t\t\t\t\t\t\t\t\t\t\t\t<img decoding=\"async\" width=\"250\" height=\"250\" src=\"https:\/\/redvin.com.br\/red\/wp-content\/uploads\/2024\/02\/Queijo-e-presunto-italiano-ReD.png\" class=\"attachment-large size-large wp-image-261\" alt=\"\" srcset=\"https:\/\/redvin.com.br\/red\/wp-content\/uploads\/2024\/02\/Queijo-e-presunto-italiano-ReD.png 250w, https:\/\/redvin.com.br\/red\/wp-content\/uploads\/2024\/02\/Queijo-e-presunto-italiano-ReD-150x150.png 150w, https:\/\/redvin.com.br\/red\/wp-content\/uploads\/2024\/02\/Queijo-e-presunto-italiano-ReD-12x12.png 12w\" sizes=\"(max-width: 250px) 100vw, 250px\" \/>\t\t\t\t\t\t\t\t\t\t\t\t\t\t\t<\/div>\n\t\t\t\t<\/div>\n\t\t\t\t<div class=\"elementor-element elementor-element-8c8a5c9 elementor-widget elementor-widget-heading\" data-id=\"8c8a5c9\" data-element_type=\"widget\" data-widget_type=\"heading.default\">\n\t\t\t\t<div class=\"elementor-widget-container\">\n\t\t\t\t\t<h2 class=\"elementor-heading-title elementor-size-default\">Queijos e presunto italiano<\/h2>\t\t\t\t<\/div>\n\t\t\t\t<\/div>\n\t\t\t\t<\/div>\n\t\t<div class=\"elementor-element elementor-element-c2086b5 e-con-full e-flex e-con e-child\" data-id=\"c2086b5\" data-element_type=\"container\">\n\t\t\t\t<div class=\"elementor-element elementor-element-7e97b46 elementor-widget elementor-widget-image\" data-id=\"7e97b46\" data-element_type=\"widget\" data-widget_type=\"image.default\">\n\t\t\t\t<div class=\"elementor-widget-container\">\n\t\t\t\t\t\t\t\t\t\t\t\t\t\t\t<img loading=\"lazy\" decoding=\"async\" width=\"250\" height=\"250\" src=\"https:\/\/redvin.com.br\/red\/wp-content\/uploads\/2024\/01\/Design-sem-nome6.png\" class=\"attachment-large size-large wp-image-203\" alt=\"\" srcset=\"https:\/\/redvin.com.br\/red\/wp-content\/uploads\/2024\/01\/Design-sem-nome6.png 250w, https:\/\/redvin.com.br\/red\/wp-content\/uploads\/2024\/01\/Design-sem-nome6-150x150.png 150w, https:\/\/redvin.com.br\/red\/wp-content\/uploads\/2024\/01\/Design-sem-nome6-12x12.png 12w\" sizes=\"(max-width: 250px) 100vw, 250px\" \/>\t\t\t\t\t\t\t\t\t\t\t\t\t\t\t<\/div>\n\t\t\t\t<\/div>\n\t\t\t\t<div class=\"elementor-element elementor-element-126dc1b elementor-widget elementor-widget-heading\" data-id=\"126dc1b\" data-element_type=\"widget\" data-widget_type=\"heading.default\">\n\t\t\t\t<div class=\"elementor-widget-container\">\n\t\t\t\t\t<h2 class=\"elementor-heading-title elementor-size-default\">Massas com molhos leves<\/h2>\t\t\t\t<\/div>\n\t\t\t\t<\/div>\n\t\t\t\t<\/div>\n\t\t<div class=\"elementor-element elementor-element-429711e e-con-full e-flex e-con e-child\" data-id=\"429711e\" data-element_type=\"container\">\n\t\t\t\t<div class=\"elementor-element elementor-element-cd96886 elementor-widget elementor-widget-image\" data-id=\"cd96886\" data-element_type=\"widget\" data-widget_type=\"image.default\">\n\t\t\t\t<div class=\"elementor-widget-container\">\n\t\t\t\t\t\t\t\t\t\t\t\t\t\t\t<img loading=\"lazy\" decoding=\"async\" width=\"250\" height=\"250\" src=\"https:\/\/redvin.com.br\/red\/wp-content\/uploads\/2024\/02\/Galeto.png\" class=\"attachment-large size-large wp-image-262\" alt=\"\" srcset=\"https:\/\/redvin.com.br\/red\/wp-content\/uploads\/2024\/02\/Galeto.png 250w, https:\/\/redvin.com.br\/red\/wp-content\/uploads\/2024\/02\/Galeto-150x150.png 150w, https:\/\/redvin.com.br\/red\/wp-content\/uploads\/2024\/02\/Galeto-12x12.png 12w\" sizes=\"(max-width: 250px) 100vw, 250px\" \/>\t\t\t\t\t\t\t\t\t\t\t\t\t\t\t<\/div>\n\t\t\t\t<\/div>\n\t\t\t\t<div class=\"elementor-element elementor-element-f8a8947 elementor-widget elementor-widget-heading\" data-id=\"f8a8947\" data-element_type=\"widget\" data-widget_type=\"heading.default\">\n\t\t\t\t<div class=\"elementor-widget-container\">\n\t\t\t\t\t<h2 class=\"elementor-heading-title elementor-size-default\">Galeto<\/h2>\t\t\t\t<\/div>\n\t\t\t\t<\/div>\n\t\t\t\t<\/div>\n\t\t\t\t\t<\/div>\n\t\t\t\t<\/div>\n\t\t\t\t\t<\/div>\n\t\t\t\t<\/div>\n\t\t<div class=\"elementor-element elementor-element-f9b0fe6 e-flex e-con-boxed e-con e-parent\" data-id=\"f9b0fe6\" data-element_type=\"container\">\n\t\t\t\t\t<div class=\"e-con-inner\">\n\t\t\t\t<div class=\"elementor-element elementor-element-14fb3a3 elementor-align-center elementor-widget elementor-widget-button\" data-id=\"14fb3a3\" data-element_type=\"widget\" data-widget_type=\"button.default\">\n\t\t\t\t<div class=\"elementor-widget-container\">\n\t\t\t\t\t\t\t\t\t<div class=\"elementor-button-wrapper\">\n\t\t\t\t\t<a class=\"elementor-button elementor-button-link elementor-size-sm\" href=\"https:\/\/redvin.com.br\/fichas\/ReD-vinho-tinto-kombi.pdf\" target=\"_blank\">\n\t\t\t\t\t\t<span class=\"elementor-button-content-wrapper\">\n\t\t\t\t\t\t\t\t\t<span class=\"elementor-button-text\">Baixe a Ficha T\u00e9cnica completa aqui<\/span>\n\t\t\t\t\t<\/span>\n\t\t\t\t\t<\/a>\n\t\t\t\t<\/div>\n\t\t\t\t\t\t\t\t<\/div>\n\t\t\t\t<\/div>\n\t\t\t\t\t<\/div>\n\t\t\t\t<\/div>\n\t\t\t\t<\/div>\n\t\t","protected":false},"excerpt":{"rendered":"<p>Vinho Tinto ReD Nosso vinho mais famoso, agora de r\u00f3tulo novo, criado especialmente para comemorar a safra hist\u00f3rica de 2020 e que homenageia os 10 anos de safras deste vinho da Kombi. Nele, a Cabernet Sauvignon est\u00e1 absoluta, compondo 100% deste belo vinho de safra excepcional, frutas vermelhas maduras, toques de madeira bem equilibrada. Variedade: [&hellip;]<\/p>\n","protected":false},"author":1,"featured_media":0,"parent":0,"menu_order":0,"comment_status":"closed","ping_status":"closed","template":"","meta":{"footnotes":""},"class_list":["post-258","page","type-page","status-publish","hentry"],"_links":{"self":[{"href":"https:\/\/redvin.com.br\/red\/pt\/wp-json\/wp\/v2\/pages\/258","targetHints":{"allow":["GET"]}}],"collection":[{"href":"https:\/\/redvin.com.br\/red\/pt\/wp-json\/wp\/v2\/pages"}],"about":[{"href":"https:\/\/redvin.com.br\/red\/pt\/wp-json\/wp\/v2\/types\/page"}],"author":[{"embeddable":true,"href":"https:\/\/redvin.com.br\/red\/pt\/wp-json\/wp\/v2\/users\/1"}],"replies":[{"embeddable":true,"href":"https:\/\/redvin.com.br\/red\/pt\/wp-json\/wp\/v2\/comments?post=258"}],"version-history":[{"count":16,"href":"https:\/\/redvin.com.br\/red\/pt\/wp-json\/wp\/v2\/pages\/258\/revisions"}],"predecessor-version":[{"id":472,"href":"https:\/\/redvin.com.br\/red\/pt\/wp-json\/wp\/v2\/pages\/258\/revisions\/472"}],"wp:attachment":[{"href":"https:\/\/redvin.com.br\/red\/pt\/wp-json\/wp\/v2\/media?parent=258"}],"curies":[{"name":"wp","href":"https:\/\/api.w.org\/{rel}","templated":true}]}}