{"id":273,"date":"2024-02-02T20:51:43","date_gmt":"2024-02-02T20:51:43","guid":{"rendered":"https:\/\/redvin.com.br\/red\/?page_id=273"},"modified":"2024-06-10T14:57:35","modified_gmt":"2024-06-10T14:57:35","slug":"codename","status":"publish","type":"page","link":"https:\/\/redvin.com.br\/red\/pt\/codename\/","title":{"rendered":"Codename"},"content":{"rendered":"\t\t<div data-elementor-type=\"wp-page\" data-elementor-id=\"273\" class=\"elementor elementor-273\" data-elementor-post-type=\"page\">\n\t\t\t\t<div class=\"elementor-element elementor-element-7ac28a8 e-con-full e-flex e-con e-parent\" data-id=\"7ac28a8\" data-element_type=\"container\">\n\t\t<div class=\"elementor-element elementor-element-fa3f3d3 e-con-full e-flex e-con e-child\" data-id=\"fa3f3d3\" data-element_type=\"container\">\n\t\t\t\t<div class=\"elementor-element elementor-element-324dd88 elementor-widget elementor-widget-image\" data-id=\"324dd88\" data-element_type=\"widget\" data-widget_type=\"image.default\">\n\t\t\t\t<div class=\"elementor-widget-container\">\n\t\t\t\t\t\t\t\t\t\t\t\t\t\t\t<img fetchpriority=\"high\" decoding=\"async\" width=\"384\" height=\"661\" src=\"https:\/\/redvin.com.br\/red\/wp-content\/uploads\/2024\/01\/Codename.png\" class=\"attachment-2048x2048 size-2048x2048 wp-image-195\" alt=\"\" srcset=\"https:\/\/redvin.com.br\/red\/wp-content\/uploads\/2024\/01\/Codename.png 384w, https:\/\/redvin.com.br\/red\/wp-content\/uploads\/2024\/01\/Codename-174x300.png 174w, https:\/\/redvin.com.br\/red\/wp-content\/uploads\/2024\/01\/Codename-7x12.png 7w\" sizes=\"(max-width: 384px) 100vw, 384px\" \/>\t\t\t\t\t\t\t\t\t\t\t\t\t\t\t<\/div>\n\t\t\t\t<\/div>\n\t\t\t\t<\/div>\n\t\t<div class=\"elementor-element elementor-element-9305807 e-con-full e-flex e-con e-child\" data-id=\"9305807\" data-element_type=\"container\">\n\t\t\t\t<div class=\"elementor-element elementor-element-866fc08 elementor-widget elementor-widget-text-editor\" data-id=\"866fc08\" data-element_type=\"widget\" data-widget_type=\"text-editor.default\">\n\t\t\t\t<div class=\"elementor-widget-container\">\n\t\t\t\t\t\t\t\t\t<div><h2><strong><span class=\"OYPEnA text-decoration-none text-strikethrough-none\">CODENAME<br \/><\/span><\/strong><\/h2><p><span class=\"OYPEnA text-decoration-none text-strikethrough-none\">Um Cabernet Sauvignon <\/span><span class=\"OYPEnA text-decoration-none text-strikethrough-none\">elaborado com as melhores uvas, colhidas a m\u00e3o.<\/span><span class=\"OYPEnA text-decoration-none text-strikethrough-none\"> O vinho \u00e9 <\/span><span class=\"OYPEnA text-decoration-none text-strikethrough-none\">envelhecido por 24 meses em barricas de carvalho franc\u00eas <\/span><span class=\"OYPEnA text-decoration-none text-strikethrough-none\">novas Seguin Moreau de tosta premium. Nesta primeira safra foram elaboradas somente 950 garrafas, que resultaram em um vinho tinto elegante, forte e completamente estruturado como um grande vinho tinto franc\u00eas.<\/span><\/p><p><strong>Variedade<\/strong>: <span class=\"OYPEnA text-decoration-none text-strikethrough-none\">100% Cabernet Sauvignon<br \/><\/span><\/p><p><strong>Safra:<\/strong> 2020<\/p><p><strong>Gradua\u00e7\u00e3o Alco\u00f3lica:<\/strong> 13%<\/p><p><strong>Volume:<\/strong> 750ml<\/p><\/div>\t\t\t\t\t\t\t\t<\/div>\n\t\t\t\t<\/div>\n\t\t\t\t<\/div>\n\t\t\t\t<\/div>\n\t\t<div class=\"elementor-element elementor-element-8b3c5cc e-flex e-con-boxed e-con e-parent\" data-id=\"8b3c5cc\" data-element_type=\"container\">\n\t\t\t\t\t<div class=\"e-con-inner\">\n\t\t\t\t<div class=\"elementor-element elementor-element-f18c389 elementor-widget elementor-widget-heading\" data-id=\"f18c389\" data-element_type=\"widget\" data-widget_type=\"heading.default\">\n\t\t\t\t<div class=\"elementor-widget-container\">\n\t\t\t\t\t<h2 class=\"elementor-heading-title elementor-size-default\">Harmoniza com:<\/h2>\t\t\t\t<\/div>\n\t\t\t\t<\/div>\n\t\t<div class=\"elementor-element elementor-element-ffc3c14 e-flex e-con-boxed e-con e-child\" data-id=\"ffc3c14\" data-element_type=\"container\">\n\t\t\t\t\t<div class=\"e-con-inner\">\n\t\t<div class=\"elementor-element elementor-element-c01793a e-con-full e-flex e-con e-child\" data-id=\"c01793a\" data-element_type=\"container\">\n\t\t\t\t<div class=\"elementor-element elementor-element-9c22fce elementor-widget elementor-widget-image\" data-id=\"9c22fce\" data-element_type=\"widget\" data-widget_type=\"image.default\">\n\t\t\t\t<div class=\"elementor-widget-container\">\n\t\t\t\t\t\t\t\t\t\t\t\t\t\t\t<img decoding=\"async\" width=\"250\" height=\"250\" src=\"https:\/\/redvin.com.br\/red\/wp-content\/uploads\/2024\/02\/Queijos-maduros.png\" class=\"attachment-large size-large wp-image-278\" alt=\"\" srcset=\"https:\/\/redvin.com.br\/red\/wp-content\/uploads\/2024\/02\/Queijos-maduros.png 250w, https:\/\/redvin.com.br\/red\/wp-content\/uploads\/2024\/02\/Queijos-maduros-150x150.png 150w, https:\/\/redvin.com.br\/red\/wp-content\/uploads\/2024\/02\/Queijos-maduros-12x12.png 12w\" sizes=\"(max-width: 250px) 100vw, 250px\" \/>\t\t\t\t\t\t\t\t\t\t\t\t\t\t\t<\/div>\n\t\t\t\t<\/div>\n\t\t\t\t<div class=\"elementor-element elementor-element-d20c15e elementor-widget elementor-widget-heading\" data-id=\"d20c15e\" data-element_type=\"widget\" data-widget_type=\"heading.default\">\n\t\t\t\t<div class=\"elementor-widget-container\">\n\t\t\t\t\t<h2 class=\"elementor-heading-title elementor-size-default\">Queijos Maduros<\/h2>\t\t\t\t<\/div>\n\t\t\t\t<\/div>\n\t\t\t\t<\/div>\n\t\t<div class=\"elementor-element elementor-element-a0fbafc e-con-full e-flex e-con e-child\" data-id=\"a0fbafc\" data-element_type=\"container\">\n\t\t\t\t<div class=\"elementor-element elementor-element-dccbc77 elementor-widget elementor-widget-image\" data-id=\"dccbc77\" data-element_type=\"widget\" data-widget_type=\"image.default\">\n\t\t\t\t<div class=\"elementor-widget-container\">\n\t\t\t\t\t\t\t\t\t\t\t\t\t\t\t<img decoding=\"async\" width=\"250\" height=\"250\" src=\"https:\/\/redvin.com.br\/red\/wp-content\/uploads\/2024\/02\/churrasco.png\" class=\"attachment-large size-large wp-image-280\" alt=\"\" srcset=\"https:\/\/redvin.com.br\/red\/wp-content\/uploads\/2024\/02\/churrasco.png 250w, https:\/\/redvin.com.br\/red\/wp-content\/uploads\/2024\/02\/churrasco-150x150.png 150w, https:\/\/redvin.com.br\/red\/wp-content\/uploads\/2024\/02\/churrasco-12x12.png 12w\" sizes=\"(max-width: 250px) 100vw, 250px\" \/>\t\t\t\t\t\t\t\t\t\t\t\t\t\t\t<\/div>\n\t\t\t\t<\/div>\n\t\t\t\t<div class=\"elementor-element elementor-element-212d4da elementor-widget elementor-widget-heading\" data-id=\"212d4da\" data-element_type=\"widget\" data-widget_type=\"heading.default\">\n\t\t\t\t<div class=\"elementor-widget-container\">\n\t\t\t\t\t<h2 class=\"elementor-heading-title elementor-size-default\">Churrascos<\/h2>\t\t\t\t<\/div>\n\t\t\t\t<\/div>\n\t\t\t\t<\/div>\n\t\t<div class=\"elementor-element elementor-element-cae3472 e-con-full e-flex e-con e-child\" data-id=\"cae3472\" data-element_type=\"container\">\n\t\t\t\t<div class=\"elementor-element elementor-element-f2f683c elementor-widget elementor-widget-image\" data-id=\"f2f683c\" data-element_type=\"widget\" data-widget_type=\"image.default\">\n\t\t\t\t<div class=\"elementor-widget-container\">\n\t\t\t\t\t\t\t\t\t\t\t\t\t\t\t<img loading=\"lazy\" decoding=\"async\" width=\"250\" height=\"250\" src=\"https:\/\/redvin.com.br\/red\/wp-content\/uploads\/2024\/02\/churrasco1.png\" class=\"attachment-large size-large wp-image-281\" alt=\"\" srcset=\"https:\/\/redvin.com.br\/red\/wp-content\/uploads\/2024\/02\/churrasco1.png 250w, https:\/\/redvin.com.br\/red\/wp-content\/uploads\/2024\/02\/churrasco1-150x150.png 150w, https:\/\/redvin.com.br\/red\/wp-content\/uploads\/2024\/02\/churrasco1-12x12.png 12w\" sizes=\"(max-width: 250px) 100vw, 250px\" \/>\t\t\t\t\t\t\t\t\t\t\t\t\t\t\t<\/div>\n\t\t\t\t<\/div>\n\t\t\t\t<div class=\"elementor-element elementor-element-9b019df elementor-widget elementor-widget-heading\" data-id=\"9b019df\" data-element_type=\"widget\" data-widget_type=\"heading.default\">\n\t\t\t\t<div class=\"elementor-widget-container\">\n\t\t\t\t\t<h2 class=\"elementor-heading-title elementor-size-default\">Entrecot<\/h2>\t\t\t\t<\/div>\n\t\t\t\t<\/div>\n\t\t\t\t<\/div>\n\t\t<div class=\"elementor-element elementor-element-8adc6fb e-con-full e-flex e-con e-child\" data-id=\"8adc6fb\" data-element_type=\"container\">\n\t\t\t\t<div class=\"elementor-element elementor-element-e28d354 elementor-widget elementor-widget-image\" data-id=\"e28d354\" data-element_type=\"widget\" data-widget_type=\"image.default\">\n\t\t\t\t<div class=\"elementor-widget-container\">\n\t\t\t\t\t\t\t\t\t\t\t\t\t\t\t<img loading=\"lazy\" decoding=\"async\" width=\"250\" height=\"250\" src=\"https:\/\/redvin.com.br\/red\/wp-content\/uploads\/2024\/02\/churrasco2.png\" class=\"attachment-large size-large wp-image-282\" alt=\"\" srcset=\"https:\/\/redvin.com.br\/red\/wp-content\/uploads\/2024\/02\/churrasco2.png 250w, https:\/\/redvin.com.br\/red\/wp-content\/uploads\/2024\/02\/churrasco2-150x150.png 150w, https:\/\/redvin.com.br\/red\/wp-content\/uploads\/2024\/02\/churrasco2-12x12.png 12w\" sizes=\"(max-width: 250px) 100vw, 250px\" \/>\t\t\t\t\t\t\t\t\t\t\t\t\t\t\t<\/div>\n\t\t\t\t<\/div>\n\t\t\t\t<div class=\"elementor-element elementor-element-be5c463 elementor-widget elementor-widget-heading\" data-id=\"be5c463\" data-element_type=\"widget\" data-widget_type=\"heading.default\">\n\t\t\t\t<div class=\"elementor-widget-container\">\n\t\t\t\t\t<h2 class=\"elementor-heading-title elementor-size-default\">Picanha<\/h2>\t\t\t\t<\/div>\n\t\t\t\t<\/div>\n\t\t\t\t<\/div>\n\t\t\t\t\t<\/div>\n\t\t\t\t<\/div>\n\t\t\t\t\t<\/div>\n\t\t\t\t<\/div>\n\t\t<div class=\"elementor-element elementor-element-3458701 e-flex e-con-boxed e-con e-parent\" data-id=\"3458701\" data-element_type=\"container\">\n\t\t\t\t\t<div class=\"e-con-inner\">\n\t\t\t\t<div class=\"elementor-element elementor-element-dae7c32 elementor-align-center elementor-widget elementor-widget-button\" data-id=\"dae7c32\" data-element_type=\"widget\" data-widget_type=\"button.default\">\n\t\t\t\t<div class=\"elementor-widget-container\">\n\t\t\t\t\t\t\t\t\t<div class=\"elementor-button-wrapper\">\n\t\t\t\t\t<a class=\"elementor-button elementor-button-link elementor-size-sm\" href=\"http:\/\/redvin.com.br\/fichas\/CODENAME%20ReD.pdf\" target=\"_blank\">\n\t\t\t\t\t\t<span class=\"elementor-button-content-wrapper\">\n\t\t\t\t\t\t\t\t\t<span class=\"elementor-button-text\">Baixe a Ficha T\u00e9cnica completa aqui<\/span>\n\t\t\t\t\t<\/span>\n\t\t\t\t\t<\/a>\n\t\t\t\t<\/div>\n\t\t\t\t\t\t\t\t<\/div>\n\t\t\t\t<\/div>\n\t\t\t\t\t<\/div>\n\t\t\t\t<\/div>\n\t\t\t\t<\/div>\n\t\t","protected":false},"excerpt":{"rendered":"<p>CODENAME Um Cabernet Sauvignon elaborado com as melhores uvas, colhidas a m\u00e3o. O vinho \u00e9 envelhecido por 24 meses em barricas de carvalho franc\u00eas novas Seguin Moreau de tosta premium. Nesta primeira safra foram elaboradas somente 950 garrafas, que resultaram em um vinho tinto elegante, forte e completamente estruturado como um grande vinho tinto franc\u00eas. [&hellip;]<\/p>\n","protected":false},"author":1,"featured_media":0,"parent":0,"menu_order":0,"comment_status":"closed","ping_status":"closed","template":"","meta":{"footnotes":""},"class_list":["post-273","page","type-page","status-publish","hentry"],"_links":{"self":[{"href":"https:\/\/redvin.com.br\/red\/pt\/wp-json\/wp\/v2\/pages\/273","targetHints":{"allow":["GET"]}}],"collection":[{"href":"https:\/\/redvin.com.br\/red\/pt\/wp-json\/wp\/v2\/pages"}],"about":[{"href":"https:\/\/redvin.com.br\/red\/pt\/wp-json\/wp\/v2\/types\/page"}],"author":[{"embeddable":true,"href":"https:\/\/redvin.com.br\/red\/pt\/wp-json\/wp\/v2\/users\/1"}],"replies":[{"embeddable":true,"href":"https:\/\/redvin.com.br\/red\/pt\/wp-json\/wp\/v2\/comments?post=273"}],"version-history":[{"count":16,"href":"https:\/\/redvin.com.br\/red\/pt\/wp-json\/wp\/v2\/pages\/273\/revisions"}],"predecessor-version":[{"id":461,"href":"https:\/\/redvin.com.br\/red\/pt\/wp-json\/wp\/v2\/pages\/273\/revisions\/461"}],"wp:attachment":[{"href":"https:\/\/redvin.com.br\/red\/pt\/wp-json\/wp\/v2\/media?parent=273"}],"curies":[{"name":"wp","href":"https:\/\/api.w.org\/{rel}","templated":true}]}}