{"id":303,"date":"2024-02-06T15:16:57","date_gmt":"2024-02-06T15:16:57","guid":{"rendered":"https:\/\/redvin.com.br\/red\/?page_id=303"},"modified":"2024-02-23T16:30:42","modified_gmt":"2024-02-23T16:30:42","slug":"espumante-brut-red","status":"publish","type":"page","link":"https:\/\/redvin.com.br\/red\/pt\/espumante-brut-red\/","title":{"rendered":"ESPUMANTE BRUT ReD"},"content":{"rendered":"\t\t<div data-elementor-type=\"wp-page\" data-elementor-id=\"303\" class=\"elementor elementor-303\" data-elementor-post-type=\"page\">\n\t\t\t\t<div class=\"elementor-element elementor-element-85e77b6 e-con-full e-flex e-con e-parent\" data-id=\"85e77b6\" data-element_type=\"container\">\n\t\t<div class=\"elementor-element elementor-element-2774c4a e-con-full e-flex e-con e-child\" data-id=\"2774c4a\" data-element_type=\"container\">\n\t\t\t\t<div class=\"elementor-element elementor-element-35d31e0 elementor-widget elementor-widget-image\" data-id=\"35d31e0\" data-element_type=\"widget\" data-widget_type=\"image.default\">\n\t\t\t\t<div class=\"elementor-widget-container\">\n\t\t\t\t\t\t\t\t\t\t\t\t\t\t\t<img fetchpriority=\"high\" decoding=\"async\" width=\"1080\" height=\"1920\" src=\"https:\/\/redvin.com.br\/red\/wp-content\/uploads\/2024\/02\/red-2.png\" class=\"attachment-2048x2048 size-2048x2048 wp-image-299\" alt=\"\" srcset=\"https:\/\/redvin.com.br\/red\/wp-content\/uploads\/2024\/02\/red-2.png 1080w, https:\/\/redvin.com.br\/red\/wp-content\/uploads\/2024\/02\/red-2-169x300.png 169w, https:\/\/redvin.com.br\/red\/wp-content\/uploads\/2024\/02\/red-2-576x1024.png 576w, https:\/\/redvin.com.br\/red\/wp-content\/uploads\/2024\/02\/red-2-768x1365.png 768w, https:\/\/redvin.com.br\/red\/wp-content\/uploads\/2024\/02\/red-2-864x1536.png 864w, https:\/\/redvin.com.br\/red\/wp-content\/uploads\/2024\/02\/red-2-7x12.png 7w\" sizes=\"(max-width: 1080px) 100vw, 1080px\" \/>\t\t\t\t\t\t\t\t\t\t\t\t\t\t\t<\/div>\n\t\t\t\t<\/div>\n\t\t\t\t<\/div>\n\t\t<div class=\"elementor-element elementor-element-5e1987e e-con-full e-flex e-con e-child\" data-id=\"5e1987e\" data-element_type=\"container\">\n\t\t\t\t<div class=\"elementor-element elementor-element-2485112 elementor-widget elementor-widget-text-editor\" data-id=\"2485112\" data-element_type=\"widget\" data-widget_type=\"text-editor.default\">\n\t\t\t\t<div class=\"elementor-widget-container\">\n\t\t\t\t\t\t\t\t\t<div>\n<h2><strong><span class=\"OYPEnA text-decoration-none text-strikethrough-none\">Espumante Brut ReD<\/span><\/strong><\/h2>\n<p><span class=\"OYPEnA text-decoration-none text-strikethrough-none\">Um espumante brut origin\u00e1rio do terroir da Campanha Ga\u00facha e que representa muito bem a nossa experi\u00eancia em elabora\u00e7\u00e3o de espumantes pelo m\u00e9todo tradicional e que foi <\/span><span class=\"OYPEnA text-decoration-none text-strikethrough-none\">elaborado com nossas melhores parcelas de uvas Chardonnay <\/span><span class=\"OYPEnA text-decoration-none text-strikethrough-none\">de produ\u00e7\u00e3o pr\u00f3pria de Ros\u00e1rio do Sul.<\/span><\/p>\n<p><strong>Variedade<\/strong>: <span class=\"OYPEnA text-decoration-none text-strikethrough-none\">100% Chardonnay<br><\/span><\/p>\n<p><strong>Safra:<\/strong> 2022 (N\u00e3o safrado no r\u00f3tulo)<\/p>\n<p><strong>Gradua\u00e7\u00e3o Alco\u00f3lica:<\/strong> 12%<\/p>\n<p><strong>Volume:<\/strong> 750ml<\/p><\/div>\t\t\t\t\t\t\t\t<\/div>\n\t\t\t\t<\/div>\n\t\t\t\t<\/div>\n\t\t\t\t<\/div>\n\t\t<div class=\"elementor-element elementor-element-7dceb8b e-flex e-con-boxed e-con e-parent\" data-id=\"7dceb8b\" data-element_type=\"container\">\n\t\t\t\t\t<div class=\"e-con-inner\">\n\t\t\t\t<div class=\"elementor-element elementor-element-221be37 elementor-widget elementor-widget-heading\" data-id=\"221be37\" data-element_type=\"widget\" data-widget_type=\"heading.default\">\n\t\t\t\t<div class=\"elementor-widget-container\">\n\t\t\t\t\t<h2 class=\"elementor-heading-title elementor-size-default\">Harmoniza com:<\/h2>\t\t\t\t<\/div>\n\t\t\t\t<\/div>\n\t\t<div class=\"elementor-element elementor-element-fe69b74 e-flex e-con-boxed e-con e-child\" data-id=\"fe69b74\" data-element_type=\"container\">\n\t\t\t\t\t<div class=\"e-con-inner\">\n\t\t<div class=\"elementor-element elementor-element-245fcdd e-con-full e-flex e-con e-child\" data-id=\"245fcdd\" data-element_type=\"container\">\n\t\t\t\t<div class=\"elementor-element elementor-element-c5280b8 elementor-widget elementor-widget-image\" data-id=\"c5280b8\" data-element_type=\"widget\" data-widget_type=\"image.default\">\n\t\t\t\t<div class=\"elementor-widget-container\">\n\t\t\t\t\t\t\t\t\t\t\t\t\t\t\t<img decoding=\"async\" width=\"250\" height=\"250\" src=\"https:\/\/redvin.com.br\/red\/wp-content\/uploads\/2024\/01\/Design-sem-nome5.png\" class=\"attachment-large size-large wp-image-202\" alt=\"\" srcset=\"https:\/\/redvin.com.br\/red\/wp-content\/uploads\/2024\/01\/Design-sem-nome5.png 250w, https:\/\/redvin.com.br\/red\/wp-content\/uploads\/2024\/01\/Design-sem-nome5-150x150.png 150w, https:\/\/redvin.com.br\/red\/wp-content\/uploads\/2024\/01\/Design-sem-nome5-12x12.png 12w\" sizes=\"(max-width: 250px) 100vw, 250px\" \/>\t\t\t\t\t\t\t\t\t\t\t\t\t\t\t<\/div>\n\t\t\t\t<\/div>\n\t\t\t\t<div class=\"elementor-element elementor-element-3bcda2a elementor-widget elementor-widget-heading\" data-id=\"3bcda2a\" data-element_type=\"widget\" data-widget_type=\"heading.default\">\n\t\t\t\t<div class=\"elementor-widget-container\">\n\t\t\t\t\t<h2 class=\"elementor-heading-title elementor-size-default\">Frutos do mar<\/h2>\t\t\t\t<\/div>\n\t\t\t\t<\/div>\n\t\t\t\t<\/div>\n\t\t<div class=\"elementor-element elementor-element-3e2ad25 e-con-full e-flex e-con e-child\" data-id=\"3e2ad25\" data-element_type=\"container\">\n\t\t\t\t<div class=\"elementor-element elementor-element-2f4beae elementor-widget elementor-widget-image\" data-id=\"2f4beae\" data-element_type=\"widget\" data-widget_type=\"image.default\">\n\t\t\t\t<div class=\"elementor-widget-container\">\n\t\t\t\t\t\t\t\t\t\t\t\t\t\t\t<img decoding=\"async\" width=\"250\" height=\"250\" src=\"https:\/\/redvin.com.br\/red\/wp-content\/uploads\/2024\/01\/Design-sem-nome7.png\" class=\"attachment-large size-large wp-image-204\" alt=\"\" srcset=\"https:\/\/redvin.com.br\/red\/wp-content\/uploads\/2024\/01\/Design-sem-nome7.png 250w, https:\/\/redvin.com.br\/red\/wp-content\/uploads\/2024\/01\/Design-sem-nome7-150x150.png 150w, https:\/\/redvin.com.br\/red\/wp-content\/uploads\/2024\/01\/Design-sem-nome7-12x12.png 12w\" sizes=\"(max-width: 250px) 100vw, 250px\" \/>\t\t\t\t\t\t\t\t\t\t\t\t\t\t\t<\/div>\n\t\t\t\t<\/div>\n\t\t\t\t<div class=\"elementor-element elementor-element-e39e6c9 elementor-widget elementor-widget-heading\" data-id=\"e39e6c9\" data-element_type=\"widget\" data-widget_type=\"heading.default\">\n\t\t\t\t<div class=\"elementor-widget-container\">\n\t\t\t\t\t<h2 class=\"elementor-heading-title elementor-size-default\">Peixes<\/h2>\t\t\t\t<\/div>\n\t\t\t\t<\/div>\n\t\t\t\t<\/div>\n\t\t<div class=\"elementor-element elementor-element-36a6875 e-con-full e-flex e-con e-child\" data-id=\"36a6875\" data-element_type=\"container\">\n\t\t\t\t<div class=\"elementor-element elementor-element-a68d2f0 elementor-widget elementor-widget-image\" data-id=\"a68d2f0\" data-element_type=\"widget\" data-widget_type=\"image.default\">\n\t\t\t\t<div class=\"elementor-widget-container\">\n\t\t\t\t\t\t\t\t\t\t\t\t\t\t\t<img loading=\"lazy\" decoding=\"async\" width=\"250\" height=\"250\" src=\"https:\/\/redvin.com.br\/red\/wp-content\/uploads\/2024\/02\/bruschettas.png\" class=\"attachment-large size-large wp-image-304\" alt=\"\" srcset=\"https:\/\/redvin.com.br\/red\/wp-content\/uploads\/2024\/02\/bruschettas.png 250w, https:\/\/redvin.com.br\/red\/wp-content\/uploads\/2024\/02\/bruschettas-150x150.png 150w, https:\/\/redvin.com.br\/red\/wp-content\/uploads\/2024\/02\/bruschettas-12x12.png 12w\" sizes=\"(max-width: 250px) 100vw, 250px\" \/>\t\t\t\t\t\t\t\t\t\t\t\t\t\t\t<\/div>\n\t\t\t\t<\/div>\n\t\t\t\t<div class=\"elementor-element elementor-element-3e724e0 elementor-widget elementor-widget-heading\" data-id=\"3e724e0\" data-element_type=\"widget\" data-widget_type=\"heading.default\">\n\t\t\t\t<div class=\"elementor-widget-container\">\n\t\t\t\t\t<h2 class=\"elementor-heading-title elementor-size-default\">Bruschettas<\/h2>\t\t\t\t<\/div>\n\t\t\t\t<\/div>\n\t\t\t\t<\/div>\n\t\t<div class=\"elementor-element elementor-element-135a2db e-con-full e-flex e-con e-child\" data-id=\"135a2db\" data-element_type=\"container\">\n\t\t\t\t<div class=\"elementor-element elementor-element-d657122 elementor-widget elementor-widget-image\" data-id=\"d657122\" data-element_type=\"widget\" data-widget_type=\"image.default\">\n\t\t\t\t<div class=\"elementor-widget-container\">\n\t\t\t\t\t\t\t\t\t\t\t\t\t\t\t<img loading=\"lazy\" decoding=\"async\" width=\"250\" height=\"250\" src=\"https:\/\/redvin.com.br\/red\/wp-content\/uploads\/2024\/02\/Foccacia.png\" class=\"attachment-large size-large wp-image-305\" alt=\"\" srcset=\"https:\/\/redvin.com.br\/red\/wp-content\/uploads\/2024\/02\/Foccacia.png 250w, https:\/\/redvin.com.br\/red\/wp-content\/uploads\/2024\/02\/Foccacia-150x150.png 150w, https:\/\/redvin.com.br\/red\/wp-content\/uploads\/2024\/02\/Foccacia-12x12.png 12w\" sizes=\"(max-width: 250px) 100vw, 250px\" \/>\t\t\t\t\t\t\t\t\t\t\t\t\t\t\t<\/div>\n\t\t\t\t<\/div>\n\t\t\t\t<div class=\"elementor-element elementor-element-956b244 elementor-widget elementor-widget-heading\" data-id=\"956b244\" data-element_type=\"widget\" data-widget_type=\"heading.default\">\n\t\t\t\t<div class=\"elementor-widget-container\">\n\t\t\t\t\t<h2 class=\"elementor-heading-title elementor-size-default\">Foccacia<\/h2>\t\t\t\t<\/div>\n\t\t\t\t<\/div>\n\t\t\t\t<\/div>\n\t\t\t\t\t<\/div>\n\t\t\t\t<\/div>\n\t\t\t\t\t<\/div>\n\t\t\t\t<\/div>\n\t\t<div class=\"elementor-element elementor-element-b6dd544 e-flex e-con-boxed e-con e-parent\" data-id=\"b6dd544\" data-element_type=\"container\">\n\t\t\t\t\t<div class=\"e-con-inner\">\n\t\t\t\t<div class=\"elementor-element elementor-element-ec86667 elementor-align-center elementor-widget elementor-widget-button\" data-id=\"ec86667\" data-element_type=\"widget\" data-widget_type=\"button.default\">\n\t\t\t\t<div class=\"elementor-widget-container\">\n\t\t\t\t\t\t\t\t\t<div class=\"elementor-button-wrapper\">\n\t\t\t\t\t<a class=\"elementor-button elementor-button-link elementor-size-sm\" href=\"http:\/\/redvin.com.br\/fichas\/REDE%20\u2013%20ESPUMANTE%20BRUT%20ReD.pdf\" target=\"_blank\">\n\t\t\t\t\t\t<span class=\"elementor-button-content-wrapper\">\n\t\t\t\t\t\t\t\t\t<span class=\"elementor-button-text\">Baixe a Ficha T\u00e9cnica completa aqui<\/span>\n\t\t\t\t\t<\/span>\n\t\t\t\t\t<\/a>\n\t\t\t\t<\/div>\n\t\t\t\t\t\t\t\t<\/div>\n\t\t\t\t<\/div>\n\t\t\t\t\t<\/div>\n\t\t\t\t<\/div>\n\t\t\t\t<\/div>\n\t\t","protected":false},"excerpt":{"rendered":"<p>Espumante Brut ReD Um espumante brut origin\u00e1rio do terroir da Campanha Ga\u00facha e que representa muito bem a nossa experi\u00eancia em elabora\u00e7\u00e3o de espumantes pelo m\u00e9todo tradicional e que foi elaborado com nossas melhores parcelas de uvas Chardonnay de produ\u00e7\u00e3o pr\u00f3pria de Ros\u00e1rio do Sul. Variedade: 100% Chardonnay Safra: 2022 (N\u00e3o safrado no r\u00f3tulo) Gradua\u00e7\u00e3o [&hellip;]<\/p>\n","protected":false},"author":1,"featured_media":0,"parent":0,"menu_order":0,"comment_status":"closed","ping_status":"closed","template":"","meta":{"footnotes":""},"class_list":["post-303","page","type-page","status-publish","hentry"],"_links":{"self":[{"href":"https:\/\/redvin.com.br\/red\/pt\/wp-json\/wp\/v2\/pages\/303","targetHints":{"allow":["GET"]}}],"collection":[{"href":"https:\/\/redvin.com.br\/red\/pt\/wp-json\/wp\/v2\/pages"}],"about":[{"href":"https:\/\/redvin.com.br\/red\/pt\/wp-json\/wp\/v2\/types\/page"}],"author":[{"embeddable":true,"href":"https:\/\/redvin.com.br\/red\/pt\/wp-json\/wp\/v2\/users\/1"}],"replies":[{"embeddable":true,"href":"https:\/\/redvin.com.br\/red\/pt\/wp-json\/wp\/v2\/comments?post=303"}],"version-history":[{"count":12,"href":"https:\/\/redvin.com.br\/red\/pt\/wp-json\/wp\/v2\/pages\/303\/revisions"}],"predecessor-version":[{"id":390,"href":"https:\/\/redvin.com.br\/red\/pt\/wp-json\/wp\/v2\/pages\/303\/revisions\/390"}],"wp:attachment":[{"href":"https:\/\/redvin.com.br\/red\/pt\/wp-json\/wp\/v2\/media?parent=303"}],"curies":[{"name":"wp","href":"https:\/\/api.w.org\/{rel}","templated":true}]}}