{"id":327,"date":"2024-02-20T18:18:09","date_gmt":"2024-02-20T18:18:09","guid":{"rendered":"https:\/\/redvin.com.br\/red\/?page_id=327"},"modified":"2024-02-23T15:32:27","modified_gmt":"2024-02-23T15:32:27","slug":"marie-gabi-chardonnay","status":"publish","type":"page","link":"https:\/\/redvin.com.br\/red\/pt\/marie-gabi-chardonnay\/","title":{"rendered":"Marie Gabi Chardonnay"},"content":{"rendered":"\t\t<div data-elementor-type=\"wp-page\" data-elementor-id=\"327\" class=\"elementor elementor-327\" data-elementor-post-type=\"page\">\n\t\t\t\t<div class=\"elementor-element elementor-element-278d167 e-con-full e-flex e-con e-parent\" data-id=\"278d167\" data-element_type=\"container\">\n\t\t<div class=\"elementor-element elementor-element-9597415 e-con-full e-flex e-con e-child\" data-id=\"9597415\" data-element_type=\"container\">\n\t\t\t\t<div class=\"elementor-element elementor-element-22002db elementor-widget elementor-widget-image\" data-id=\"22002db\" data-element_type=\"widget\" data-widget_type=\"image.default\">\n\t\t\t\t<div class=\"elementor-widget-container\">\n\t\t\t\t\t\t\t\t\t\t\t\t\t\t\t<img fetchpriority=\"high\" decoding=\"async\" width=\"384\" height=\"661\" src=\"https:\/\/redvin.com.br\/red\/wp-content\/uploads\/2024\/02\/Marie-Gabi-Chardonnay.png\" class=\"attachment-2048x2048 size-2048x2048 wp-image-321\" alt=\"\" srcset=\"https:\/\/redvin.com.br\/red\/wp-content\/uploads\/2024\/02\/Marie-Gabi-Chardonnay.png 384w, https:\/\/redvin.com.br\/red\/wp-content\/uploads\/2024\/02\/Marie-Gabi-Chardonnay-174x300.png 174w, https:\/\/redvin.com.br\/red\/wp-content\/uploads\/2024\/02\/Marie-Gabi-Chardonnay-7x12.png 7w\" sizes=\"(max-width: 384px) 100vw, 384px\" \/>\t\t\t\t\t\t\t\t\t\t\t\t\t\t\t<\/div>\n\t\t\t\t<\/div>\n\t\t\t\t<\/div>\n\t\t<div class=\"elementor-element elementor-element-bcfa08f e-con-full e-flex e-con e-child\" data-id=\"bcfa08f\" data-element_type=\"container\">\n\t\t\t\t<div class=\"elementor-element elementor-element-b778241 elementor-widget elementor-widget-text-editor\" data-id=\"b778241\" data-element_type=\"widget\" data-widget_type=\"text-editor.default\">\n\t\t\t\t<div class=\"elementor-widget-container\">\n\t\t\t\t\t\t\t\t\t<div><h2><strong><span class=\"OYPEnA text-decoration-none text-strikethrough-none\">Marie Gabi Chardonnay<br \/><\/span><\/strong><\/h2><p class=\"cvGsUA direction-ltr align-justify para-style-body\"><span class=\"OYPEnA text-decoration-none text-strikethrough-none\">O vinho branco Marie Gabi Chardonnay \u00e9 nosso mais recente lan\u00e7amento elaborado com <\/span><span class=\"OYPEnA text-decoration-none text-strikethrough-none\">uvas brancas da casta Chardonnay.<\/span><span class=\"OYPEnA text-decoration-none text-strikethrough-none\"> Esta casta \u00e9 cultivada desde os primeiros meses de nossa Vin\u00edcola em Ros\u00e1rio do Sul. Decidimos n\u00e3o envelhecer este Chardonnay em barricas, buscamos leveza e fruta. Um vinho muito refrescante mesmo!<\/span><\/p><p class=\"cvGsUA direction-ltr align-justify para-style-body\">\u00a0<\/p><p><strong>Variedade<\/strong>: <span class=\"OYPEnA text-decoration-none text-strikethrough-none\">100% Chardonnay<br \/><\/span><\/p><p><strong>Safra:<\/strong> 2023<\/p><p><strong>Gradua\u00e7\u00e3o Alco\u00f3lica:<\/strong> 12,9%<\/p><p><strong>Volume:<\/strong> 750ml<\/p><\/div>\t\t\t\t\t\t\t\t<\/div>\n\t\t\t\t<\/div>\n\t\t\t\t<\/div>\n\t\t\t\t<\/div>\n\t\t<div class=\"elementor-element elementor-element-5afd873 e-flex e-con-boxed e-con e-parent\" data-id=\"5afd873\" data-element_type=\"container\">\n\t\t\t\t\t<div class=\"e-con-inner\">\n\t\t<div class=\"elementor-element elementor-element-260ceea e-flex e-con-boxed e-con e-child\" data-id=\"260ceea\" data-element_type=\"container\">\n\t\t\t\t\t<div class=\"e-con-inner\">\n\t\t\t\t<div class=\"elementor-element elementor-element-8fcb8f2 elementor-widget elementor-widget-heading\" data-id=\"8fcb8f2\" data-element_type=\"widget\" data-widget_type=\"heading.default\">\n\t\t\t\t<div class=\"elementor-widget-container\">\n\t\t\t\t\t<h2 class=\"elementor-heading-title elementor-size-default\">Harmoniza com:<\/h2>\t\t\t\t<\/div>\n\t\t\t\t<\/div>\n\t\t<div class=\"elementor-element elementor-element-393502e e-flex e-con-boxed e-con e-child\" data-id=\"393502e\" data-element_type=\"container\">\n\t\t\t\t\t<div class=\"e-con-inner\">\n\t\t<div class=\"elementor-element elementor-element-3a0c7ea e-con-full e-flex e-con e-child\" data-id=\"3a0c7ea\" data-element_type=\"container\">\n\t\t\t\t<div class=\"elementor-element elementor-element-fcb9b96 elementor-widget elementor-widget-image\" data-id=\"fcb9b96\" data-element_type=\"widget\" data-widget_type=\"image.default\">\n\t\t\t\t<div class=\"elementor-widget-container\">\n\t\t\t\t\t\t\t\t\t\t\t\t\t\t\t<img decoding=\"async\" width=\"250\" height=\"250\" src=\"https:\/\/redvin.com.br\/red\/wp-content\/uploads\/2024\/01\/8.png\" class=\"attachment-large size-large wp-image-180\" alt=\"\" srcset=\"https:\/\/redvin.com.br\/red\/wp-content\/uploads\/2024\/01\/8.png 250w, https:\/\/redvin.com.br\/red\/wp-content\/uploads\/2024\/01\/8-150x150.png 150w, https:\/\/redvin.com.br\/red\/wp-content\/uploads\/2024\/01\/8-12x12.png 12w\" sizes=\"(max-width: 250px) 100vw, 250px\" \/>\t\t\t\t\t\t\t\t\t\t\t\t\t\t\t<\/div>\n\t\t\t\t<\/div>\n\t\t\t\t<div class=\"elementor-element elementor-element-11fa251 elementor-widget elementor-widget-heading\" data-id=\"11fa251\" data-element_type=\"widget\" data-widget_type=\"heading.default\">\n\t\t\t\t<div class=\"elementor-widget-container\">\n\t\t\t\t\t<h2 class=\"elementor-heading-title elementor-size-default\">Peixes grelhados<\/h2>\t\t\t\t<\/div>\n\t\t\t\t<\/div>\n\t\t\t\t<\/div>\n\t\t<div class=\"elementor-element elementor-element-89b5015 e-con-full e-flex e-con e-child\" data-id=\"89b5015\" data-element_type=\"container\">\n\t\t\t\t<div class=\"elementor-element elementor-element-00fece9 elementor-widget elementor-widget-image\" data-id=\"00fece9\" data-element_type=\"widget\" data-widget_type=\"image.default\">\n\t\t\t\t<div class=\"elementor-widget-container\">\n\t\t\t\t\t\t\t\t\t\t\t\t\t\t\t<img decoding=\"async\" width=\"250\" height=\"250\" src=\"https:\/\/redvin.com.br\/red\/wp-content\/uploads\/2024\/01\/Design-sem-nome6.png\" class=\"attachment-large size-large wp-image-203\" alt=\"\" srcset=\"https:\/\/redvin.com.br\/red\/wp-content\/uploads\/2024\/01\/Design-sem-nome6.png 250w, https:\/\/redvin.com.br\/red\/wp-content\/uploads\/2024\/01\/Design-sem-nome6-150x150.png 150w, https:\/\/redvin.com.br\/red\/wp-content\/uploads\/2024\/01\/Design-sem-nome6-12x12.png 12w\" sizes=\"(max-width: 250px) 100vw, 250px\" \/>\t\t\t\t\t\t\t\t\t\t\t\t\t\t\t<\/div>\n\t\t\t\t<\/div>\n\t\t\t\t<div class=\"elementor-element elementor-element-c5a7d0d elementor-widget elementor-widget-heading\" data-id=\"c5a7d0d\" data-element_type=\"widget\" data-widget_type=\"heading.default\">\n\t\t\t\t<div class=\"elementor-widget-container\">\n\t\t\t\t\t<h2 class=\"elementor-heading-title elementor-size-default\">Massas com molho<\/h2>\t\t\t\t<\/div>\n\t\t\t\t<\/div>\n\t\t\t\t<\/div>\n\t\t<div class=\"elementor-element elementor-element-76c4bd5 e-con-full e-flex e-con e-child\" data-id=\"76c4bd5\" data-element_type=\"container\">\n\t\t\t\t<div class=\"elementor-element elementor-element-21f3dff elementor-widget elementor-widget-image\" data-id=\"21f3dff\" data-element_type=\"widget\" data-widget_type=\"image.default\">\n\t\t\t\t<div class=\"elementor-widget-container\">\n\t\t\t\t\t\t\t\t\t\t\t\t\t\t\t<img loading=\"lazy\" decoding=\"async\" width=\"250\" height=\"250\" src=\"https:\/\/redvin.com.br\/red\/wp-content\/uploads\/2024\/02\/Design-sem-nome9.png\" class=\"attachment-large size-large wp-image-252\" alt=\"\" srcset=\"https:\/\/redvin.com.br\/red\/wp-content\/uploads\/2024\/02\/Design-sem-nome9.png 250w, https:\/\/redvin.com.br\/red\/wp-content\/uploads\/2024\/02\/Design-sem-nome9-150x150.png 150w, https:\/\/redvin.com.br\/red\/wp-content\/uploads\/2024\/02\/Design-sem-nome9-12x12.png 12w\" sizes=\"(max-width: 250px) 100vw, 250px\" \/>\t\t\t\t\t\t\t\t\t\t\t\t\t\t\t<\/div>\n\t\t\t\t<\/div>\n\t\t\t\t<div class=\"elementor-element elementor-element-040be9f elementor-widget elementor-widget-heading\" data-id=\"040be9f\" data-element_type=\"widget\" data-widget_type=\"heading.default\">\n\t\t\t\t<div class=\"elementor-widget-container\">\n\t\t\t\t\t<h2 class=\"elementor-heading-title elementor-size-default\">Cogumelos frescos<\/h2>\t\t\t\t<\/div>\n\t\t\t\t<\/div>\n\t\t\t\t<\/div>\n\t\t<div class=\"elementor-element elementor-element-e0c8e4f e-con-full e-flex e-con e-child\" data-id=\"e0c8e4f\" data-element_type=\"container\">\n\t\t\t\t<div class=\"elementor-element elementor-element-e057169 elementor-widget elementor-widget-image\" data-id=\"e057169\" data-element_type=\"widget\" data-widget_type=\"image.default\">\n\t\t\t\t<div class=\"elementor-widget-container\">\n\t\t\t\t\t\t\t\t\t\t\t\t\t\t\t<img loading=\"lazy\" decoding=\"async\" width=\"250\" height=\"250\" src=\"https:\/\/redvin.com.br\/red\/wp-content\/uploads\/2024\/02\/Design-sem-nome11.png\" class=\"attachment-large size-large wp-image-254\" alt=\"\" srcset=\"https:\/\/redvin.com.br\/red\/wp-content\/uploads\/2024\/02\/Design-sem-nome11.png 250w, https:\/\/redvin.com.br\/red\/wp-content\/uploads\/2024\/02\/Design-sem-nome11-150x150.png 150w, https:\/\/redvin.com.br\/red\/wp-content\/uploads\/2024\/02\/Design-sem-nome11-12x12.png 12w\" sizes=\"(max-width: 250px) 100vw, 250px\" \/>\t\t\t\t\t\t\t\t\t\t\t\t\t\t\t<\/div>\n\t\t\t\t<\/div>\n\t\t\t\t<div class=\"elementor-element elementor-element-8a5f87e elementor-widget elementor-widget-heading\" data-id=\"8a5f87e\" data-element_type=\"widget\" data-widget_type=\"heading.default\">\n\t\t\t\t<div class=\"elementor-widget-container\">\n\t\t\t\t\t<h2 class=\"elementor-heading-title elementor-size-default\">Legumes refogados<\/h2>\t\t\t\t<\/div>\n\t\t\t\t<\/div>\n\t\t\t\t<\/div>\n\t\t\t\t\t<\/div>\n\t\t\t\t<\/div>\n\t\t\t\t\t<\/div>\n\t\t\t\t<\/div>\n\t\t\t\t\t<\/div>\n\t\t\t\t<\/div>\n\t\t<div class=\"elementor-element elementor-element-fcbc59d e-flex e-con-boxed e-con e-parent\" data-id=\"fcbc59d\" data-element_type=\"container\">\n\t\t\t\t\t<div class=\"e-con-inner\">\n\t\t\t\t<div class=\"elementor-element elementor-element-7e155d7 elementor-align-center elementor-widget elementor-widget-button\" data-id=\"7e155d7\" data-element_type=\"widget\" data-widget_type=\"button.default\">\n\t\t\t\t<div class=\"elementor-widget-container\">\n\t\t\t\t\t\t\t\t\t<div class=\"elementor-button-wrapper\">\n\t\t\t\t\t<a class=\"elementor-button elementor-button-link elementor-size-sm\" href=\"http:\/\/redvin.com.br\/fichas\/Marie%20Gabi%20chardonnay.pdf\" target=\"_blank\">\n\t\t\t\t\t\t<span class=\"elementor-button-content-wrapper\">\n\t\t\t\t\t\t\t\t\t<span class=\"elementor-button-text\">Baixe a Ficha T\u00e9cnica completa aqui<\/span>\n\t\t\t\t\t<\/span>\n\t\t\t\t\t<\/a>\n\t\t\t\t<\/div>\n\t\t\t\t\t\t\t\t<\/div>\n\t\t\t\t<\/div>\n\t\t\t\t\t<\/div>\n\t\t\t\t<\/div>\n\t\t\t\t<\/div>\n\t\t","protected":false},"excerpt":{"rendered":"<p>Marie Gabi Chardonnay O vinho branco Marie Gabi Chardonnay \u00e9 nosso mais recente lan\u00e7amento elaborado com uvas brancas da casta Chardonnay. Esta casta \u00e9 cultivada desde os primeiros meses de nossa Vin\u00edcola em Ros\u00e1rio do Sul. Decidimos n\u00e3o envelhecer este Chardonnay em barricas, buscamos leveza e fruta. Um vinho muito refrescante mesmo! \u00a0 Variedade: 100% [&hellip;]<\/p>\n","protected":false},"author":1,"featured_media":0,"parent":0,"menu_order":0,"comment_status":"closed","ping_status":"closed","template":"","meta":{"footnotes":""},"class_list":["post-327","page","type-page","status-publish","hentry"],"_links":{"self":[{"href":"https:\/\/redvin.com.br\/red\/pt\/wp-json\/wp\/v2\/pages\/327","targetHints":{"allow":["GET"]}}],"collection":[{"href":"https:\/\/redvin.com.br\/red\/pt\/wp-json\/wp\/v2\/pages"}],"about":[{"href":"https:\/\/redvin.com.br\/red\/pt\/wp-json\/wp\/v2\/types\/page"}],"author":[{"embeddable":true,"href":"https:\/\/redvin.com.br\/red\/pt\/wp-json\/wp\/v2\/users\/1"}],"replies":[{"embeddable":true,"href":"https:\/\/redvin.com.br\/red\/pt\/wp-json\/wp\/v2\/comments?post=327"}],"version-history":[{"count":8,"href":"https:\/\/redvin.com.br\/red\/pt\/wp-json\/wp\/v2\/pages\/327\/revisions"}],"predecessor-version":[{"id":387,"href":"https:\/\/redvin.com.br\/red\/pt\/wp-json\/wp\/v2\/pages\/327\/revisions\/387"}],"wp:attachment":[{"href":"https:\/\/redvin.com.br\/red\/pt\/wp-json\/wp\/v2\/media?parent=327"}],"curies":[{"name":"wp","href":"https:\/\/api.w.org\/{rel}","templated":true}]}}