{"id":337,"date":"2024-02-20T18:59:06","date_gmt":"2024-02-20T18:59:06","guid":{"rendered":"https:\/\/redvin.com.br\/red\/?page_id=337"},"modified":"2024-06-10T15:09:24","modified_gmt":"2024-06-10T15:09:24","slug":"code","status":"publish","type":"page","link":"https:\/\/redvin.com.br\/red\/pt\/code\/","title":{"rendered":"CODE"},"content":{"rendered":"\t\t<div data-elementor-type=\"wp-page\" data-elementor-id=\"337\" class=\"elementor elementor-337\" data-elementor-post-type=\"page\">\n\t\t\t\t<div class=\"elementor-element elementor-element-d0cb917 e-con-full e-flex e-con e-parent\" data-id=\"d0cb917\" data-element_type=\"container\">\n\t\t<div class=\"elementor-element elementor-element-5b8a98a e-con-full e-flex e-con e-child\" data-id=\"5b8a98a\" data-element_type=\"container\">\n\t\t\t\t<div class=\"elementor-element elementor-element-ca57d42 elementor-widget elementor-widget-image\" data-id=\"ca57d42\" data-element_type=\"widget\" data-widget_type=\"image.default\">\n\t\t\t\t<div class=\"elementor-widget-container\">\n\t\t\t\t\t\t\t\t\t\t\t\t\t\t\t<img fetchpriority=\"high\" decoding=\"async\" width=\"1080\" height=\"1920\" src=\"https:\/\/redvin.com.br\/red\/wp-content\/uploads\/2024\/06\/codename-red-chardonnay.png\" class=\"attachment-2048x2048 size-2048x2048 wp-image-464\" alt=\"Codename Red Chardonnay\" srcset=\"https:\/\/redvin.com.br\/red\/wp-content\/uploads\/2024\/06\/codename-red-chardonnay.png 1080w, https:\/\/redvin.com.br\/red\/wp-content\/uploads\/2024\/06\/codename-red-chardonnay-169x300.png 169w, https:\/\/redvin.com.br\/red\/wp-content\/uploads\/2024\/06\/codename-red-chardonnay-576x1024.png 576w, https:\/\/redvin.com.br\/red\/wp-content\/uploads\/2024\/06\/codename-red-chardonnay-768x1365.png 768w, https:\/\/redvin.com.br\/red\/wp-content\/uploads\/2024\/06\/codename-red-chardonnay-864x1536.png 864w, https:\/\/redvin.com.br\/red\/wp-content\/uploads\/2024\/06\/codename-red-chardonnay-7x12.png 7w\" sizes=\"(max-width: 1080px) 100vw, 1080px\" \/>\t\t\t\t\t\t\t\t\t\t\t\t\t\t\t<\/div>\n\t\t\t\t<\/div>\n\t\t\t\t<\/div>\n\t\t<div class=\"elementor-element elementor-element-a3693be e-con-full e-flex e-con e-child\" data-id=\"a3693be\" data-element_type=\"container\">\n\t\t\t\t<div class=\"elementor-element elementor-element-81db4d3 elementor-widget elementor-widget-text-editor\" data-id=\"81db4d3\" data-element_type=\"widget\" data-widget_type=\"text-editor.default\">\n\t\t\t\t<div class=\"elementor-widget-container\">\n\t\t\t\t\t\t\t\t\t<div><h2><strong><span class=\"OYPEnA text-decoration-none text-strikethrough-none\">CODENAME Chardonnay<br \/><\/span><\/strong><\/h2><p><span class=\"OYPEnA text-decoration-none text-strikethrough-none\">Um vinho branco elaborado com as melhores uvas, somente nos melhores anos e que foram colhidas a m\u00e3o. O vinho \u00e9 envelhecido por 9 meses em barricas de carvalho franc\u00eas novas<\/span> <span class=\"OYPEnA text-decoration-none text-strikethrough-none\">de tosta m\u00e9dia especiais. Nesta primeira safra foram elaboradas somente 478 garrafas, que resultaram em um vinho branco elegante, forte e completamente estruturado como um grande vinho branco.<\/span><\/p><p><strong>Variedade<\/strong>: <span class=\"OYPEnA text-decoration-none text-strikethrough-none\">100% Chardonnay<br \/><\/span><\/p><p><strong>Safra:<\/strong> 2022<\/p><p><strong>Gradua\u00e7\u00e3o Alco\u00f3lica:<\/strong> 12,7%<\/p><p><strong>Volume:<\/strong> 750ml<\/p><\/div>\t\t\t\t\t\t\t\t<\/div>\n\t\t\t\t<\/div>\n\t\t\t\t<\/div>\n\t\t\t\t<\/div>\n\t\t<div class=\"elementor-element elementor-element-22fdb1b e-flex e-con-boxed e-con e-parent\" data-id=\"22fdb1b\" data-element_type=\"container\">\n\t\t\t\t\t<div class=\"e-con-inner\">\n\t\t<div class=\"elementor-element elementor-element-d4a2187 e-flex e-con-boxed e-con e-child\" data-id=\"d4a2187\" data-element_type=\"container\">\n\t\t\t\t\t<div class=\"e-con-inner\">\n\t\t\t\t<div class=\"elementor-element elementor-element-fda242c elementor-widget elementor-widget-heading\" data-id=\"fda242c\" data-element_type=\"widget\" data-widget_type=\"heading.default\">\n\t\t\t\t<div class=\"elementor-widget-container\">\n\t\t\t\t\t<h2 class=\"elementor-heading-title elementor-size-default\">Harmoniza com:<\/h2>\t\t\t\t<\/div>\n\t\t\t\t<\/div>\n\t\t<div class=\"elementor-element elementor-element-ee874c5 e-flex e-con-boxed e-con e-child\" data-id=\"ee874c5\" data-element_type=\"container\">\n\t\t\t\t\t<div class=\"e-con-inner\">\n\t\t<div class=\"elementor-element elementor-element-91d3153 e-con-full e-flex e-con e-child\" data-id=\"91d3153\" data-element_type=\"container\">\n\t\t\t\t<div class=\"elementor-element elementor-element-d65d9fa elementor-widget elementor-widget-image\" data-id=\"d65d9fa\" data-element_type=\"widget\" data-widget_type=\"image.default\">\n\t\t\t\t<div class=\"elementor-widget-container\">\n\t\t\t\t\t\t\t\t\t\t\t\t\t\t\t<img decoding=\"async\" width=\"250\" height=\"250\" src=\"https:\/\/redvin.com.br\/red\/wp-content\/uploads\/2024\/01\/Salmao.png\" class=\"attachment-large size-large wp-image-201\" alt=\"\" srcset=\"https:\/\/redvin.com.br\/red\/wp-content\/uploads\/2024\/01\/Salmao.png 250w, https:\/\/redvin.com.br\/red\/wp-content\/uploads\/2024\/01\/Salmao-150x150.png 150w, https:\/\/redvin.com.br\/red\/wp-content\/uploads\/2024\/01\/Salmao-12x12.png 12w\" sizes=\"(max-width: 250px) 100vw, 250px\" \/>\t\t\t\t\t\t\t\t\t\t\t\t\t\t\t<\/div>\n\t\t\t\t<\/div>\n\t\t\t\t<div class=\"elementor-element elementor-element-6b3b04c elementor-widget elementor-widget-heading\" data-id=\"6b3b04c\" data-element_type=\"widget\" data-widget_type=\"heading.default\">\n\t\t\t\t<div class=\"elementor-widget-container\">\n\t\t\t\t\t<h2 class=\"elementor-heading-title elementor-size-default\">Salm\u00e3o ou Bacalhau<\/h2>\t\t\t\t<\/div>\n\t\t\t\t<\/div>\n\t\t\t\t<\/div>\n\t\t<div class=\"elementor-element elementor-element-708302e e-con-full e-flex e-con e-child\" data-id=\"708302e\" data-element_type=\"container\">\n\t\t\t\t<div class=\"elementor-element elementor-element-809b160 elementor-widget elementor-widget-image\" data-id=\"809b160\" data-element_type=\"widget\" data-widget_type=\"image.default\">\n\t\t\t\t<div class=\"elementor-widget-container\">\n\t\t\t\t\t\t\t\t\t\t\t\t\t\t\t<img decoding=\"async\" width=\"250\" height=\"250\" src=\"https:\/\/redvin.com.br\/red\/wp-content\/uploads\/2024\/01\/Design-sem-nome5.png\" class=\"attachment-large size-large wp-image-202\" alt=\"\" srcset=\"https:\/\/redvin.com.br\/red\/wp-content\/uploads\/2024\/01\/Design-sem-nome5.png 250w, https:\/\/redvin.com.br\/red\/wp-content\/uploads\/2024\/01\/Design-sem-nome5-150x150.png 150w, https:\/\/redvin.com.br\/red\/wp-content\/uploads\/2024\/01\/Design-sem-nome5-12x12.png 12w\" sizes=\"(max-width: 250px) 100vw, 250px\" \/>\t\t\t\t\t\t\t\t\t\t\t\t\t\t\t<\/div>\n\t\t\t\t<\/div>\n\t\t\t\t<div class=\"elementor-element elementor-element-97fafc9 elementor-widget elementor-widget-heading\" data-id=\"97fafc9\" data-element_type=\"widget\" data-widget_type=\"heading.default\">\n\t\t\t\t<div class=\"elementor-widget-container\">\n\t\t\t\t\t<h2 class=\"elementor-heading-title elementor-size-default\">Frutos do mar<\/h2>\t\t\t\t<\/div>\n\t\t\t\t<\/div>\n\t\t\t\t<\/div>\n\t\t<div class=\"elementor-element elementor-element-171681d e-con-full e-flex e-con e-child\" data-id=\"171681d\" data-element_type=\"container\">\n\t\t\t\t<div class=\"elementor-element elementor-element-48a40df elementor-widget elementor-widget-image\" data-id=\"48a40df\" data-element_type=\"widget\" data-widget_type=\"image.default\">\n\t\t\t\t<div class=\"elementor-widget-container\">\n\t\t\t\t\t\t\t\t\t\t\t\t\t\t\t<img loading=\"lazy\" decoding=\"async\" width=\"250\" height=\"250\" src=\"https:\/\/redvin.com.br\/red\/wp-content\/uploads\/2024\/01\/Design-sem-nome7.png\" class=\"attachment-large size-large wp-image-204\" alt=\"\" srcset=\"https:\/\/redvin.com.br\/red\/wp-content\/uploads\/2024\/01\/Design-sem-nome7.png 250w, https:\/\/redvin.com.br\/red\/wp-content\/uploads\/2024\/01\/Design-sem-nome7-150x150.png 150w, https:\/\/redvin.com.br\/red\/wp-content\/uploads\/2024\/01\/Design-sem-nome7-12x12.png 12w\" sizes=\"(max-width: 250px) 100vw, 250px\" \/>\t\t\t\t\t\t\t\t\t\t\t\t\t\t\t<\/div>\n\t\t\t\t<\/div>\n\t\t\t\t<div class=\"elementor-element elementor-element-59af335 elementor-widget elementor-widget-heading\" data-id=\"59af335\" data-element_type=\"widget\" data-widget_type=\"heading.default\">\n\t\t\t\t<div class=\"elementor-widget-container\">\n\t\t\t\t\t<h2 class=\"elementor-heading-title elementor-size-default\">Carnes brancas<\/h2>\t\t\t\t<\/div>\n\t\t\t\t<\/div>\n\t\t\t\t<\/div>\n\t\t<div class=\"elementor-element elementor-element-0bdc1ba e-con-full e-flex e-con e-child\" data-id=\"0bdc1ba\" data-element_type=\"container\">\n\t\t\t\t<div class=\"elementor-element elementor-element-18a9806 elementor-widget elementor-widget-image\" data-id=\"18a9806\" data-element_type=\"widget\" data-widget_type=\"image.default\">\n\t\t\t\t<div class=\"elementor-widget-container\">\n\t\t\t\t\t\t\t\t\t\t\t\t\t\t\t<img loading=\"lazy\" decoding=\"async\" width=\"250\" height=\"250\" src=\"https:\/\/redvin.com.br\/red\/wp-content\/uploads\/2024\/01\/Design-sem-nome6.png\" class=\"attachment-large size-large wp-image-203\" alt=\"\" srcset=\"https:\/\/redvin.com.br\/red\/wp-content\/uploads\/2024\/01\/Design-sem-nome6.png 250w, https:\/\/redvin.com.br\/red\/wp-content\/uploads\/2024\/01\/Design-sem-nome6-150x150.png 150w, https:\/\/redvin.com.br\/red\/wp-content\/uploads\/2024\/01\/Design-sem-nome6-12x12.png 12w\" sizes=\"(max-width: 250px) 100vw, 250px\" \/>\t\t\t\t\t\t\t\t\t\t\t\t\t\t\t<\/div>\n\t\t\t\t<\/div>\n\t\t\t\t<div class=\"elementor-element elementor-element-e5dda7b elementor-widget elementor-widget-heading\" data-id=\"e5dda7b\" data-element_type=\"widget\" data-widget_type=\"heading.default\">\n\t\t\t\t<div class=\"elementor-widget-container\">\n\t\t\t\t\t<h2 class=\"elementor-heading-title elementor-size-default\">Massas com molho branco<\/h2>\t\t\t\t<\/div>\n\t\t\t\t<\/div>\n\t\t\t\t<\/div>\n\t\t\t\t\t<\/div>\n\t\t\t\t<\/div>\n\t\t\t\t\t<\/div>\n\t\t\t\t<\/div>\n\t\t\t\t\t<\/div>\n\t\t\t\t<\/div>\n\t\t<div class=\"elementor-element elementor-element-63c2711 e-flex e-con-boxed e-con e-parent\" data-id=\"63c2711\" data-element_type=\"container\">\n\t\t\t\t\t<div class=\"e-con-inner\">\n\t\t\t\t<div class=\"elementor-element elementor-element-451c964 elementor-align-center elementor-widget elementor-widget-button\" data-id=\"451c964\" data-element_type=\"widget\" data-widget_type=\"button.default\">\n\t\t\t\t<div class=\"elementor-widget-container\">\n\t\t\t\t\t\t\t\t\t<div class=\"elementor-button-wrapper\">\n\t\t\t\t\t<a class=\"elementor-button elementor-button-link elementor-size-sm\" href=\"http:\/\/redvin.com.br\/fichas\/COCH%202020-2.pdf\" target=\"_blank\">\n\t\t\t\t\t\t<span class=\"elementor-button-content-wrapper\">\n\t\t\t\t\t\t\t\t\t<span class=\"elementor-button-text\">Baixe a Ficha T\u00e9cnica completa aqui<\/span>\n\t\t\t\t\t<\/span>\n\t\t\t\t\t<\/a>\n\t\t\t\t<\/div>\n\t\t\t\t\t\t\t\t<\/div>\n\t\t\t\t<\/div>\n\t\t\t\t\t<\/div>\n\t\t\t\t<\/div>\n\t\t\t\t<\/div>\n\t\t","protected":false},"excerpt":{"rendered":"<p>CODENAME Chardonnay Um vinho branco elaborado com as melhores uvas, somente nos melhores anos e que foram colhidas a m\u00e3o. O vinho \u00e9 envelhecido por 9 meses em barricas de carvalho franc\u00eas novas de tosta m\u00e9dia especiais. Nesta primeira safra foram elaboradas somente 478 garrafas, que resultaram em um vinho branco elegante, forte e completamente [&hellip;]<\/p>\n","protected":false},"author":1,"featured_media":0,"parent":0,"menu_order":0,"comment_status":"closed","ping_status":"closed","template":"","meta":{"footnotes":""},"class_list":["post-337","page","type-page","status-publish","hentry"],"_links":{"self":[{"href":"https:\/\/redvin.com.br\/red\/pt\/wp-json\/wp\/v2\/pages\/337","targetHints":{"allow":["GET"]}}],"collection":[{"href":"https:\/\/redvin.com.br\/red\/pt\/wp-json\/wp\/v2\/pages"}],"about":[{"href":"https:\/\/redvin.com.br\/red\/pt\/wp-json\/wp\/v2\/types\/page"}],"author":[{"embeddable":true,"href":"https:\/\/redvin.com.br\/red\/pt\/wp-json\/wp\/v2\/users\/1"}],"replies":[{"embeddable":true,"href":"https:\/\/redvin.com.br\/red\/pt\/wp-json\/wp\/v2\/comments?post=337"}],"version-history":[{"count":12,"href":"https:\/\/redvin.com.br\/red\/pt\/wp-json\/wp\/v2\/pages\/337\/revisions"}],"predecessor-version":[{"id":467,"href":"https:\/\/redvin.com.br\/red\/pt\/wp-json\/wp\/v2\/pages\/337\/revisions\/467"}],"wp:attachment":[{"href":"https:\/\/redvin.com.br\/red\/pt\/wp-json\/wp\/v2\/media?parent=337"}],"curies":[{"name":"wp","href":"https:\/\/api.w.org\/{rel}","templated":true}]}}