{"id":510,"date":"2024-09-04T20:50:59","date_gmt":"2024-09-04T20:50:59","guid":{"rendered":"https:\/\/redvin.com.br\/red\/?page_id=510"},"modified":"2024-09-04T20:59:41","modified_gmt":"2024-09-04T20:59:41","slug":"wineexperience","status":"publish","type":"page","link":"https:\/\/redvin.com.br\/red\/pt\/wineexperience\/","title":{"rendered":"Wine Experience ReD Vinhos"},"content":{"rendered":"\t\t<div data-elementor-type=\"wp-page\" data-elementor-id=\"510\" class=\"elementor elementor-510\" data-elementor-post-type=\"page\">\n\t\t\t\t<div class=\"elementor-element elementor-element-968fb8f e-flex e-con-boxed e-con e-parent\" data-id=\"968fb8f\" data-element_type=\"container\">\n\t\t\t\t\t<div class=\"e-con-inner\">\n\t\t\t\t<div class=\"elementor-element elementor-element-4193f4a elementor-widget elementor-widget-image\" data-id=\"4193f4a\" data-element_type=\"widget\" data-widget_type=\"image.default\">\n\t\t\t\t<div class=\"elementor-widget-container\">\n\t\t\t\t\t\t\t\t\t\t\t\t\t\t\t<img fetchpriority=\"high\" decoding=\"async\" width=\"800\" height=\"450\" src=\"https:\/\/redvin.com.br\/red\/wp-content\/uploads\/2024\/09\/EVENTO-WINE-EXPERIENCE-JULIO-GOSTISA-RED-SITE-1024x576.png\" class=\"attachment-large size-large wp-image-512\" alt=\"Evento Wine Experience Julio Gostisa Red Site\" srcset=\"https:\/\/redvin.com.br\/red\/wp-content\/uploads\/2024\/09\/EVENTO-WINE-EXPERIENCE-JULIO-GOSTISA-RED-SITE-1024x576.png 1024w, https:\/\/redvin.com.br\/red\/wp-content\/uploads\/2024\/09\/EVENTO-WINE-EXPERIENCE-JULIO-GOSTISA-RED-SITE-300x169.png 300w, https:\/\/redvin.com.br\/red\/wp-content\/uploads\/2024\/09\/EVENTO-WINE-EXPERIENCE-JULIO-GOSTISA-RED-SITE-768x432.png 768w, https:\/\/redvin.com.br\/red\/wp-content\/uploads\/2024\/09\/EVENTO-WINE-EXPERIENCE-JULIO-GOSTISA-RED-SITE-1536x864.png 1536w, https:\/\/redvin.com.br\/red\/wp-content\/uploads\/2024\/09\/EVENTO-WINE-EXPERIENCE-JULIO-GOSTISA-RED-SITE-18x10.png 18w, https:\/\/redvin.com.br\/red\/wp-content\/uploads\/2024\/09\/EVENTO-WINE-EXPERIENCE-JULIO-GOSTISA-RED-SITE.png 1920w\" sizes=\"(max-width: 800px) 100vw, 800px\" \/>\t\t\t\t\t\t\t\t\t\t\t\t\t\t\t<\/div>\n\t\t\t\t<\/div>\n\t\t\t\t<div class=\"elementor-element elementor-element-89dba93 elementor-widget elementor-widget-text-editor\" data-id=\"89dba93\" data-element_type=\"widget\" data-widget_type=\"text-editor.default\">\n\t\t\t\t<div class=\"elementor-widget-container\">\n\t\t\t\t\t\t\t\t\t<p>Neste<strong> encontro \u00fanico, J\u00falio Gostisa<\/strong> apresentar\u00e1 uma sele\u00e7\u00e3o especial de vinhos da <strong>Vin\u00edcola Routhier &amp; Darricarr\u00e8re<\/strong>, compartilhando seu vasto conhecimento sobre a <strong>ind\u00fastria nacional de vinhos e o terroir da Campanha Ga\u00facha.<\/strong> Ser\u00e1 uma oportunidade imperd\u00edvel para os amantes do vinho explorarem sabores excepcionais em um ambiente sofisticado e acolhedor.<\/p>\t\t\t\t\t\t\t\t<\/div>\n\t\t\t\t<\/div>\n\t\t\t\t\t<\/div>\n\t\t\t\t<\/div>\n\t\t<div class=\"elementor-element elementor-element-2b9d7d6 e-flex e-con-boxed e-con e-parent\" data-id=\"2b9d7d6\" data-element_type=\"container\">\n\t\t\t\t\t<div class=\"e-con-inner\">\n\t\t<div class=\"elementor-element elementor-element-8ea5b64 e-con-full e-flex e-con e-child\" data-id=\"8ea5b64\" data-element_type=\"container\">\n\t\t\t\t<div class=\"elementor-element elementor-element-916ca77 elementor-widget elementor-widget-heading\" data-id=\"916ca77\" data-element_type=\"widget\" data-widget_type=\"heading.default\">\n\t\t\t\t<div class=\"elementor-widget-container\">\n\t\t\t\t\t<h2 class=\"elementor-heading-title elementor-size-default\">13 de Setembro\nSexta-feira\n\u00e0s 18H<\/h2>\t\t\t\t<\/div>\n\t\t\t\t<\/div>\n\t\t\t\t<\/div>\n\t\t<div class=\"elementor-element elementor-element-9530356 e-con-full e-flex e-con e-child\" data-id=\"9530356\" data-element_type=\"container\">\n\t\t\t\t<div class=\"elementor-element elementor-element-84fb567 elementor-widget elementor-widget-text-editor\" data-id=\"84fb567\" data-element_type=\"widget\" data-widget_type=\"text-editor.default\">\n\t\t\t\t<div class=\"elementor-widget-container\">\n\t\t\t\t\t\t\t\t\t<p><strong>Local:<\/strong><\/p><p>Hotel Castelo Saint Andrews. Condom\u00ednio Residencial Vale do Bosque.<\/p><p>Rua das Flores, 171 \u2013 Bairro Belverede<br \/>CEP 95670-242 \u2013 Gramado \u2013 RS<\/p>\t\t\t\t\t\t\t\t<\/div>\n\t\t\t\t<\/div>\n\t\t\t\t<\/div>\n\t\t\t\t\t<\/div>\n\t\t\t\t<\/div>\n\t\t<div class=\"elementor-element elementor-element-3b32418 e-flex e-con-boxed e-con e-parent\" data-id=\"3b32418\" data-element_type=\"container\">\n\t\t\t\t\t<div class=\"e-con-inner\">\n\t\t<div class=\"elementor-element elementor-element-5e2825d e-con-full e-flex e-con e-child\" data-id=\"5e2825d\" data-element_type=\"container\">\n\t\t\t\t<div class=\"elementor-element elementor-element-1ba9aa7 elementor-widget elementor-widget-heading\" data-id=\"1ba9aa7\" data-element_type=\"widget\" data-widget_type=\"heading.default\">\n\t\t\t\t<div class=\"elementor-widget-container\">\n\t\t\t\t\t<h2 class=\"elementor-heading-title elementor-size-default\">Como fazer a reserva:<\/h2>\t\t\t\t<\/div>\n\t\t\t\t<\/div>\n\t\t\t\t<\/div>\n\t\t<div class=\"elementor-element elementor-element-a8d91cf e-con-full e-flex e-con e-child\" data-id=\"a8d91cf\" data-element_type=\"container\">\n\t\t\t\t<div class=\"elementor-element elementor-element-cf01639 elementor-widget elementor-widget-text-editor\" data-id=\"cf01639\" data-element_type=\"widget\" data-widget_type=\"text-editor.default\">\n\t\t\t\t<div class=\"elementor-widget-container\">\n\t\t\t\t\t\t\t\t\t<p><strong>Atrav\u00e9s dos contatos abaixo:<br \/><\/strong><\/p><p>Telefone: (54) 3295-7700 <br \/>WhatsApp: (54 )3295-7721<\/p>\t\t\t\t\t\t\t\t<\/div>\n\t\t\t\t<\/div>\n\t\t\t\t<\/div>\n\t\t\t\t\t<\/div>\n\t\t\t\t<\/div>\n\t\t<div class=\"elementor-element elementor-element-a80cfc7 e-flex e-con-boxed e-con e-parent\" data-id=\"a80cfc7\" data-element_type=\"container\">\n\t\t\t\t\t<div class=\"e-con-inner\">\n\t\t\t\t\t<\/div>\n\t\t\t\t<\/div>\n\t\t<div class=\"elementor-element elementor-element-f50c2e3 e-flex e-con-boxed e-con e-parent\" data-id=\"f50c2e3\" data-element_type=\"container\">\n\t\t\t\t\t<div class=\"e-con-inner\">\n\t\t\t\t<div class=\"elementor-element elementor-element-6fd6748 elementor-headline--style-highlight elementor-widget elementor-widget-animated-headline\" data-id=\"6fd6748\" data-element_type=\"widget\" data-settings=\"{&quot;marker&quot;:&quot;curly&quot;,&quot;highlighted_text&quot;:&quot;Limitadas&quot;,&quot;headline_style&quot;:&quot;highlight&quot;,&quot;loop&quot;:&quot;yes&quot;,&quot;highlight_animation_duration&quot;:1200,&quot;highlight_iteration_delay&quot;:8000}\" data-widget_type=\"animated-headline.default\">\n\t\t\t\t<div class=\"elementor-widget-container\">\n\t\t\t\t\t\t\t<h3 class=\"elementor-headline\">\n\t\t\t\t\t<span class=\"elementor-headline-plain-text elementor-headline-text-wrapper\">Vagas<\/span>\n\t\t\t\t<span class=\"elementor-headline-dynamic-wrapper elementor-headline-text-wrapper\">\n\t\t\t\t\t<span class=\"elementor-headline-dynamic-text elementor-headline-text-active\">Limitadas<\/span>\n\t\t\t\t<\/span>\n\t\t\t\t<\/h3>\n\t\t\t\t\t\t<\/div>\n\t\t\t\t<\/div>\n\t\t\t\t\t<\/div>\n\t\t\t\t<\/div>\n\t\t\t\t<\/div>\n\t\t","protected":false},"excerpt":{"rendered":"<p>Neste encontro \u00fanico, J\u00falio Gostisa apresentar\u00e1 uma sele\u00e7\u00e3o especial de vinhos da Vin\u00edcola Routhier &amp; Darricarr\u00e8re, compartilhando seu vasto conhecimento sobre a ind\u00fastria nacional de vinhos e o terroir da Campanha Ga\u00facha. Ser\u00e1 uma oportunidade imperd\u00edvel para os amantes do vinho explorarem sabores excepcionais em um ambiente sofisticado e acolhedor. 13 de Setembro Sexta-feira \u00e0s [&hellip;]<\/p>\n","protected":false},"author":1,"featured_media":0,"parent":0,"menu_order":0,"comment_status":"closed","ping_status":"closed","template":"","meta":{"footnotes":""},"class_list":["post-510","page","type-page","status-publish","hentry"],"_links":{"self":[{"href":"https:\/\/redvin.com.br\/red\/pt\/wp-json\/wp\/v2\/pages\/510","targetHints":{"allow":["GET"]}}],"collection":[{"href":"https:\/\/redvin.com.br\/red\/pt\/wp-json\/wp\/v2\/pages"}],"about":[{"href":"https:\/\/redvin.com.br\/red\/pt\/wp-json\/wp\/v2\/types\/page"}],"author":[{"embeddable":true,"href":"https:\/\/redvin.com.br\/red\/pt\/wp-json\/wp\/v2\/users\/1"}],"replies":[{"embeddable":true,"href":"https:\/\/redvin.com.br\/red\/pt\/wp-json\/wp\/v2\/comments?post=510"}],"version-history":[{"count":8,"href":"https:\/\/redvin.com.br\/red\/pt\/wp-json\/wp\/v2\/pages\/510\/revisions"}],"predecessor-version":[{"id":519,"href":"https:\/\/redvin.com.br\/red\/pt\/wp-json\/wp\/v2\/pages\/510\/revisions\/519"}],"wp:attachment":[{"href":"https:\/\/redvin.com.br\/red\/pt\/wp-json\/wp\/v2\/media?parent=510"}],"curies":[{"name":"wp","href":"https:\/\/api.w.org\/{rel}","templated":true}]}}