{"id":536,"date":"2024-09-21T19:37:09","date_gmt":"2024-09-21T19:37:09","guid":{"rendered":"https:\/\/redvin.com.br\/red\/?page_id=536"},"modified":"2024-09-21T19:39:27","modified_gmt":"2024-09-21T19:39:27","slug":"eventos","status":"publish","type":"page","link":"https:\/\/redvin.com.br\/red\/pt\/eventos\/","title":{"rendered":"Eventos"},"content":{"rendered":"\t\t<div data-elementor-type=\"wp-page\" data-elementor-id=\"536\" class=\"elementor elementor-536\" data-elementor-post-type=\"page\">\n\t\t\t\t<div class=\"elementor-element elementor-element-53e8583 e-flex e-con-boxed e-con e-parent\" data-id=\"53e8583\" data-element_type=\"container\">\n\t\t\t\t\t<div class=\"e-con-inner\">\n\t\t\t\t<div class=\"elementor-element elementor-element-0dae9c3 elementor-grid-3 elementor-grid-tablet-2 elementor-grid-mobile-1 elementor-posts--thumbnail-top elementor-posts--show-avatar elementor-card-shadow-yes elementor-posts__hover-gradient elementor-widget elementor-widget-posts\" data-id=\"0dae9c3\" data-element_type=\"widget\" data-settings=\"{&quot;cards_columns&quot;:&quot;3&quot;,&quot;cards_columns_tablet&quot;:&quot;2&quot;,&quot;cards_columns_mobile&quot;:&quot;1&quot;,&quot;cards_row_gap&quot;:{&quot;unit&quot;:&quot;px&quot;,&quot;size&quot;:35,&quot;sizes&quot;:[]},&quot;cards_row_gap_tablet&quot;:{&quot;unit&quot;:&quot;px&quot;,&quot;size&quot;:&quot;&quot;,&quot;sizes&quot;:[]},&quot;cards_row_gap_mobile&quot;:{&quot;unit&quot;:&quot;px&quot;,&quot;size&quot;:&quot;&quot;,&quot;sizes&quot;:[]}}\" data-widget_type=\"posts.cards\">\n\t\t\t\t<div class=\"elementor-widget-container\">\n\t\t\t\t\t\t\t<div class=\"elementor-posts-container elementor-posts elementor-posts--skin-cards elementor-grid\">\n\t\t\t\t<article class=\"elementor-post elementor-grid-item post-617 post type-post status-publish format-standard has-post-thumbnail hentry category-eventos\">\n\t\t\t<div class=\"elementor-post__card\">\n\t\t\t\t<a class=\"elementor-post__thumbnail__link\" href=\"https:\/\/redvin.com.br\/red\/pt\/eventos\/evento-rf-vision-restaurante-giratorio-de-gramado\/\" tabindex=\"-1\" ><div class=\"elementor-post__thumbnail\"><img fetchpriority=\"high\" decoding=\"async\" width=\"300\" height=\"225\" src=\"https:\/\/redvin.com.br\/red\/wp-content\/uploads\/2024\/11\/Banner.-Rf-Vision-Hotel-300x225.jpg\" class=\"attachment-medium size-medium wp-image-620\" alt=\"Banner. Rf Vision Hotel\" srcset=\"https:\/\/redvin.com.br\/red\/wp-content\/uploads\/2024\/11\/Banner.-Rf-Vision-Hotel-300x225.jpg 300w, https:\/\/redvin.com.br\/red\/wp-content\/uploads\/2024\/11\/Banner.-Rf-Vision-Hotel-1024x768.jpg 1024w, https:\/\/redvin.com.br\/red\/wp-content\/uploads\/2024\/11\/Banner.-Rf-Vision-Hotel-768x576.jpg 768w, https:\/\/redvin.com.br\/red\/wp-content\/uploads\/2024\/11\/Banner.-Rf-Vision-Hotel-1536x1152.jpg 1536w, https:\/\/redvin.com.br\/red\/wp-content\/uploads\/2024\/11\/Banner.-Rf-Vision-Hotel-16x12.jpg 16w, https:\/\/redvin.com.br\/red\/wp-content\/uploads\/2024\/11\/Banner.-Rf-Vision-Hotel.jpg 2016w\" sizes=\"(max-width: 300px) 100vw, 300px\" \/><\/div><\/a>\n\t\t\t\t<div class=\"elementor-post__badge\">Eventos<\/div>\n\t\t\t\t<div class=\"elementor-post__avatar\">\n\t\t\t<img alt='padilla' src='https:\/\/secure.gravatar.com\/avatar\/64f5627e87b52af4541902bea2d4e8eb5c650772fe6d5a78f93c0b744e9ddf9c?s=128&#038;d=mm&#038;r=g' srcset='https:\/\/secure.gravatar.com\/avatar\/64f5627e87b52af4541902bea2d4e8eb5c650772fe6d5a78f93c0b744e9ddf9c?s=256&#038;d=mm&#038;r=g 2x' class='avatar avatar-128 photo' height='128' width='128' \/>\t\t<\/div>\n\t\t\t\t<div class=\"elementor-post__text\">\n\t\t\t\t<h3 class=\"elementor-post__title\">\n\t\t\t<a href=\"https:\/\/redvin.com.br\/red\/pt\/eventos\/evento-rf-vision-restaurante-giratorio-de-gramado\/\" >\n\t\t\t\tEvento RF Vision | Restaurante Girat\u00f3rio de Gramado 15\/11\t\t\t<\/a>\n\t\t<\/h3>\n\t\t\t\t<div class=\"elementor-post__excerpt\">\n\t\t\t<p>RF Vision: Restaurante Girat\u00f3rio e os Vinhos do Terroir Ga\u00facho Dias Horas Minutos Segundos Venha participar de um evento imperd\u00edvel com J\u00falio Gostisa no Restaurante<\/p>\n\t\t<\/div>\n\t\t\n\t\t<a class=\"elementor-post__read-more\" href=\"https:\/\/redvin.com.br\/red\/pt\/eventos\/evento-rf-vision-restaurante-giratorio-de-gramado\/\" aria-label=\"Read more about Evento RF Vision | Restaurante Girat\u00f3rio de Gramado 15\/11\" tabindex=\"-1\" >\n\t\t\tSaiba mais\u00bb\t\t<\/a>\n\n\t\t\t\t<\/div>\n\t\t\t\t<div class=\"elementor-post__meta-data\">\n\t\t\t\t\t<span class=\"elementor-post-date\">\n\t\t\tnovembro 12, 2024\t\t<\/span>\n\t\t\t\t<span class=\"elementor-post-avatar\">\n\t\t\tNenhum coment\u00e1rio\t\t<\/span>\n\t\t\t\t<\/div>\n\t\t\t\t\t<\/div>\n\t\t<\/article>\n\t\t\t\t<article class=\"elementor-post elementor-grid-item post-600 post type-post status-publish format-standard has-post-thumbnail hentry category-eventos\">\n\t\t\t<div class=\"elementor-post__card\">\n\t\t\t\t<a class=\"elementor-post__thumbnail__link\" href=\"https:\/\/redvin.com.br\/red\/pt\/eventos\/hotel-cercano-red\/\" tabindex=\"-1\" ><div class=\"elementor-post__thumbnail\"><img decoding=\"async\" width=\"300\" height=\"226\" src=\"https:\/\/redvin.com.br\/red\/wp-content\/uploads\/2024\/11\/HotelCercanoFachadaGramadoRSSerraGauchacomerdormirviajar.com04-300x226.png\" class=\"attachment-medium size-medium wp-image-610\" alt=\"Hotel+cercano+fachada+gramado+rs+serra+gaucha+comerdormirviajar.com+04\" srcset=\"https:\/\/redvin.com.br\/red\/wp-content\/uploads\/2024\/11\/HotelCercanoFachadaGramadoRSSerraGauchacomerdormirviajar.com04-300x226.png 300w, https:\/\/redvin.com.br\/red\/wp-content\/uploads\/2024\/11\/HotelCercanoFachadaGramadoRSSerraGauchacomerdormirviajar.com04-768x578.png 768w, https:\/\/redvin.com.br\/red\/wp-content\/uploads\/2024\/11\/HotelCercanoFachadaGramadoRSSerraGauchacomerdormirviajar.com04-16x12.png 16w, https:\/\/redvin.com.br\/red\/wp-content\/uploads\/2024\/11\/HotelCercanoFachadaGramadoRSSerraGauchacomerdormirviajar.com04.png 905w\" sizes=\"(max-width: 300px) 100vw, 300px\" \/><\/div><\/a>\n\t\t\t\t<div class=\"elementor-post__badge\">Eventos<\/div>\n\t\t\t\t<div class=\"elementor-post__avatar\">\n\t\t\t<img alt='padilla' src='https:\/\/secure.gravatar.com\/avatar\/64f5627e87b52af4541902bea2d4e8eb5c650772fe6d5a78f93c0b744e9ddf9c?s=128&#038;d=mm&#038;r=g' srcset='https:\/\/secure.gravatar.com\/avatar\/64f5627e87b52af4541902bea2d4e8eb5c650772fe6d5a78f93c0b744e9ddf9c?s=256&#038;d=mm&#038;r=g 2x' class='avatar avatar-128 photo' height='128' width='128' \/>\t\t<\/div>\n\t\t\t\t<div class=\"elementor-post__text\">\n\t\t\t\t<h3 class=\"elementor-post__title\">\n\t\t\t<a href=\"https:\/\/redvin.com.br\/red\/pt\/eventos\/hotel-cercano-red\/\" >\n\t\t\t\tEvento Hotel Cercano &amp; ReD | 16\/11\t\t\t<\/a>\n\t\t<\/h3>\n\t\t\t\t<div class=\"elementor-post__excerpt\">\n\t\t\t<p>Hotel Cercano | Turismo e os vinhos da Campanha Ga\u00facha Dias Horas Minutos Segundos Venha participar de uma experi\u00eancia exclusiva, e conhecer o terroir da<\/p>\n\t\t<\/div>\n\t\t\n\t\t<a class=\"elementor-post__read-more\" href=\"https:\/\/redvin.com.br\/red\/pt\/eventos\/hotel-cercano-red\/\" aria-label=\"Read more about Evento Hotel Cercano &amp; ReD | 16\/11\" tabindex=\"-1\" >\n\t\t\tSaiba mais\u00bb\t\t<\/a>\n\n\t\t\t\t<\/div>\n\t\t\t\t<div class=\"elementor-post__meta-data\">\n\t\t\t\t\t<span class=\"elementor-post-date\">\n\t\t\tnovembro 12, 2024\t\t<\/span>\n\t\t\t\t<span class=\"elementor-post-avatar\">\n\t\t\tNenhum coment\u00e1rio\t\t<\/span>\n\t\t\t\t<\/div>\n\t\t\t\t\t<\/div>\n\t\t<\/article>\n\t\t\t\t<article class=\"elementor-post elementor-grid-item post-586 post type-post status-publish format-standard has-post-thumbnail hentry category-eventos\">\n\t\t\t<div class=\"elementor-post__card\">\n\t\t\t\t<a class=\"elementor-post__thumbnail__link\" href=\"https:\/\/redvin.com.br\/red\/pt\/eventos\/hotel-valle-dincanto-29-11\/\" tabindex=\"-1\" ><div class=\"elementor-post__thumbnail\"><img decoding=\"async\" width=\"300\" height=\"300\" src=\"https:\/\/redvin.com.br\/red\/wp-content\/uploads\/2024\/11\/Routhier-e-Darricarrere-evento-julio-gostisa-hole-valle-dincanto-1-300x300.jpg\" class=\"attachment-medium size-medium wp-image-599\" alt=\"Routhier E Darricarrere Evento Julio Gostisa Hole Valle Dincanto\" srcset=\"https:\/\/redvin.com.br\/red\/wp-content\/uploads\/2024\/11\/Routhier-e-Darricarrere-evento-julio-gostisa-hole-valle-dincanto-1-300x300.jpg 300w, https:\/\/redvin.com.br\/red\/wp-content\/uploads\/2024\/11\/Routhier-e-Darricarrere-evento-julio-gostisa-hole-valle-dincanto-1-1024x1024.jpg 1024w, https:\/\/redvin.com.br\/red\/wp-content\/uploads\/2024\/11\/Routhier-e-Darricarrere-evento-julio-gostisa-hole-valle-dincanto-1-150x150.jpg 150w, https:\/\/redvin.com.br\/red\/wp-content\/uploads\/2024\/11\/Routhier-e-Darricarrere-evento-julio-gostisa-hole-valle-dincanto-1-768x768.jpg 768w, https:\/\/redvin.com.br\/red\/wp-content\/uploads\/2024\/11\/Routhier-e-Darricarrere-evento-julio-gostisa-hole-valle-dincanto-1-12x12.jpg 12w, https:\/\/redvin.com.br\/red\/wp-content\/uploads\/2024\/11\/Routhier-e-Darricarrere-evento-julio-gostisa-hole-valle-dincanto-1.jpg 1080w\" sizes=\"(max-width: 300px) 100vw, 300px\" \/><\/div><\/a>\n\t\t\t\t<div class=\"elementor-post__badge\">Eventos<\/div>\n\t\t\t\t<div class=\"elementor-post__avatar\">\n\t\t\t<img alt='padilla' src='https:\/\/secure.gravatar.com\/avatar\/64f5627e87b52af4541902bea2d4e8eb5c650772fe6d5a78f93c0b744e9ddf9c?s=128&#038;d=mm&#038;r=g' srcset='https:\/\/secure.gravatar.com\/avatar\/64f5627e87b52af4541902bea2d4e8eb5c650772fe6d5a78f93c0b744e9ddf9c?s=256&#038;d=mm&#038;r=g 2x' class='avatar avatar-128 photo' height='128' width='128' \/>\t\t<\/div>\n\t\t\t\t<div class=\"elementor-post__text\">\n\t\t\t\t<h3 class=\"elementor-post__title\">\n\t\t\t<a href=\"https:\/\/redvin.com.br\/red\/pt\/eventos\/hotel-valle-dincanto-29-11\/\" >\n\t\t\t\tEvento Hotel Valle D\u2019Incanto &amp; ReD | 29\/11\t\t\t<\/a>\n\t\t<\/h3>\n\t\t\t\t<div class=\"elementor-post__excerpt\">\n\t\t\t<p>Vinho e Turismo | Terroir da Campanha Ga\u00facha e a vin\u00edcola ReD Julio Gostisa &#8211; Routhier &amp; Darricarr\u00e8re Dias Horas Minutos Segundos Evento Exclusivo de<\/p>\n\t\t<\/div>\n\t\t\n\t\t<a class=\"elementor-post__read-more\" href=\"https:\/\/redvin.com.br\/red\/pt\/eventos\/hotel-valle-dincanto-29-11\/\" aria-label=\"Read more about Evento Hotel Valle D\u2019Incanto &amp; ReD | 29\/11\" tabindex=\"-1\" >\n\t\t\tSaiba mais\u00bb\t\t<\/a>\n\n\t\t\t\t<\/div>\n\t\t\t\t<div class=\"elementor-post__meta-data\">\n\t\t\t\t\t<span class=\"elementor-post-date\">\n\t\t\tnovembro 12, 2024\t\t<\/span>\n\t\t\t\t<span class=\"elementor-post-avatar\">\n\t\t\tNenhum coment\u00e1rio\t\t<\/span>\n\t\t\t\t<\/div>\n\t\t\t\t\t<\/div>\n\t\t<\/article>\n\t\t\t\t<article class=\"elementor-post elementor-grid-item post-576 post type-post status-publish format-standard hentry category-uncategorized\">\n\t\t\t<div class=\"elementor-post__card\">\n\t\t\t\t<div class=\"elementor-post__text\">\n\t\t\t\t<h3 class=\"elementor-post__title\">\n\t\t\t<a href=\"https:\/\/redvin.com.br\/red\/pt\/uncategorized\/evento-hotel-ritta-hoppner-red\/\" >\n\t\t\t\tInd\u00fastria Vin\u00edcola Nacional e Terroir da Campanha Ga\u00facha | Routhier e Hotel Ritta Hoppner\t\t\t<\/a>\n\t\t<\/h3>\n\t\t\t\t<div class=\"elementor-post__excerpt\">\n\t\t\t<p>\u00a0 Neste evento exclusivo, J\u00falio Gostisa ir\u00e1 apresentar uma sele\u00e7\u00e3o especial de vinhos da Vin\u00edcola Routhier &amp; Darricarr\u00e8re, compartilhando seu extenso conhecimento sobre a ind\u00fastria<\/p>\n\t\t<\/div>\n\t\t\n\t\t<a class=\"elementor-post__read-more\" href=\"https:\/\/redvin.com.br\/red\/pt\/uncategorized\/evento-hotel-ritta-hoppner-red\/\" aria-label=\"Read more about Ind\u00fastria Vin\u00edcola Nacional e Terroir da Campanha Ga\u00facha | Routhier e Hotel Ritta Hoppner\" tabindex=\"-1\" >\n\t\t\tSaiba mais\u00bb\t\t<\/a>\n\n\t\t\t\t<\/div>\n\t\t\t\t<div class=\"elementor-post__meta-data\">\n\t\t\t\t\t<span class=\"elementor-post-date\">\n\t\t\toutubro 23, 2024\t\t<\/span>\n\t\t\t\t<span class=\"elementor-post-avatar\">\n\t\t\tNenhum coment\u00e1rio\t\t<\/span>\n\t\t\t\t<\/div>\n\t\t\t\t\t<\/div>\n\t\t<\/article>\n\t\t\t\t<article class=\"elementor-post elementor-grid-item post-545 post type-post status-publish format-standard hentry category-uncategorized\">\n\t\t\t<div class=\"elementor-post__card\">\n\t\t\t\t<div class=\"elementor-post__text\">\n\t\t\t\t<h3 class=\"elementor-post__title\">\n\t\t\t<a href=\"https:\/\/redvin.com.br\/red\/pt\/uncategorized\/evento-exclusivo-red-e-valle-dincanto\/\" >\n\t\t\t\tEvento Exclusivo| ReD e Valle Dincanto\t\t\t<\/a>\n\t\t<\/h3>\n\t\t\t\t<div class=\"elementor-post__excerpt\">\n\t\t\t<p>Neste evento exclusivo, J\u00falio Gostisa ir\u00e1 apresentar uma sele\u00e7\u00e3o especial de vinhos da Vin\u00edcola Routhier &amp; Darricarr\u00e8re, compartilhando seu extenso conhecimento sobre a ind\u00fastria vin\u00edcola<\/p>\n\t\t<\/div>\n\t\t\n\t\t<a class=\"elementor-post__read-more\" href=\"https:\/\/redvin.com.br\/red\/pt\/uncategorized\/evento-exclusivo-red-e-valle-dincanto\/\" aria-label=\"Read more about Evento Exclusivo| ReD e Valle Dincanto\" tabindex=\"-1\" >\n\t\t\tSaiba mais\u00bb\t\t<\/a>\n\n\t\t\t\t<\/div>\n\t\t\t\t<div class=\"elementor-post__meta-data\">\n\t\t\t\t\t<span class=\"elementor-post-date\">\n\t\t\tsetembro 23, 2024\t\t<\/span>\n\t\t\t\t<span class=\"elementor-post-avatar\">\n\t\t\tNenhum coment\u00e1rio\t\t<\/span>\n\t\t\t\t<\/div>\n\t\t\t\t\t<\/div>\n\t\t<\/article>\n\t\t\t\t<\/div>\n\t\t\n\t\t\t\t\t\t<\/div>\n\t\t\t\t<\/div>\n\t\t\t\t\t<\/div>\n\t\t\t\t<\/div>\n\t\t\t\t<\/div>\n\t\t","protected":false},"excerpt":{"rendered":"","protected":false},"author":1,"featured_media":0,"parent":0,"menu_order":0,"comment_status":"closed","ping_status":"closed","template":"","meta":{"footnotes":""},"class_list":["post-536","page","type-page","status-publish","hentry"],"_links":{"self":[{"href":"https:\/\/redvin.com.br\/red\/pt\/wp-json\/wp\/v2\/pages\/536","targetHints":{"allow":["GET"]}}],"collection":[{"href":"https:\/\/redvin.com.br\/red\/pt\/wp-json\/wp\/v2\/pages"}],"about":[{"href":"https:\/\/redvin.com.br\/red\/pt\/wp-json\/wp\/v2\/types\/page"}],"author":[{"embeddable":true,"href":"https:\/\/redvin.com.br\/red\/pt\/wp-json\/wp\/v2\/users\/1"}],"replies":[{"embeddable":true,"href":"https:\/\/redvin.com.br\/red\/pt\/wp-json\/wp\/v2\/comments?post=536"}],"version-history":[{"count":4,"href":"https:\/\/redvin.com.br\/red\/pt\/wp-json\/wp\/v2\/pages\/536\/revisions"}],"predecessor-version":[{"id":541,"href":"https:\/\/redvin.com.br\/red\/pt\/wp-json\/wp\/v2\/pages\/536\/revisions\/541"}],"wp:attachment":[{"href":"https:\/\/redvin.com.br\/red\/pt\/wp-json\/wp\/v2\/media?parent=536"}],"curies":[{"name":"wp","href":"https:\/\/api.w.org\/{rel}","templated":true}]}}