{"id":636,"date":"2025-01-18T14:51:13","date_gmt":"2025-01-18T14:51:13","guid":{"rendered":"https:\/\/redvin.com.br\/red\/?page_id=636"},"modified":"2025-01-18T14:52:31","modified_gmt":"2025-01-18T14:52:31","slug":"cadastro-de-pessoa-juridica","status":"publish","type":"page","link":"https:\/\/redvin.com.br\/red\/pt\/cadastro-de-pessoa-juridica\/","title":{"rendered":"Cadastro de Pessoa Jur\u00eddica"},"content":{"rendered":"\n<p>Preencha os campos abaixo que entraremos em contato com voc\u00ea para que possa ter nossos r\u00f3tulos em sua loja ou restaurante. <\/p>\n\n\n\n<style type=\"text\/css\">#nex-forms{display:none;}<\/style><div id=\"nf_form_5860\">\r\n\t\t\t\r\n\t\t\t<style type=\"text\/css\">\r\n\t\t\t\r\n\t\t\t\t#nex-forms.venda_para_empresas .nf-loader-lds-spinner div:after {background: #40C4FF; }\r\n\t\t\t\t#nex-forms.venda_para_empresas .nf-loader-lds-grid div {background: #40C4FF; }\r\n\t\t\t\t#nex-forms.venda_para_empresas .nf-loader-lds-ellipsis div { background: #40C4FF;}\r\n\t\t\t\t#nex-forms.venda_para_empresas .nf-loader-lds-default div {background: #40C4FF;}\r\n\t\t\t\t#nex-forms.venda_para_empresas .nf-loader-lds-roller div:after {background: #40C4FF;}\r\n\t\t\t\t#nex-forms.venda_para_empresas .nf-loader-lds-heart div,\r\n\t\t\t\t#nex-forms.venda_para_empresas .nf-loader-lds-heart div:after,\r\n\t\t\t\t#nex-forms.venda_para_empresas .nf-loader-lds-heart div:before {background: #40C4FF;}\r\n\t\r\n\t\t\t\t\r\n\t\t\t\t#nex-forms.venda_para_empresas .nf-loader-lds-facebook div {background: #40C4FF;}\r\n\t\t\t\t#nex-forms.venda_para_empresas .nf-loader-lds-circle > div {background: #40C4FF;}\r\n\t\t\t\t\r\n\t\t\t\t#nex-forms.venda_para_empresas .nf-loader-lds-dual-ring:after {border: 6px solid #40C4FF;border-color: #40C4FF transparent #40C4FF transparent;}\r\n\t\t\t\t#nex-forms.venda_para_empresas .nf-loader-lds-ring div {border: 8px solid #40C4FF;border-color: #40C4FF transparent transparent transparent;}\r\n\t\t\t\t#nex-forms.venda_para_empresas .nf-loader-lds-hourglass:after {border: 32px solid #40C4FF;border-color: #40C4FF transparent #40C4FF transparent;}\r\n\t\t\t\t#nex-forms.venda_para_empresas .nf-loader-lds-ripple div {border: 4px solid #40C4FF;}\r\n\t\t\t<\/style>\r\n\t\t\t\r\n\t\t\t\r\n\t\t\t<div id=\"nex-forms\" data-loader=\"ellipsis\" data-msg-hide-form=\"yes\" data-msg-position=\"top\" data-msg-placement=\"outside\"  class=\"nex-forms venda_para_empresas  \"><div class=\"pre_fill_fields\"><\/div><div class=\"set_form_theme theme-default\"><div class=\"nex_success_message msg_top msgv2 animated hidden\" style=\"display:none;\"><div class=\"nex_success_message_container\" style=\"background: #fff;box-shadow: #00000033 0px 7px 16px 0px;border-radius: 4px;padding: 30px;border-color:#ddd\"><div class=\"msg_text\"><div class=\"form_field all_fields icon html_fields wow bounceInUp\" style=\"margin-bottom: 15px\" id=\"_21501\" data-animation-name=\"bounceInUp\">\n\t\t\t\t\t\t\t  <div class=\"edit_mask\"><\/div>\n\t\t\t\t\t\t\t  \n\t\t\t\t\t\t\t\t<div class=\"icon_container_wrapper icon_center\">\n\t\t\t\t\t\t\t\t  <div class=\"icon_container\" id=\"field_container\" style=\"border-width: 0px;background-color: transparent\">\n\t\t\t\t\t\t\t\t\t<div class=\"\">\n\t\t\t\t\t\t\t\t\t  <div class=\"input_container\">\n\t\t\t\t\t\t\t\t\t\t<div class=\"the_input_element icon_element\" style=\"font-size: 50px;color: #2979ff\"><span class=\"fas fa-check-circle\"><\/span><\/div>\n\t\t\t\t\t\t\t\t\t  <\/div>\n\t\t\t\t\t\t\t\t\t<\/div>\n\t\t\t\t\t\t\t\t  <\/div>\n\t\t\t\t\t\t\t\t  \n\t\t\t\t\t\t\t\t<\/div>\n\t\t\t\t\t\t\t  \n\t\t\t\t\t\t\t<\/div>\n\t\t\t\t\t\t\t<div class=\"form_field all_fields html html_fields wow fadeInDown\" style=\"margin-bottom: 15px\" data-animation-name=\"fadeInDown\" data-wow-delay=\"0.5s\" id=\"_2810\">\n\t\t\t\t\t\t\t  <div class=\"edit_mask\"><\/div>\n\t\t\t\t\t\t\t  \n\t\t\t\t\t\t\t\t<div class=\"row\">\n\t\t\t\t\t\t\t\t  <div class=\"col-sm-12\" id=\"field_container\">\n\t\t\t\t\t\t\t\t\t<div class=\"row\">\n\t\t\t\t\t\t\t\t\t  <div class=\"col-sm-12 input_container\">\n\t\t\t\t\t\t\t\t\t\t<div class=\"the_input_element align_center\" data-math-equation=\"\" data-original-math-equation=\"\" data-decimal-places=\"0\">Seu cadastro foi conclu\u00eddo com sucesso em at\u00e9 24H entraremos em contato com voc\u00ea!<\/div>\n\t\t\t\t\t\t\t\t\t\t<div style=\"clear:both\"><\/div>\n\t\t\t\t\t\t\t\t\t  <\/div>\n\t\t\t\t\t\t\t\t\t<\/div>\n\t\t\t\t\t\t\t\t  <\/div>\n\t\t\t\t\t\t\t\t  \n\t\t\t\t\t\t\t\t<\/div>\n\t\t\t\t\t\t\t  \n\t\t\t\t\t\t\t<\/div><\/div><\/div><\/div><div data-timer-start=\"1\" data-timer-end=\"0\" class=\"inner-canvas-container ui-nex-forms-container ui-nex-forms-container-fe  bootstrap\" id=\"ui-nex-forms-container-1\"  ><div class=\"current_step\" style=\"display:none;\">1<\/div><div class=\"last_visited_step\" style=\"display:none;\">1<\/div><div class=\"nex-forms-header-footer nex-forms-header timer_inline timer_right no-front-end\"><\/div><div id=\"the_plugin_url\" style=\"display:none;\">https:\/\/redvin.com.br\/red\/wp-content\/plugins\/nex-forms-express-wp-form-builder<\/div><div id=\"nf_save_form_progress\" style=\"display:none;\">false<\/div><div class=\"hidden\" id=\"nf_ajax_url\" style=\"display:none;\">https:\/\/redvin.com.br\/red\/wp-admin\/admin-ajax.php<\/div><div class=\"hidden\" id=\"paypal_return_url\" style=\"display:none;\">https:\/\/redvin.com.br\/red\/pt\/wp-json\/wp\/v2\/pages\/636<\/div><div class=\"hidden\" id=\"ms_scroll_to_top\" style=\"display:none;\">yes<\/div><div class=\"v7_container form_type_normal   \" style=\"background: #FFFFFF;box-shadow: #00000033 0px 7px 16px 0px;border-radius: 4px;padding: 30px;border-color:#ddd\"><div class=\"current_field_on_focus\" style=\"display:none\">1<\/div><form id=\"1\" class=\"submit-nex-form nex-forms-1\" data-form-id=\"1\" name=\"nex_form\" action=\"https:\/\/redvin.com.br\/red\/wp-admin\/admin-ajax.php\" method=\"post\" enctype=\"multipart\/form-data\"><div class=\"step_transition_in\" style=\"display:none;\">fadeIn<\/div><div class=\"step_transition_out\" style=\"display:none;\">fadeOut<\/div><input type=\"hidden\" name=\"nex_forms_Id\" value=\"1\"><input type=\"hidden\" name=\"ip\" value=\"216.73.216.38\"><input type=\"hidden\" name=\"nf_page_id\" value=\"636\"><input type=\"hidden\" name=\"nf_page_title\" value=\"Cadastro de Pessoa Jur\u00eddica\"><input type=\"text\" name=\"company_url\" value=\"\" placeholder=\"enter company url\" class=\"form-control req\">\n\t\t\t\t\t\t\t<div class=\"form_field hidden\" id=\"_64642\" style=\"\">\n\t\t\t\t\t\t\t\t<input class=\"ms_current_step\" value=\"1\" name=\"ms_current_step\" type=\"hidden\" autocomplete=\"enabled\" id=\"_64642__ms_current_step\">\n\t\t\t\t\t\t\t<\/div>\n\t\t\t\t\t\t\t<div class=\"form_field all_fields name preset_fields required has_prefix_icon\" style=\"margin-bottom: 15px\" id=\"_89925\"><div class=\"row\"><div class=\"col-sm-12\" id=\"field_container\"><div class=\"row\"><div class=\"col-sm-12 label_container align_left\"><label class=\"nf_title \" for=\"input__89925\"><span class=\"the_label\" style=\"font-size: 13px;color: #5b5b5b\">Nome<\/span><\/label><\/div><div class=\"col-sm-12  input_container\"><div class=\"input-group\"><span class=\"input-group-addon prefix \" style=\"color: #888888;background: white;border-color: #dddddd\"><span class=\"fa fas fa-user\" style=\"font-size: 17px\"><\/span><\/span><input type=\"text\" name=\"nome\" class=\"error_message required form-control the_input_element aling_left align_left\" data-onfocus-color=\"#66AFE9\" data-drop-focus-swadow=\"1\" data-placement=\"bottom\" data-content=\"Required\" title=\"\" data-secondary-message=\"\" data-text-transform=\"ucf\" style=\"font-size: 13px;color: #5b5b5b;background: white;border-color: #dddddd\" id=\"input__89925\" autocomplete=\"enabled\"><\/div><\/div><\/div><\/div><\/div><\/div><div class=\"form_field all_fields name preset_fields required has_prefix_icon\" style=\"margin-bottom: 15px\" id=\"_60960\"><div class=\"row\"><div class=\"col-sm-12\" id=\"field_container\"><div class=\"row\"><div class=\"col-sm-12 label_container align_left\"><label class=\"nf_title \" for=\"input__60960\"><span class=\"the_label\" style=\"font-size: 13px;color: #5b5b5b\">Raz\u00e3o Social<\/span><\/label><\/div><div class=\"col-sm-12  input_container\"><div class=\"input-group\"><span class=\"input-group-addon prefix \" style=\"color: #888888;background: white;border-color: #dddddd\"><span class=\"fa-solid fa-city\" style=\"font-size: 17px\"><\/span><\/span><input type=\"text\" name=\"raz\u00e3o_social\" class=\"error_message required form-control the_input_element aling_left align_left\" data-onfocus-color=\"#66AFE9\" data-drop-focus-swadow=\"1\" data-placement=\"bottom\" data-content=\"Required\" title=\"\" data-secondary-message=\"\" data-text-transform=\"ucf\" style=\"font-size: 13px;color: #5b5b5b;background: white;border-color: #dddddd\" id=\"input__60960\" autocomplete=\"enabled\"><\/div><\/div><\/div><\/div><\/div><\/div><div class=\"form_field all_fields text common_fields required numbers_only\" style=\"margin-bottom: 15px\" id=\"_4842\" data-animation-name=\"no_animation\"><div class=\"row\"><div class=\"col-sm-12\" id=\"field_container\"><div class=\"row\"><div class=\"col-sm-12 label_container align_left\"><label class=\"nf_title \" for=\"input__4842\"><span class=\"the_label\" style=\"font-size: 13px;color: #5b5b5b\">*CNPJ<\/span><small class=\"sub-text style_italic\">Digite seu CNPJ aqui<\/small><\/label><\/div><div class=\"col-sm-12  input_container\"><input type=\"text\" name=\"cnpj\" class=\"form-control error_message the_input_element aling_left align_left required numbers_only\" data-maxlength-color=\"label label-success\" data-maxlength-position=\"bottom\" data-maxlength-show=\"false\" data-default-value=\"\" data-onfocus-color=\"#66AFE9\" data-drop-focus-swadow=\"1\" data-placement=\"bottom\" data-content=\"Obrigat\u00f3rio\" data-secondary-message=\"Digite apenas os n\u00fameros do seu CNPJ\" title=\"\" style=\"font-size: 13px;color: #5b5b5b;background: white;border-color: #dddddd\" maxlength=\"14\" data-length=\"14\" minlength=\"\" data-input-mask=\"00.000.000\/0001.00\" id=\"input__4842\" autocomplete=\"enabled\"><\/div><\/div><\/div><\/div><\/div><div class=\"form_field all_fields text common_fields\" style=\"margin-bottom: 15px\" id=\"_72662\"><div class=\"row\"><div class=\"col-sm-12\" id=\"field_container\"><div class=\"row\"><div class=\"col-sm-12 label_container align_left\"><label class=\"nf_title \" for=\"input__72662\"><span class=\"the_label\" style=\"font-size: 13px;color: #5b5b5b\">IE<\/span><small class=\"sub-text style_italic\">Digite os 9 n\u00fameros da sua IE<\/small><\/label><\/div><div class=\"col-sm-12  input_container\"><input type=\"text\" name=\"ie\" class=\"form-control error_message the_input_element aling_left align_left\" data-maxlength-color=\"label label-success\" data-maxlength-position=\"bottom\" data-maxlength-show=\"false\" data-default-value=\"\" data-onfocus-color=\"#66AFE9\" data-drop-focus-swadow=\"1\" data-placement=\"bottom\" data-content=\"Required\" data-secondary-message=\"\" title=\"\" style=\"font-size: 13px;color: #5b5b5b;background: white;border-color: #dddddd\" maxlength=\"9\" data-length=\"9\" minlength=\"9\" id=\"input__72662\" autocomplete=\"enabled\"><\/div><\/div><\/div><\/div><\/div><div class=\"form_field all_fields text common_fields required\" style=\"margin-bottom: 15px\" id=\"_37147\"><div class=\"row\"><div class=\"col-sm-12\" id=\"field_container\"><div class=\"row\"><div class=\"col-sm-12 label_container align_left\"><label class=\"nf_title \" for=\"input__37147\"><span class=\"the_label\" style=\"font-size: 13px;color: #5b5b5b\">*Endere\u00e7o<\/span><small class=\"sub-text style_italic\">Digite o endere\u00e7o completo da sua Loja ou Restaurante<\/small><\/label><\/div><div class=\"col-sm-12  input_container\"><input type=\"text\" name=\"endere\u00e7o\" class=\"form-control error_message the_input_element aling_left align_left required\" data-maxlength-color=\"label label-success\" data-maxlength-position=\"bottom\" data-maxlength-show=\"false\" data-default-value=\"\" data-onfocus-color=\"#66AFE9\" data-drop-focus-swadow=\"1\" data-placement=\"bottom\" data-content=\"Obrigat\u00f3rio\" data-secondary-message=\"\" title=\"\" style=\"font-size: 13px;color: #5b5b5b;background: white;border-color: #dddddd\" id=\"input__37147\" autocomplete=\"enabled\"><\/div><\/div><\/div><\/div><\/div><div class=\"form_field all_fields textarea common_fields\" style=\"margin-bottom: 15px\" id=\"_93130\"><div class=\"row\"><div class=\"col-sm-12\" id=\"field_container\"><div class=\"row\"><div class=\"col-sm-12 label_container align_left\"><label class=\"nf_title \" for=\"input__93130\"><span class=\"the_label\" style=\"font-size: 13px;color: #5b5b5b\">Observa\u00e7\u00f5es de entrega<\/span><\/label><\/div><div class=\"col-sm-12  input_container\"><textarea name=\"observa\u00e7\u00f5es_de_entrega\" placeholder=\"\" data-maxlength-color=\"label label-success\" data-maxlength-position=\"bottom\" data-maxlength-show=\"false\" data-default-value=\"\" class=\"error_message the_input_element textarea pre-format form-control aling_left align_left\" data-onfocus-color=\"#66AFE9\" data-drop-focus-swadow=\"1\" data-placement=\"bottom\" data-content=\"Required\" title=\"\" style=\"font-size: 13px;color: #5b5b5b;background: white;border-color: #dddddd\" id=\"input__93130\"><\/textarea><\/div><\/div><\/div><\/div><\/div><div class=\"form_field all_fields select common_fields selection_fields required\" style=\"margin-bottom: 15px\" id=\"_40498\"><div class=\"row\"><div class=\"col-sm-12\" id=\"field_container\"><div class=\"row\"><div class=\"col-sm-12 label_container align_left\"><label class=\"nf_title \" for=\"input__40498\"><span class=\"the_label\" style=\"font-size: 13px;color: #5b5b5b\">*Tipo de estabelecimento<\/span><\/label><\/div><div class=\"col-sm-12  input_container\"><select name=\"tipo_de_estabelecimento\" class=\"the_input_element error_message text pre-format form-control aling_left align_left required\" data-content=\"Obrigat\u00f3rio\" style=\"font-size: 13px;color: #5b5b5b;background: white;border-color: #dddddd\" data-default-selected-value=\"0\" data-required=\"true\" id=\"input__40498\"><option value=\"0\" selected=\"selected\">--- Selecione ---<\/option><option value=\"Restaurante\">Restaurante<\/option><option value=\"Loja F\u00edsica\">Loja F\u00edsica<\/option><option value=\"Loja Online\">Loja Online<\/option><option value=\"Loja F\u00edsica e Online\">Loja F\u00edsica e Online<\/option><option value=\"Eventos\">Eventos<\/option><\/select><\/div><\/div><\/div><\/div><\/div><div class=\"form_field all_fields email email preset_fields required has_prefix_icon\" style=\"margin-bottom: 15px\" id=\"_77555\"><div class=\"row\"><div class=\"col-sm-12\" id=\"field_container\"><div class=\"row\"><div class=\"col-sm-12 label_container align_left\"><label class=\"nf_title \" for=\"input__77555\"><span class=\"the_label\" style=\"font-size: 13px;color: #5b5b5b\">*Email<\/span><\/label><\/div><div class=\"col-sm-12  input_container\"><div class=\"input-group\"><span class=\"input-group-addon prefix \" style=\"color: #888888;background: white;border-color: #dddddd\"><span class=\"fa fas fa-envelope\" style=\"font-size: 17px\"><\/span><\/span><input type=\"text\" name=\"email\" class=\"error_message required email form-control the_input_element aling_left align_left\" data-onfocus-color=\"#66AFE9\" data-drop-focus-swadow=\"1\" data-placement=\"bottom\" data-content=\"Required\" title=\"\" data-secondary-message=\"Invalid email address\" data-text-transform=\"lc\" style=\"font-size: 13px;color: #5b5b5b;background: white;border-color: #dddddd\" id=\"input__77555\" autocomplete=\"enabled\"><\/div><\/div><\/div><\/div><\/div><\/div><div class=\"form_field all_fields phone_number phone_number preset_fields required has_prefix_icon\" style=\"margin-bottom: 15px\" id=\"_96782\"><div class=\"row\"><div class=\"col-sm-12\" id=\"field_container\"><div class=\"row\"><div class=\"col-sm-12 label_container align_left\"><label class=\"nf_title \" for=\"input__96782\"><span class=\"the_label\" style=\"font-size: 13px;color: #5b5b5b\">*Phone Number<\/span><\/label><\/div><div class=\"col-sm-12  input_container\"><div class=\"input-group\"><span class=\"input-group-addon prefix \" style=\"color: #888888;background: white;border-color: #dddddd\"><span class=\"fa fa fa-phone\" style=\"font-size: 17px\"><\/span><\/span><input type=\"text\" name=\"phone_number\" class=\"error_message required phone_number form-control the_input_element aling_left align_left\" data-onfocus-color=\"#66AFE9\" data-drop-focus-swadow=\"1\" data-placement=\"bottom\" data-content=\"Required\" title=\"\" data-secondary-message=\"Invalid phone number\" style=\"font-size: 13px;color: #5b5b5b;background: white;border-color: #dddddd\" id=\"input__96782\" autocomplete=\"enabled\"><\/div><\/div><\/div><\/div><\/div><\/div><div class=\"form_field all_fields text common_fields numbers_only\" style=\"margin-bottom: 15px\" id=\"_84757\"><div class=\"row\"><div class=\"col-sm-12\" id=\"field_container\"><div class=\"row\"><div class=\"col-sm-12 label_container align_left\"><label class=\"nf_title \" for=\"input__84757\"><span class=\"the_label\" style=\"font-size: 13px;color: #5b5b5b\">Melhor hor\u00e1rio para contato<\/span><\/label><\/div><div class=\"col-sm-12  input_container\"><input type=\"text\" name=\"melhor_hor\u00e1rio_para_contato\" class=\"form-control error_message the_input_element aling_left align_left numbers_only\" data-maxlength-color=\"label label-success\" data-maxlength-position=\"bottom\" data-maxlength-show=\"false\" data-default-value=\"\" data-onfocus-color=\"#66AFE9\" data-drop-focus-swadow=\"1\" data-placement=\"bottom\" data-content=\"Required\" data-secondary-message=\"Digite apenas numeros\" title=\"\" style=\"font-size: 13px;color: #5b5b5b;background: white;border-color: #dddddd\" data-input-mask=\"9:00\" id=\"input__84757\" autocomplete=\"enabled\"><\/div><\/div><\/div><\/div><\/div><div class=\"form_field all_fields submit-button the_submit button_fields common_fields preset_fields special_fields selection_fields\" style=\"margin-bottom: 15px;\" id=\"_85465\"><div class=\"row\"><div class=\"col-sm-12\" id=\"field_container\"><div class=\"row\"><div class=\"col-sm-12  input_container\"><button class=\"nex-submit svg_ready the_input_element btn btn-default\" data-ga=\"\">Enviar<\/button><\/div><\/div><\/div><\/div><\/div>Powered by <a href=\"https:\/\/1.envato.market\/zQ6de\">NEX-Forms<\/a><\/form><\/div><\/div><\/div><\/div><\/div><style type=\"text\/css\" class=\"nex-forms-custom-css\"><\/style>\n","protected":false},"excerpt":{"rendered":"<p>Preencha os campos abaixo que entraremos em contato com voc\u00ea para que possa ter nossos r\u00f3tulos em sua loja ou restaurante.<\/p>\n","protected":false},"author":1,"featured_media":0,"parent":0,"menu_order":0,"comment_status":"closed","ping_status":"closed","template":"","meta":{"footnotes":""},"class_list":["post-636","page","type-page","status-publish","hentry"],"_links":{"self":[{"href":"https:\/\/redvin.com.br\/red\/pt\/wp-json\/wp\/v2\/pages\/636","targetHints":{"allow":["GET"]}}],"collection":[{"href":"https:\/\/redvin.com.br\/red\/pt\/wp-json\/wp\/v2\/pages"}],"about":[{"href":"https:\/\/redvin.com.br\/red\/pt\/wp-json\/wp\/v2\/types\/page"}],"author":[{"embeddable":true,"href":"https:\/\/redvin.com.br\/red\/pt\/wp-json\/wp\/v2\/users\/1"}],"replies":[{"embeddable":true,"href":"https:\/\/redvin.com.br\/red\/pt\/wp-json\/wp\/v2\/comments?post=636"}],"version-history":[{"count":2,"href":"https:\/\/redvin.com.br\/red\/pt\/wp-json\/wp\/v2\/pages\/636\/revisions"}],"predecessor-version":[{"id":638,"href":"https:\/\/redvin.com.br\/red\/pt\/wp-json\/wp\/v2\/pages\/636\/revisions\/638"}],"wp:attachment":[{"href":"https:\/\/redvin.com.br\/red\/pt\/wp-json\/wp\/v2\/media?parent=636"}],"curies":[{"name":"wp","href":"https:\/\/api.w.org\/{rel}","templated":true}]}}