{"id":97,"date":"2024-01-11T21:27:08","date_gmt":"2024-01-11T21:27:08","guid":{"rendered":"https:\/\/redvin.com.br\/red\/?page_id=97"},"modified":"2024-02-23T15:02:29","modified_gmt":"2024-02-23T15:02:29","slug":"sobre-nos","status":"publish","type":"page","link":"https:\/\/redvin.com.br\/red\/pt\/sobre-nos\/","title":{"rendered":"Sobre n\u00f3s"},"content":{"rendered":"\t\t<div data-elementor-type=\"wp-page\" data-elementor-id=\"97\" class=\"elementor elementor-97\" data-elementor-post-type=\"page\">\n\t\t\t\t<div class=\"elementor-element elementor-element-a2a968e e-con-full e-flex e-con e-parent\" data-id=\"a2a968e\" data-element_type=\"container\">\n\t\t<div class=\"elementor-element elementor-element-e5251be e-con-full e-flex e-con e-child\" data-id=\"e5251be\" data-element_type=\"container\">\n\t\t\t\t<\/div>\n\t\t<div class=\"elementor-element elementor-element-d7726ff e-con-full e-flex e-con e-child\" data-id=\"d7726ff\" data-element_type=\"container\">\n\t\t<div class=\"elementor-element elementor-element-dc6e817 e-flex e-con-boxed e-con e-child\" data-id=\"dc6e817\" data-element_type=\"container\">\n\t\t\t\t\t<div class=\"e-con-inner\">\n\t\t\t\t\t<\/div>\n\t\t\t\t<\/div>\n\t\t<div class=\"elementor-element elementor-element-0457a58 e-flex e-con-boxed e-con e-child\" data-id=\"0457a58\" data-element_type=\"container\">\n\t\t\t\t\t<div class=\"e-con-inner\">\n\t\t\t\t\t<\/div>\n\t\t\t\t<\/div>\n\t\t<div class=\"elementor-element elementor-element-f387ac8 e-flex e-con-boxed e-con e-child\" data-id=\"f387ac8\" data-element_type=\"container\">\n\t\t\t\t\t<div class=\"e-con-inner\">\n\t\t\t\t<div class=\"elementor-element elementor-element-576520e elementor-widget elementor-widget-heading\" data-id=\"576520e\" data-element_type=\"widget\" data-widget_type=\"heading.default\">\n\t\t\t\t<div class=\"elementor-widget-container\">\n\t\t\t\t\t<h2 class=\"elementor-heading-title elementor-size-default\">Nossa Hist\u00f3ria<\/h2>\t\t\t\t<\/div>\n\t\t\t\t<\/div>\n\t\t\t\t\t<\/div>\n\t\t\t\t<\/div>\n\t\t\t\t<\/div>\n\t\t\t\t<\/div>\n\t\t<div class=\"elementor-element elementor-element-d457ab8 e-flex e-con-boxed e-con e-parent\" data-id=\"d457ab8\" data-element_type=\"container\">\n\t\t\t\t\t<div class=\"e-con-inner\">\n\t\t\t\t<div class=\"elementor-element elementor-element-ee1746d elementor-widget elementor-widget-text-editor\" data-id=\"ee1746d\" data-element_type=\"widget\" data-widget_type=\"text-editor.default\">\n\t\t\t\t<div class=\"elementor-widget-container\">\n\t\t\t\t\t\t\t\t\t<p><em>A pequena e moderna Vin\u00edcola Routhier &amp; Darricarr\u00e8re combina a tradi\u00e7\u00e3o familiar no cultivo das videiras do velho mundo, com a irrever\u00eancia do novo mundo.\u00a0<\/em><\/p><p>A cria\u00e7\u00e3o do Vinhedo Routhier &amp; Darricarr\u00e8re,\u00a0em Ros\u00e1rio do Sul, Regi\u00e3o da Campanha Ga\u00facha\u00a0\u00e9 a continuidade do trabalho desta\u00a0fam\u00edlia de origem francesa, que se dedica\u00a0h\u00e1 dez gera\u00e7\u00f5es ao cultivo de uvas e a produ\u00e7\u00e3o de vinhos.<\/p><p>Este projeto no Brasil, foi iniciado em 2002,\u00a0pelos irm\u00e3os Pierre e Jean Daniel Darricarr\u00e8re , franceses, criados no Uruguai, vieram para o Brasil na d\u00e9cada de 70 para estudar. Juntamente com o projeto de planta\u00e7\u00e3o\u00a0de frutas c\u00edtricas, plantaram 6 hectares de\u00a0videiras de Cabernet Sauvignon e Chardonnay junto ao seu s\u00f3cio canadense Michel Routhier.<\/p><p><strong>A nova fase da ReD\u00a0 &#8211; Routhier e Darricarrere<\/strong> \u00e9 marcada pela influ\u00eancia de<a href=\"https:\/\/www.linkedin.com\/in\/julio-cesar-gostisa?utm_source=share&amp;utm_campaign=share_via&amp;utm_content=profile&amp;utm_medium=ios_app\"><strong> Julio Gostisa<\/strong><\/a> que entra no projeto e colabora na cria\u00e7\u00e3o e elabora\u00e7\u00e3o de seu vinho \u00edcone, o <strong>Salamanca do Jarau<\/strong>, em conceito de terroir extremo, onde al\u00e9m da fermenta\u00e7\u00e3o ocorrer de forma espont\u00e2nea, o consumidor \u00e9 misteriosamente convidado ao imagin\u00e1rio, \u00e0 magia da lenda que se passa em Quara\u00ed, na regi\u00e3o da Campanha Ga\u00facha, ilustrado e festejado pela arte imortal de <strong>Gelson Radaelli<\/strong> no r\u00f3tulo.\u00a0<\/p>\t\t\t\t\t\t\t\t<\/div>\n\t\t\t\t<\/div>\n\t\t\t\t\t<\/div>\n\t\t\t\t<\/div>\n\t\t<div class=\"elementor-element elementor-element-0b2aeb1 e-flex e-con-boxed e-con e-parent\" data-id=\"0b2aeb1\" data-element_type=\"container\">\n\t\t\t\t\t<div class=\"e-con-inner\">\n\t\t<div class=\"elementor-element elementor-element-fc4cddb e-flex e-con-boxed e-con e-child\" data-id=\"fc4cddb\" data-element_type=\"container\">\n\t\t\t\t\t<div class=\"e-con-inner\">\n\t\t\t\t<div class=\"elementor-element elementor-element-cb212e7 elementor-widget elementor-widget-image\" data-id=\"cb212e7\" data-element_type=\"widget\" data-widget_type=\"image.default\">\n\t\t\t\t<div class=\"elementor-widget-container\">\n\t\t\t\t\t\t\t\t\t\t\t\t\t\t\t<img fetchpriority=\"high\" decoding=\"async\" width=\"768\" height=\"961\" src=\"https:\/\/redvin.com.br\/red\/wp-content\/uploads\/2024\/01\/WhatsApp-Image-2024-01-12-at-08.45.00-e1708700197802-768x961.jpeg\" class=\"attachment-medium_large size-medium_large wp-image-111\" alt=\"\" srcset=\"https:\/\/redvin.com.br\/red\/wp-content\/uploads\/2024\/01\/WhatsApp-Image-2024-01-12-at-08.45.00-e1708700197802-768x961.jpeg 768w, https:\/\/redvin.com.br\/red\/wp-content\/uploads\/2024\/01\/WhatsApp-Image-2024-01-12-at-08.45.00-e1708700197802-240x300.jpeg 240w, https:\/\/redvin.com.br\/red\/wp-content\/uploads\/2024\/01\/WhatsApp-Image-2024-01-12-at-08.45.00-e1708700197802-818x1024.jpeg 818w, https:\/\/redvin.com.br\/red\/wp-content\/uploads\/2024\/01\/WhatsApp-Image-2024-01-12-at-08.45.00-e1708700197802-10x12.jpeg 10w, https:\/\/redvin.com.br\/red\/wp-content\/uploads\/2024\/01\/WhatsApp-Image-2024-01-12-at-08.45.00-e1708700197802.jpeg 826w\" sizes=\"(max-width: 768px) 100vw, 768px\" \/>\t\t\t\t\t\t\t\t\t\t\t\t\t\t\t<\/div>\n\t\t\t\t<\/div>\n\t\t<div class=\"elementor-element elementor-element-17d98a3 e-flex e-con-boxed e-con e-child\" data-id=\"17d98a3\" data-element_type=\"container\">\n\t\t\t\t\t<div class=\"e-con-inner\">\n\t\t\t\t<div class=\"elementor-element elementor-element-2d1deb6 elementor-skin-carousel elementor-arrows-yes elementor-pagination-type-bullets elementor-pagination-position-outside elementor-widget elementor-widget-media-carousel\" data-id=\"2d1deb6\" data-element_type=\"widget\" data-settings=\"{&quot;slides_to_scroll&quot;:&quot;9&quot;,&quot;space_between&quot;:{&quot;unit&quot;:&quot;px&quot;,&quot;size&quot;:0,&quot;sizes&quot;:[]},&quot;skin&quot;:&quot;carousel&quot;,&quot;effect&quot;:&quot;slide&quot;,&quot;show_arrows&quot;:&quot;yes&quot;,&quot;pagination&quot;:&quot;bullets&quot;,&quot;speed&quot;:500,&quot;autoplay&quot;:&quot;yes&quot;,&quot;autoplay_speed&quot;:5000,&quot;loop&quot;:&quot;yes&quot;,&quot;pause_on_hover&quot;:&quot;yes&quot;,&quot;pause_on_interaction&quot;:&quot;yes&quot;,&quot;space_between_tablet&quot;:{&quot;unit&quot;:&quot;px&quot;,&quot;size&quot;:10,&quot;sizes&quot;:[]},&quot;space_between_mobile&quot;:{&quot;unit&quot;:&quot;px&quot;,&quot;size&quot;:10,&quot;sizes&quot;:[]}}\" data-widget_type=\"media-carousel.default\">\n\t\t\t\t<div class=\"elementor-widget-container\">\n\t\t\t\t\t\t\t<div class=\"elementor-swiper\">\n\t\t\t<div class=\"elementor-main-swiper swiper\">\n\t\t\t\t<div class=\"swiper-wrapper\">\n\t\t\t\t\t\t\t\t\t\t\t<div class=\"swiper-slide\">\n\t\t\t\t\t\t\t\t\t<div class=\"elementor-carousel-image\" role=\"img\" aria-label=\"Julio gostisa produtos\" style=\"background-image: url(&#039;https:\/\/redvin.com.br\/red\/wp-content\/uploads\/2024\/02\/Julio-gostisa-produtos.jpg&#039;)\">\n\n\t\t\t\n\t\t\t\t\t<\/div>\n\t\t\t\t\t\t\t\t<\/div>\n\t\t\t\t\t\t\t\t\t\t\t<div class=\"swiper-slide\">\n\t\t\t\t\t\t\t\t\t<div class=\"elementor-carousel-image\" role=\"img\" aria-label=\"Vinho Salamanca do Jarau ReD\" style=\"background-image: url(&#039;https:\/\/redvin.com.br\/red\/wp-content\/uploads\/2024\/02\/Vinho-Salamanca-do-Jarau-ReD.jpg&#039;)\">\n\n\t\t\t\n\t\t\t\t\t<\/div>\n\t\t\t\t\t\t\t\t<\/div>\n\t\t\t\t\t\t\t\t\t\t\t<div class=\"swiper-slide\">\n\t\t\t\t\t\t\t\t\t<div class=\"elementor-carousel-image\" role=\"img\" aria-label=\"\u00a92023 Nilton Santolin\" style=\"background-image: url(&#039;https:\/\/redvin.com.br\/red\/wp-content\/uploads\/2024\/02\/20240222_ReD-foto-\u00a9Nilton-Santolin_IMG_0242-scaled.jpg&#039;)\">\n\n\t\t\t\n\t\t\t\t\t<\/div>\n\t\t\t\t\t\t\t\t<\/div>\n\t\t\t\t\t\t\t\t\t\t\t<div class=\"swiper-slide\">\n\t\t\t\t\t\t\t\t\t<div class=\"elementor-carousel-image\" role=\"img\" aria-label=\"WhatsApp Image 2020-09-17 at 23.03.04\" style=\"background-image: url(&#039;https:\/\/redvin.com.br\/red\/wp-content\/uploads\/2024\/01\/WhatsApp-Image-2020-09-17-at-23.03.04.jpeg&#039;)\">\n\n\t\t\t\n\t\t\t\t\t<\/div>\n\t\t\t\t\t\t\t\t<\/div>\n\t\t\t\t\t\t\t\t\t\t\t<div class=\"swiper-slide\">\n\t\t\t\t\t\t\t\t\t<div class=\"elementor-carousel-image\" role=\"img\" aria-label=\"0a72e10e-ee1f-4ec2-ae6a-9a71c6988a1e(1)\" style=\"background-image: url(&#039;https:\/\/redvin.com.br\/red\/wp-content\/uploads\/2024\/01\/0a72e10e-ee1f-4ec2-ae6a-9a71c6988a1e1.jpg&#039;)\">\n\n\t\t\t\n\t\t\t\t\t<\/div>\n\t\t\t\t\t\t\t\t<\/div>\n\t\t\t\t\t\t\t\t\t<\/div>\n\t\t\t\t\t\t\t\t\t\t\t\t\t\t\t<div class=\"swiper-pagination\"><\/div>\n\t\t\t\t\t\t\t\t\t\t\t\t\t\t\t\t<div class=\"elementor-swiper-button elementor-swiper-button-prev\" role=\"button\" tabindex=\"0\">\n\t\t\t\t\t\t\t<svg aria-hidden=\"true\" class=\"e-font-icon-svg e-eicon-chevron-left\" viewBox=\"0 0 1000 1000\" xmlns=\"http:\/\/www.w3.org\/2000\/svg\"><path d=\"M646 125C629 125 613 133 604 142L308 442C296 454 292 471 292 487 292 504 296 521 308 533L604 854C617 867 629 875 646 875 663 875 679 871 692 858 704 846 713 829 713 812 713 796 708 779 692 767L438 487 692 225C700 217 708 204 708 187 708 171 704 154 692 142 675 129 663 125 646 125Z\"><\/path><\/svg>\t\t\t\t\t\t\t<span class=\"elementor-screen-only\">Previous<\/span>\n\t\t\t\t\t\t<\/div>\n\t\t\t\t\t\t<div class=\"elementor-swiper-button elementor-swiper-button-next\" role=\"button\" tabindex=\"0\">\n\t\t\t\t\t\t\t<svg aria-hidden=\"true\" class=\"e-font-icon-svg e-eicon-chevron-right\" viewBox=\"0 0 1000 1000\" xmlns=\"http:\/\/www.w3.org\/2000\/svg\"><path d=\"M696 533C708 521 713 504 713 487 713 471 708 454 696 446L400 146C388 133 375 125 354 125 338 125 325 129 313 142 300 154 292 171 292 187 292 204 296 221 308 233L563 492 304 771C292 783 288 800 288 817 288 833 296 850 308 863 321 871 338 875 354 875 371 875 388 867 400 854L696 533Z\"><\/path><\/svg>\t\t\t\t\t\t\t<span class=\"elementor-screen-only\">Next<\/span>\n\t\t\t\t\t\t<\/div>\n\t\t\t\t\t\t\t\t\t\t\t\t<\/div>\n\t\t<\/div>\n\t\t\t\t\t\t<\/div>\n\t\t\t\t<\/div>\n\t\t\t\t\t<\/div>\n\t\t\t\t<\/div>\n\t\t\t\t\t<\/div>\n\t\t\t\t<\/div>\n\t\t\t\t\t<\/div>\n\t\t\t\t<\/div>\n\t\t<div class=\"elementor-element elementor-element-54c5872 e-flex e-con-boxed e-con e-parent\" data-id=\"54c5872\" data-element_type=\"container\">\n\t\t\t\t\t<div class=\"e-con-inner\">\n\t\t\t\t<div class=\"elementor-element elementor-element-426d82f elementor-widget elementor-widget-text-editor\" data-id=\"426d82f\" data-element_type=\"widget\" data-widget_type=\"text-editor.default\">\n\t\t\t\t<div class=\"elementor-widget-container\">\n\t\t\t\t\t\t\t\t\t<p>Situada entre os paralelos 29\u00ba e 32\u00ba Sul, a Campanha Ga\u00facha encontra-se na mesma faixa de latitude de outras c\u00e9lebres regi\u00f5es vitivin\u00edcolas do mundo, incluindo Argentina, \u00c1frica do Sul, Nova Zel\u00e2ndia e Austr\u00e1lia. De acordo com a Embrapa Uva e Vinho, trata-se de uma \u00e1rea ensolarada, com as temperaturas mais elevadas e o menor volume de chuvas entre as regi\u00f5es produtoras do Sul do Brasil. Ao mesmo tempo, as videiras \u2013 em sua totalidade plantadas nesta regi\u00e3o em sistema de espaldeira \u2013 foram estabelecidas em plan\u00edcies com encostas de baixa declividade, o que favorece a colheita, melhora a insola\u00e7\u00e3o e facilita a produ\u00e7\u00e3o de excelentes uvas que originam grandes vinhos.\u00a0<\/p><p>Hoje trabalham juntos<strong> Patrick Darricarrere<\/strong> no vinhedo, <strong>Anthony Darricarrere<\/strong> na enologia e <a href=\"https:\/\/www.linkedin.com\/in\/julio-cesar-gostisa?utm_source=share&amp;utm_campaign=share_via&amp;utm_content=profile&amp;utm_medium=ios_app\"><strong>Julio Gostisa<\/strong><\/a> no comercial e marketing. A vin\u00edcola tem capacidade total de produ\u00e7\u00e3o de 40.000 garrafas por ano e o foco de sua produ\u00e7\u00e3o est\u00e1 em vinhos de alta qualidade.<\/p>\t\t\t\t\t\t\t\t<\/div>\n\t\t\t\t<\/div>\n\t\t\t\t\t<\/div>\n\t\t\t\t<\/div>\n\t\t\t\t<\/div>\n\t\t","protected":false},"excerpt":{"rendered":"<p>Nossa Hist\u00f3ria A pequena e moderna Vin\u00edcola Routhier &amp; Darricarr\u00e8re combina a tradi\u00e7\u00e3o familiar no cultivo das videiras do velho mundo, com a irrever\u00eancia do novo mundo.\u00a0 A cria\u00e7\u00e3o do Vinhedo Routhier &amp; Darricarr\u00e8re,\u00a0em Ros\u00e1rio do Sul, Regi\u00e3o da Campanha Ga\u00facha\u00a0\u00e9 a continuidade do trabalho desta\u00a0fam\u00edlia de origem francesa, que se dedica\u00a0h\u00e1 dez gera\u00e7\u00f5es ao [&hellip;]<\/p>\n","protected":false},"author":1,"featured_media":0,"parent":0,"menu_order":0,"comment_status":"closed","ping_status":"closed","template":"","meta":{"footnotes":""},"class_list":["post-97","page","type-page","status-publish","hentry"],"_links":{"self":[{"href":"https:\/\/redvin.com.br\/red\/pt\/wp-json\/wp\/v2\/pages\/97","targetHints":{"allow":["GET"]}}],"collection":[{"href":"https:\/\/redvin.com.br\/red\/pt\/wp-json\/wp\/v2\/pages"}],"about":[{"href":"https:\/\/redvin.com.br\/red\/pt\/wp-json\/wp\/v2\/types\/page"}],"author":[{"embeddable":true,"href":"https:\/\/redvin.com.br\/red\/pt\/wp-json\/wp\/v2\/users\/1"}],"replies":[{"embeddable":true,"href":"https:\/\/redvin.com.br\/red\/pt\/wp-json\/wp\/v2\/comments?post=97"}],"version-history":[{"count":23,"href":"https:\/\/redvin.com.br\/red\/pt\/wp-json\/wp\/v2\/pages\/97\/revisions"}],"predecessor-version":[{"id":362,"href":"https:\/\/redvin.com.br\/red\/pt\/wp-json\/wp\/v2\/pages\/97\/revisions\/362"}],"wp:attachment":[{"href":"https:\/\/redvin.com.br\/red\/pt\/wp-json\/wp\/v2\/media?parent=97"}],"curies":[{"name":"wp","href":"https:\/\/api.w.org\/{rel}","templated":true}]}}